	{"id":17026,"date":"2017-09-20T11:11:12","date_gmt":"2017-09-20T09:11:12","guid":{"rendered":"http:\/\/demowp001.stamyna.com\/catalogo\/soft-line\/"},"modified":"2023-01-25T11:04:12","modified_gmt":"2023-01-25T10:04:12","slug":"soft-range","status":"publish","type":"page","link":"https:\/\/www.krupps.com\/es\/catalogo\/soft-range\/","title":{"rendered":"SOFT range"},"content":{"rendered":"<div class=\"wpb-content-wrapper\"><p>[vc_row][vc_column]<div class=\"ult-spacer spacer-69e2112487792\" data-id=\"69e2112487792\" data-height=\"40\" data-height-mobile=\"40\" data-height-tab=\"40\" data-height-tab-portrait=\"40\" data-height-mobile-landscape=\"40\" style=\"clear:both;display:block;\"><\/div><div class=\"dt-fancy-separator title-left h1-size style-disabled\" style=\"width: 100%;\"><div class=\"dt-fancy-title\" style=\"color: #d97025;\"><span class=\"separator-holder separator-left\"><\/span>Soft range<span class=\"separator-holder separator-right\"><\/span><\/div><\/div><div class=\"ult-spacer spacer-69e21124877de\" data-id=\"69e21124877de\" data-height=\"40\" data-height-mobile=\"40\" data-height-tab=\"40\" data-height-tab-portrait=\"40\" data-height-mobile-landscape=\"40\" style=\"clear:both;display:block;\"><\/div>[vc_row_inner][vc_column_inner][vc_column_text]Los modelos de la l\u00ednea\u00a0<strong>SOFT<\/strong> est\u00e1n equipados con un <strong>descalcificador autom\u00e1tico<\/strong>\u00a0que ofrece la posibilidad de reducir con extrema eficacia la formaci\u00f3n de dep\u00f3sitos de cal. De hecho, el descalcificador es completamente\u00a0<strong>aut\u00f3nomo<\/strong>\u00a0y regula autom\u00e1ticamente sus intervalos de regeneraci\u00f3n en funci\u00f3n de la dureza del agua de entrada; usted solo debe llenar el dep\u00f3sito de sal cada vez que en la pantalla aparezca el mensaje de \u00abfalta sal\u00bb. La regeneraci\u00f3n de las resinas se realiza durante los ciclos de lavado, por lo tanto, no es necesario realizar una parada de la m\u00e1quina.<br \/>\nLa <strong>pantalla t\u00e1ctil lcd UNIKO-MID<\/strong> de vidrio templado es extremadamente fiable y garantiza excelentes prestaciones. Elegir uno de los 4 ciclos de lavado disponibles es realmente sencillo y los pr\u00e1cticos mensajes de la pantalla le permitir\u00e1n preservar la vida del lavavajillas.[\/vc_column_text][\/vc_column_inner][\/vc_row_inner]<div class=\"ult-spacer spacer-69e21124877f4\" data-id=\"69e21124877f4\" data-height=\"40\" data-height-mobile=\"40\" data-height-tab=\"40\" data-height-tab-portrait=\"40\" data-height-mobile-landscape=\"40\" style=\"clear:both;display:block;\"><\/div>[\/vc_column][\/vc_row]<\/p>\n<\/div>","protected":false},"excerpt":{"rendered":"<p>[vc_row][vc_column][vc_row_inner][vc_column_inner][vc_column_text]Los modelos de la l\u00ednea\u00a0SOFT est\u00e1n equipados con un descalcificador autom\u00e1tico\u00a0que ofrece la posibilidad de reducir con extrema eficacia la formaci\u00f3n de dep\u00f3sitos de cal. De hecho, el descalcificador es completamente\u00a0aut\u00f3nomo\u00a0y regula autom\u00e1ticamente sus intervalos de regeneraci\u00f3n en funci\u00f3n de la dureza del agua de entrada; usted solo debe llenar el dep\u00f3sito de sal cada&hellip;<\/p>\n","protected":false},"author":1,"featured_media":0,"parent":16878,"menu_order":0,"comment_status":"closed","ping_status":"closed","template":"tax-linea.php","meta":{"_acf_changed":false,"footnotes":""},"class_list":["post-17026","page","type-page","status-publish","hentry","description-off"],"acf":[],"_links":{"self":[{"href":"https:\/\/www.krupps.com\/es\/wp-json\/wp\/v2\/pages\/17026","targetHints":{"allow":["GET"]}}],"collection":[{"href":"https:\/\/www.krupps.com\/es\/wp-json\/wp\/v2\/pages"}],"about":[{"href":"https:\/\/www.krupps.com\/es\/wp-json\/wp\/v2\/types\/page"}],"author":[{"embeddable":true,"href":"https:\/\/www.krupps.com\/es\/wp-json\/wp\/v2\/users\/1"}],"replies":[{"embeddable":true,"href":"https:\/\/www.krupps.com\/es\/wp-json\/wp\/v2\/comments?post=17026"}],"version-history":[{"count":2,"href":"https:\/\/www.krupps.com\/es\/wp-json\/wp\/v2\/pages\/17026\/revisions"}],"predecessor-version":[{"id":29823,"href":"https:\/\/www.krupps.com\/es\/wp-json\/wp\/v2\/pages\/17026\/revisions\/29823"}],"up":[{"embeddable":true,"href":"https:\/\/www.krupps.com\/es\/wp-json\/wp\/v2\/pages\/16878"}],"wp:attachment":[{"href":"https:\/\/www.krupps.com\/es\/wp-json\/wp\/v2\/media?parent=17026"}],"curies":[{"name":"wp","href":"https:\/\/api.w.org\/{rel}","templated":true}]}}