	{"id":17008,"date":"2017-09-20T11:11:12","date_gmt":"2017-09-20T09:11:12","guid":{"rendered":"http:\/\/demowp001.stamyna.com\/catalogo\/koral-line\/"},"modified":"2024-02-06T15:15:42","modified_gmt":"2024-02-06T14:15:42","slug":"koral-range","status":"publish","type":"page","link":"https:\/\/www.krupps.com\/es\/catalogo\/koral-range\/","title":{"rendered":"KORAL range"},"content":{"rendered":"<div class=\"wpb-content-wrapper\"><p>[vc_row][vc_column]<div class=\"ult-spacer spacer-69e9fec9d0069\" data-id=\"69e9fec9d0069\" data-height=\"40\" data-height-mobile=\"40\" data-height-tab=\"40\" data-height-tab-portrait=\"40\" data-height-mobile-landscape=\"40\" style=\"clear:both;display:block;\"><\/div><div class=\"dt-fancy-separator title-left h1-size style-disabled\" style=\"width: 100%;\"><div class=\"dt-fancy-title\" style=\"color: #c1c31f;\"><span class=\"separator-holder separator-left\"><\/span>Koral range<span class=\"separator-holder separator-right\"><\/span><\/div><\/div><div class=\"ult-spacer spacer-69e9fec9d00bc\" data-id=\"69e9fec9d00bc\" data-height=\"40\" data-height-mobile=\"40\" data-height-tab=\"40\" data-height-tab-portrait=\"40\" data-height-mobile-landscape=\"40\" style=\"clear:both;display:block;\"><\/div>[vc_row_inner][vc_column_inner][vc_column_text]La l\u00ednea\u00a0<strong>KORAL<\/strong> se distingue por su amplia gama de modelos adecuados para cada situaci\u00f3n. El sistema de control, a trav\u00e9s de la<br \/>\ntarjeta electr\u00f3nica, ofrece grandes posibilidades de personalizaci\u00f3n en funci\u00f3n de sus necesidades, permite regular con precisi\u00f3n cualquier par\u00e1metro y asegura resultados de lavado \u00f3ptimos.<br \/>\nLa pantalla t\u00e1ctil <strong>UNIKO <\/strong>de vidrio templado es extremadamente fiable y asegura excelentes prestaciones. Elegir uno de los 4 ciclos de lavado disponibles es realmente sencillo y los pr\u00e1cticos mensajes de la pantalla le permitir\u00e1n preservar la vida del lavavajillas.[\/vc_column_text][\/vc_column_inner][\/vc_row_inner]<div class=\"ult-spacer spacer-69e9fec9d00d1\" data-id=\"69e9fec9d00d1\" data-height=\"40\" data-height-mobile=\"40\" data-height-tab=\"40\" data-height-tab-portrait=\"40\" data-height-mobile-landscape=\"40\" style=\"clear:both;display:block;\"><\/div>[\/vc_column][\/vc_row]<\/p>\n<\/div>","protected":false},"excerpt":{"rendered":"<p>[vc_row][vc_column][vc_row_inner][vc_column_inner][vc_column_text]La l\u00ednea\u00a0KORAL se distingue por su amplia gama de modelos adecuados para cada situaci\u00f3n. El sistema de control, a trav\u00e9s de la tarjeta electr\u00f3nica, ofrece grandes posibilidades de personalizaci\u00f3n en funci\u00f3n de sus necesidades, permite regular con precisi\u00f3n cualquier par\u00e1metro y asegura resultados de lavado \u00f3ptimos. La pantalla t\u00e1ctil UNIKO de vidrio templado es extremadamente&hellip;<\/p>\n","protected":false},"author":1,"featured_media":0,"parent":16878,"menu_order":0,"comment_status":"closed","ping_status":"closed","template":"tax-linea.php","meta":{"_acf_changed":false,"footnotes":""},"class_list":["post-17008","page","type-page","status-publish","hentry","description-off"],"acf":[],"_links":{"self":[{"href":"https:\/\/www.krupps.com\/es\/wp-json\/wp\/v2\/pages\/17008","targetHints":{"allow":["GET"]}}],"collection":[{"href":"https:\/\/www.krupps.com\/es\/wp-json\/wp\/v2\/pages"}],"about":[{"href":"https:\/\/www.krupps.com\/es\/wp-json\/wp\/v2\/types\/page"}],"author":[{"embeddable":true,"href":"https:\/\/www.krupps.com\/es\/wp-json\/wp\/v2\/users\/1"}],"replies":[{"embeddable":true,"href":"https:\/\/www.krupps.com\/es\/wp-json\/wp\/v2\/comments?post=17008"}],"version-history":[{"count":3,"href":"https:\/\/www.krupps.com\/es\/wp-json\/wp\/v2\/pages\/17008\/revisions"}],"predecessor-version":[{"id":32201,"href":"https:\/\/www.krupps.com\/es\/wp-json\/wp\/v2\/pages\/17008\/revisions\/32201"}],"up":[{"embeddable":true,"href":"https:\/\/www.krupps.com\/es\/wp-json\/wp\/v2\/pages\/16878"}],"wp:attachment":[{"href":"https:\/\/www.krupps.com\/es\/wp-json\/wp\/v2\/media?parent=17008"}],"curies":[{"name":"wp","href":"https:\/\/api.w.org\/{rel}","templated":true}]}}