	{"id":16988,"date":"2017-09-20T11:11:12","date_gmt":"2017-09-20T09:11:12","guid":{"rendered":"http:\/\/demowp001.stamyna.com\/catalogo\/full-line\/"},"modified":"2017-10-16T20:35:36","modified_gmt":"2017-10-16T18:35:36","slug":"full-line","status":"publish","type":"page","link":"https:\/\/www.krupps.com\/es\/catalogo\/full-line\/","title":{"rendered":"FULL line"},"content":{"rendered":"<div class=\"wpb-content-wrapper\"><p>[vc_row][vc_column]<div class=\"ult-spacer spacer-69f5889cc6bf3\" data-id=\"69f5889cc6bf3\" data-height=\"40\" data-height-mobile=\"40\" data-height-tab=\"40\" data-height-tab-portrait=\"40\" data-height-mobile-landscape=\"40\" style=\"clear:both;display:block;\"><\/div><div class=\"dt-fancy-separator title-left h1-size style-disabled\" style=\"width: 100%;\"><div class=\"dt-fancy-title\" style=\"color: #d0b038;\"><span class=\"separator-holder separator-left\"><\/span>Full line<span class=\"separator-holder separator-right\"><\/span><\/div><\/div><div class=\"ult-spacer spacer-69f5889cc6c41\" data-id=\"69f5889cc6c41\" data-height=\"40\" data-height-mobile=\"40\" data-height-tab=\"40\" data-height-tab-portrait=\"40\" data-height-mobile-landscape=\"40\" style=\"clear:both;display:block;\"><\/div>[vc_row_inner][vc_column_inner][vc_column_text]Los modelos de la l\u00ednea\u00a0<strong>FULL<\/strong> son la m\u00e1xima expresi\u00f3n de la tecnolog\u00eda \u00abMade in Krupps\u00bb, que ofrece un <strong>recambio de agua limpia total o parcial en cada ciclo de lavado<\/strong>\u00a0para obtener una higiene y un brillo nunca antes vistos. Su funcionamiento es muy sencillo, de hecho, basta con quitar el tubo de rebose para cambiar de recambio parcial a total, teniendo siempre en cuenta el ahorro. Disponible con varios accesorios, desde la versi\u00f3n con descalcificador autom\u00e1tico a la versi\u00f3n con Acquatech System que garantiza temperatura y presi\u00f3n siempre constantes, la l\u00ednea Full es la soluci\u00f3n <strong>adecuada para los clientes m\u00e1s exigentes.<\/strong><br \/>\nLa innovadora pantalla t\u00e1ctil <strong>UNIKO<\/strong> de vidrio templado hace <strong>que todas las operaciones<\/strong>, desde la elecci\u00f3n del ciclo de lavado m\u00e1s adecuado hasta el control de su avance, sean sencillas e intuitivas y brinda la posibilidad de controlar siempre y con facilidad el estado del lavavajillas. La gran variedad de ciclos de lavado hace que el lavavajillas pueda personalizarse en base a todas sus necesidades. El autodiagn\u00f3stico constante permite reducir al m\u00ednimo las paradas de la m\u00e1quina y advierte en tiempo real al t\u00e9cnico gracias al sistema de\u00a0<strong>control Wi-Fi IKLOUD<\/strong> que permite actuar de manera remota para modificar los par\u00e1metros del lavavajillas y resolver la situaci\u00f3n en tiempo real.[\/vc_column_text][\/vc_column_inner][\/vc_row_inner]<div class=\"ult-spacer spacer-69f5889cc6c57\" data-id=\"69f5889cc6c57\" data-height=\"40\" data-height-mobile=\"40\" data-height-tab=\"40\" data-height-tab-portrait=\"40\" data-height-mobile-landscape=\"40\" style=\"clear:both;display:block;\"><\/div>[\/vc_column][\/vc_row]<\/p>\n<\/div>","protected":false},"excerpt":{"rendered":"<p>[vc_row][vc_column][vc_row_inner][vc_column_inner][vc_column_text]Los modelos de la l\u00ednea\u00a0FULL son la m\u00e1xima expresi\u00f3n de la tecnolog\u00eda \u00abMade in Krupps\u00bb, que ofrece un recambio de agua limpia total o parcial en cada ciclo de lavado\u00a0para obtener una higiene y un brillo nunca antes vistos. Su funcionamiento es muy sencillo, de hecho, basta con quitar el tubo de rebose para cambiar&hellip;<\/p>\n","protected":false},"author":1,"featured_media":0,"parent":16878,"menu_order":0,"comment_status":"closed","ping_status":"closed","template":"tax-linea.php","meta":{"_acf_changed":false,"footnotes":""},"class_list":["post-16988","page","type-page","status-publish","hentry","description-off"],"acf":[],"_links":{"self":[{"href":"https:\/\/www.krupps.com\/es\/wp-json\/wp\/v2\/pages\/16988","targetHints":{"allow":["GET"]}}],"collection":[{"href":"https:\/\/www.krupps.com\/es\/wp-json\/wp\/v2\/pages"}],"about":[{"href":"https:\/\/www.krupps.com\/es\/wp-json\/wp\/v2\/types\/page"}],"author":[{"embeddable":true,"href":"https:\/\/www.krupps.com\/es\/wp-json\/wp\/v2\/users\/1"}],"replies":[{"embeddable":true,"href":"https:\/\/www.krupps.com\/es\/wp-json\/wp\/v2\/comments?post=16988"}],"version-history":[{"count":2,"href":"https:\/\/www.krupps.com\/es\/wp-json\/wp\/v2\/pages\/16988\/revisions"}],"predecessor-version":[{"id":16990,"href":"https:\/\/www.krupps.com\/es\/wp-json\/wp\/v2\/pages\/16988\/revisions\/16990"}],"up":[{"embeddable":true,"href":"https:\/\/www.krupps.com\/es\/wp-json\/wp\/v2\/pages\/16878"}],"wp:attachment":[{"href":"https:\/\/www.krupps.com\/es\/wp-json\/wp\/v2\/media?parent=16988"}],"curies":[{"name":"wp","href":"https:\/\/api.w.org\/{rel}","templated":true}]}}