	{"id":16965,"date":"2017-09-20T11:11:12","date_gmt":"2017-09-20T09:11:12","guid":{"rendered":"http:\/\/demowp001.stamyna.com\/catalogo\/evolution-line\/"},"modified":"2023-01-25T11:36:23","modified_gmt":"2023-01-25T10:36:23","slug":"evolution-range","status":"publish","type":"page","link":"https:\/\/www.krupps.com\/es\/catalogo\/evolution-range\/","title":{"rendered":"EVOLUTION range"},"content":{"rendered":"<div class=\"wpb-content-wrapper\"><p>[vc_row][vc_column]<div class=\"ult-spacer spacer-69e21125c930b\" data-id=\"69e21125c930b\" data-height=\"40\" data-height-mobile=\"40\" data-height-tab=\"40\" data-height-tab-portrait=\"40\" data-height-mobile-landscape=\"40\" style=\"clear:both;display:block;\"><\/div><div class=\"dt-fancy-separator title-left h1-size style-disabled\" style=\"width: 100%;\"><div class=\"dt-fancy-title\" style=\"color: #7d417f;\"><span class=\"separator-holder separator-left\"><\/span>Evolution range<span class=\"separator-holder separator-right\"><\/span><\/div><\/div><div class=\"ult-spacer spacer-69e21125c9368\" data-id=\"69e21125c9368\" data-height=\"40\" data-height-mobile=\"40\" data-height-tab=\"40\" data-height-tab-portrait=\"40\" data-height-mobile-landscape=\"40\" style=\"clear:both;display:block;\"><\/div>[vc_row_inner][vc_column_inner][vc_column_text]La l\u00ednea\u00a0<strong>EVOLUTION<\/strong> ha sido dise\u00f1ada para satisfacer las necesidades de cada cliente gracias a los diferentes accesorios que se pueden instalar; logra combinar <strong>grandes cargas de trabajo y optimiza los espacios<\/strong>\u00a0a disposici\u00f3n, lo que simplifica el trabajo del operador y reduce los consumos. Los modelos de esta l\u00ednea est\u00e1n equipados con un\u00a0<strong>doble sistema de filtraci\u00f3n<\/strong> que retiene todos los residuos, y cuentan con bombas de lavado verticales y brazos de lavado de acero inoxidable que garantizan <strong>elevadas prestaciones<\/strong>. Evolution tambi\u00e9n est\u00e1 equipada con\u00a0<strong>puertas compensadas con doble pared<\/strong> y sistema antica\u00eddas y con <strong>tanques moldeados y redondeados.<\/strong>[\/vc_column_text][\/vc_column_inner][\/vc_row_inner]<div class=\"ult-spacer spacer-69e21125c937e\" data-id=\"69e21125c937e\" data-height=\"40\" data-height-mobile=\"40\" data-height-tab=\"40\" data-height-tab-portrait=\"40\" data-height-mobile-landscape=\"40\" style=\"clear:both;display:block;\"><\/div>[\/vc_column][\/vc_row]<\/p>\n<\/div>","protected":false},"excerpt":{"rendered":"<p>[vc_row][vc_column][vc_row_inner][vc_column_inner][vc_column_text]La l\u00ednea\u00a0EVOLUTION ha sido dise\u00f1ada para satisfacer las necesidades de cada cliente gracias a los diferentes accesorios que se pueden instalar; logra combinar grandes cargas de trabajo y optimiza los espacios\u00a0a disposici\u00f3n, lo que simplifica el trabajo del operador y reduce los consumos. Los modelos de esta l\u00ednea est\u00e1n equipados con un\u00a0doble sistema de filtraci\u00f3n&hellip;<\/p>\n","protected":false},"author":1,"featured_media":0,"parent":16878,"menu_order":0,"comment_status":"closed","ping_status":"closed","template":"tax-linea.php","meta":{"_acf_changed":false,"footnotes":""},"class_list":["post-16965","page","type-page","status-publish","hentry","description-off"],"acf":[],"_links":{"self":[{"href":"https:\/\/www.krupps.com\/es\/wp-json\/wp\/v2\/pages\/16965","targetHints":{"allow":["GET"]}}],"collection":[{"href":"https:\/\/www.krupps.com\/es\/wp-json\/wp\/v2\/pages"}],"about":[{"href":"https:\/\/www.krupps.com\/es\/wp-json\/wp\/v2\/types\/page"}],"author":[{"embeddable":true,"href":"https:\/\/www.krupps.com\/es\/wp-json\/wp\/v2\/users\/1"}],"replies":[{"embeddable":true,"href":"https:\/\/www.krupps.com\/es\/wp-json\/wp\/v2\/comments?post=16965"}],"version-history":[{"count":2,"href":"https:\/\/www.krupps.com\/es\/wp-json\/wp\/v2\/pages\/16965\/revisions"}],"predecessor-version":[{"id":29847,"href":"https:\/\/www.krupps.com\/es\/wp-json\/wp\/v2\/pages\/16965\/revisions\/29847"}],"up":[{"embeddable":true,"href":"https:\/\/www.krupps.com\/es\/wp-json\/wp\/v2\/pages\/16878"}],"wp:attachment":[{"href":"https:\/\/www.krupps.com\/es\/wp-json\/wp\/v2\/media?parent=16965"}],"curies":[{"name":"wp","href":"https:\/\/api.w.org\/{rel}","templated":true}]}}