	{"id":16060,"date":"2017-09-05T17:32:21","date_gmt":"2017-09-05T15:32:21","guid":{"rendered":"http:\/\/demowp001.stamyna.com\/?page_id=16060\/"},"modified":"2022-01-04T14:33:58","modified_gmt":"2022-01-04T13:33:58","slug":"uniko-ikloud","status":"publish","type":"page","link":"https:\/\/www.krupps.com\/es\/uniko-ikloud\/","title":{"rendered":"UNIKO &amp; IKLOUD"},"content":{"rendered":"<div class=\"wpb-content-wrapper\"><p>[vc_row 0=\u00bb\u00bb][vc_column]<div class=\"ult-spacer spacer-69f75691456d8\" data-id=\"69f75691456d8\" data-height=\"40\" data-height-mobile=\"20\" data-height-tab=\"40\" data-height-tab-portrait=\"40\" data-height-mobile-landscape=\"20\" style=\"clear:both;display:block;\"><\/div><div class=\"dt-fancy-separator title-left h1-size style-disabled\" style=\"width: 100%;\"><div class=\"dt-fancy-title\" style=\"color: #ffbf00;\"><span class=\"separator-holder separator-left\"><\/span>UNIKO &amp; IKLOUD<span class=\"separator-holder separator-right\"><\/span><\/div><\/div><div class=\"ult-spacer spacer-69f7569145744\" data-id=\"69f7569145744\" data-height=\"40\" data-height-mobile=\"20\" data-height-tab=\"40\" data-height-tab-portrait=\"40\" data-height-mobile-landscape=\"20\" style=\"clear:both;display:block;\"><\/div>[\/vc_column][\/vc_row][vc_row 0=\u00bb\u00bb][vc_column width=\u00bb2\/3&#8243;][vc_column_text 0=\u00bb\u00bb]<strong>UNIKO &amp; IKLOUD<\/strong> son las dos tecnolog\u00edas que est\u00e1n cambiando el mundo del lavado de vajilla profesional, redefiniendo los sistemas de lavado de vajilla profesional dentro de un mundo en constante evoluci\u00f3n. Su combinaci\u00f3n da lugar a un nuevo concepto en la cocina, donde el lavavajillas se convierte en un protagonista indiscutible, capaz de realzar los platos preparados por la brigada pero tambi\u00e9n de comunicarse con el Servicio de Asistencia T\u00e9cnica para garantizar un resultado de lavado impecable.<\/p>\n<p>&nbsp;<\/p>\n<h3>Descubre <strong>UNIKO<\/strong>, la pantalla t\u00e1ctil de \u00faltima generaci\u00f3n<\/h3>\n<p>&nbsp;<\/p>\n<p>La nueva pantalla t\u00e1ctil en vidrio temperado de \u00faltima generaci\u00f3n ha sido proyectada seg\u00fan las necesidades del hostelero. Elegante y refinada, su grafica user-friendly, muy clara y visible, encanta al primer vistazo. El pr\u00e1ctico bot\u00f3n de encendido Start cambia de color siguiendo el estado del lavavajillas mientras que un reloj ense\u00f1a el avance del ciclo. Para satisfacer las exigencias de cada cliente se han introducido diferentes ciclos de lavado representados por pr\u00e1cticos iconos que identifican el programa seg\u00fan las vajillas que lavar. As\u00ed ya no hace falta invertir tiempo en la formaci\u00f3n del personal y se garantizan lavados impecables solo seleccionando un icono. La funci\u00f3n auto-diagnosis constante permite reducir a lo m\u00ednimo los bloqueos de la maquina ya sugiri\u00e9ndoos algunas simples acciones que llevar a cabo y enviando directamente al t\u00e9cnico un mensaje (para utilizar la funci\u00f3n esta la maquina tiene que ser conectada al iKloud). Garantizar resultados excelente es nuestro objetivo, por eso el lavavajillas os informa de cuando es necesario proceder con los controles de mantenimiento programados.[\/vc_column_text]<div class=\"ult-spacer spacer-69f756914575e\" data-id=\"69f756914575e\" data-height=\"40\" data-height-mobile=\"20\" data-height-tab=\"40\" data-height-tab-portrait=\"40\" data-height-mobile-landscape=\"20\" style=\"clear:both;display:block;\"><\/div>[vc_single_image image=\u00bb17588&#8243; img_size=\u00bblarge\u00bb][\/vc_column][vc_column width=\u00bb1\/3&#8243;]<div class=\"ult-spacer spacer-69f7569145773\" data-id=\"69f7569145773\" data-height=\"40\" data-height-mobile=\"20\" data-height-tab=\"40\" data-height-tab-portrait=\"40\" data-height-mobile-landscape=\"20\" style=\"clear:both;display:block;\"><\/div><div class=\"dt-fancy-separator title-color accent-border-color\" style=\"width: 100%;\"><div class=\"dt-fancy-title\"><span class=\"separator-holder separator-left\"><\/span>Descubre los 20 cliclos seleccionables:<span class=\"separator-holder separator-right\"><\/span><\/div><\/div><div class=\"ult-spacer spacer-69f756914579f\" data-id=\"69f756914579f\" data-height=\"100\" data-height-mobile=\"50\" data-height-tab=\"100\" data-height-tab-portrait=\"50\" data-height-mobile-landscape=\"50\" style=\"clear:both;display:block;\"><\/div><div id=\"ult-carousel-398405726269f75691458df\" class=\"ult-carousel-wrapper   ult_horizontal\" data-gutter=\"15\" data-rtl=\"false\" ><div class=\"ult-carousel-373229597469f75691457df \" >[vc_single_image image=\u00bb16822&#8243; img_size=\u00bb\u00bb alignment=\u00bbcenter\u00bb image_hovers=\u00bbfalse\u00bb][vc_single_image image=\u00bb16823&#8243; img_size=\u00bb\u00bb alignment=\u00bbcenter\u00bb][vc_single_image image=\u00bb16827&#8243; img_size=\u00bb\u00bb alignment=\u00bbcenter\u00bb][vc_single_image image=\u00bb16828&#8243; img_size=\u00bb\u00bb alignment=\u00bbcenter\u00bb][vc_single_image image=\u00bb16829&#8243; img_size=\u00bb\u00bb alignment=\u00bbcenter\u00bb][vc_single_image image=\u00bb16830&#8243; img_size=\u00bb\u00bb alignment=\u00bbcenter\u00bb][vc_single_image image=\u00bb16831&#8243; img_size=\u00bb\u00bb alignment=\u00bbcenter\u00bb][vc_single_image image=\u00bb16833&#8243; img_size=\u00bb\u00bb alignment=\u00bbcenter\u00bb][vc_single_image image=\u00bb16834&#8243; img_size=\u00bb\u00bb alignment=\u00bbcenter\u00bb][vc_single_image image=\u00bb16835&#8243; img_size=\u00bb\u00bb alignment=\u00bbcenter\u00bb][vc_single_image image=\u00bb16837&#8243; img_size=\u00bb\u00bb alignment=\u00bbcenter\u00bb][vc_single_image image=\u00bb16839&#8243; img_size=\u00bb\u00bb alignment=\u00bbcenter\u00bb][vc_single_image image=\u00bb16840&#8243; img_size=\u00bb\u00bb alignment=\u00bbcenter\u00bb][vc_single_image image=\u00bb16841&#8243; img_size=\u00bb\u00bb alignment=\u00bbcenter\u00bb][vc_single_image image=\u00bb16842&#8243; img_size=\u00bb\u00bb alignment=\u00bbcenter\u00bb][vc_single_image image=\u00bb16843&#8243; img_size=\u00bb\u00bb alignment=\u00bbcenter\u00bb][vc_single_image image=\u00bb16844&#8243; img_size=\u00bb\u00bb alignment=\u00bbcenter\u00bb][vc_single_image image=\u00bb16845&#8243; img_size=\u00bb\u00bb alignment=\u00bbcenter\u00bb]<\/div><\/div>\t\t\t<script type=\"text\/javascript\">\n\t\t\t\tjQuery(document).ready(function ($) {\n\t\t\t\t\tif( typeof jQuery('.ult-carousel-373229597469f75691457df').slick == \"function\"){\n\t\t\t\t\t\t$('.ult-carousel-373229597469f75691457df').slick({dots: false,autoplay: true,autoplaySpeed: \"2000\",speed: \"300\",infinite: true,arrows: true,nextArrow: '<button type=\"button\" role=\"button\" aria-label=\"Next\" style=\"color:#333333; font-size:20px;\" class=\"slick-next default\"><i class=\"ultsl-arrow-right4\"><\/i><\/button>',prevArrow: '<button type=\"button\" role=\"button\" aria-label=\"Previous\" style=\"color:#333333; font-size:20px;\" class=\"slick-prev default\"><i class=\"ultsl-arrow-left4\"><\/i><\/button>',slidesToScroll:1,slidesToShow:1,swipe: true,draggable: true,touchMove: true,pauseOnHover: true,pauseOnFocus: false,responsive: [\n\t\t\t\t\t\t\t{\n\t\t\t\t\t\t\t  breakpoint: 1026,\n\t\t\t\t\t\t\t  settings: {\n\t\t\t\t\t\t\t\tslidesToShow: 1,\n\t\t\t\t\t\t\t\tslidesToScroll: 1,  \n\t\t\t\t\t\t\t  }\n\t\t\t\t\t\t\t},\n\t\t\t\t\t\t\t{\n\t\t\t\t\t\t\t  breakpoint: 1025,\n\t\t\t\t\t\t\t  settings: {\n\t\t\t\t\t\t\t\tslidesToShow: 1,\n\t\t\t\t\t\t\t\tslidesToScroll: 1\n\t\t\t\t\t\t\t  }\n\t\t\t\t\t\t\t},\n\t\t\t\t\t\t\t{\n\t\t\t\t\t\t\t  breakpoint: 760,\n\t\t\t\t\t\t\t  settings: {\n\t\t\t\t\t\t\t\tslidesToShow: 1,\n\t\t\t\t\t\t\t\tslidesToScroll: 1\n\t\t\t\t\t\t\t  }\n\t\t\t\t\t\t\t}\n\t\t\t\t\t\t],pauseOnDotsHover: true,customPaging: function(slider, i) {\n                   return '<i type=\"button\" style= \"color:#333333;\" class=\"ultsl-record\" data-role=\"none\"><\/i>';\n                },});\n\t\t\t\t\t}\n\t\t\t\t});\n\t\t\t<\/script>\n\t\t\t[\/vc_column][\/vc_row][vc_row 0=\u00bb\u00bb][vc_column width=\u00bb2\/3&#8243;][vc_column_text 0=\u00bb\u00bb]<\/p>\n<h3><strong>Se llama futuro, se escribe iKloud<\/strong><\/h3>\n<p>\u00bfPor qu\u00e9 un hostelero tendr\u00eda que elegir iKloud? Para mejorar la eficiencia de su propio bar\/restaurante e incrementar la satisfacci\u00f3n de sus clientes.<\/p>\n<p>Gracias a iKloud siempre estas conectado a tu lavavajillas para optimizar los consumos \u2013 especialmente la veces que lo se olvida encendido entre un servicio y el siguiente \u2013 y averiguar su estado de actividad.\u00a0 Al mismo timpo el t\u00e9cnico tambi\u00e9n est\u00e1 conectado en directo con la posibilidad de modificar los par\u00e1metros del lavavajillas enseguida, seg\u00fan vuestra exigencias, ofreciendo as\u00ed un servicio impecable. Gracias a iKloud el tecnico puede acceder de remoto a la m\u00e1quina y efectuar cualquier operaci\u00f3n de modificaci\u00f3n que har\u00eda normalmente poni\u00e9ndose en frente de la m\u00e1quina.<\/p>\n<p>&nbsp;<\/p>\n<p>\u00a1\u00c9chale un vistazo al video de presentaci\u00f3n y\u00a0<a href=\"https:\/\/www.krupps.com\/wp-content\/uploads\/2022\/01\/2020-05-29-KRUPPS-IKLOUD_EN_web.pdf\" target=\"_blank\" rel=\"noopener noreferrer\">haz clic aqu\u00ec<\/a>\u00a0para ver la brochure<\/p>\n<h3><\/h3>\n<p>[\/vc_column_text][\/vc_column][vc_column width=\u00bb1\/3&#8243;][vc_single_image image=\u00bb16066&#8243; img_size=\u00bb200&#215;144&#8243; alignment=\u00bbcenter\u00bb css=\u00bb.vc_custom_1508073141771{margin-top: 0px !important;margin-right: 0px !important;margin-bottom: 0px !important;margin-left: 0px !important;padding-top: 0px !important;padding-right: 0px !important;padding-bottom: 0px !important;padding-left: 0px !important;}\u00bb][\/vc_column][\/vc_row][vc_row 0=\u00bb\u00bb][vc_column 0=\u00bb\u00bb]<div class=\"ult-spacer spacer-69f7569145946\" data-id=\"69f7569145946\" data-height=\"30\" data-height-mobile=\"20\" data-height-tab=\"30\" data-height-tab-portrait=\"30\" data-height-mobile-landscape=\"20\" style=\"clear:both;display:block;\"><\/div>[vc_row_inner 0=\u00bb\u00bb][vc_column_inner 0=\u00bb\u00bb][vc_column_text 0=\u00bb\u00bb]<strong>Es tiempo de innovaci\u00f3n, es tiempo de iKloud<\/strong>[\/vc_column_text][\/vc_column_inner][\/vc_row_inner][vc_video link=\u00bbhttps:\/\/www.youtube.com\/watch?v=TUJbFTuwdjs\u00bb]<div class=\"ult-spacer spacer-69f756914595d\" data-id=\"69f756914595d\" data-height=\"30\" data-height-mobile=\"20\" data-height-tab=\"30\" data-height-tab-portrait=\"30\" data-height-mobile-landscape=\"20\" style=\"clear:both;display:block;\"><\/div>[vc_column_text]<strong>IKLOUD: el mejor servicio para su lavavajillas profesional<\/strong>[\/vc_column_text][vc_video link=\u00bbhttps:\/\/www.youtube.com\/watch?v=-d27MBtWgOg\u00bb][\/vc_column][\/vc_row]<\/p>\n<\/div>","protected":false},"excerpt":{"rendered":"<p>[vc_row 0=\u00bb\u00bb][vc_column][\/vc_column][\/vc_row][vc_row 0=\u00bb\u00bb][vc_column width=\u00bb2\/3&#8243;][vc_column_text 0=\u00bb\u00bb]UNIKO &amp; IKLOUD son las dos tecnolog\u00edas que est\u00e1n cambiando el mundo del lavado de vajilla profesional, redefiniendo los sistemas de lavado de vajilla profesional dentro de un mundo en constante evoluci\u00f3n. Su combinaci\u00f3n da lugar a un nuevo concepto en la cocina, donde el lavavajillas se convierte en un protagonista&hellip;<\/p>\n","protected":false},"author":3,"featured_media":0,"parent":0,"menu_order":3,"comment_status":"closed","ping_status":"closed","template":"","meta":{"_acf_changed":false,"footnotes":""},"class_list":["post-16060","page","type-page","status-publish","hentry","description-off"],"acf":[],"_links":{"self":[{"href":"https:\/\/www.krupps.com\/es\/wp-json\/wp\/v2\/pages\/16060","targetHints":{"allow":["GET"]}}],"collection":[{"href":"https:\/\/www.krupps.com\/es\/wp-json\/wp\/v2\/pages"}],"about":[{"href":"https:\/\/www.krupps.com\/es\/wp-json\/wp\/v2\/types\/page"}],"author":[{"embeddable":true,"href":"https:\/\/www.krupps.com\/es\/wp-json\/wp\/v2\/users\/3"}],"replies":[{"embeddable":true,"href":"https:\/\/www.krupps.com\/es\/wp-json\/wp\/v2\/comments?post=16060"}],"version-history":[{"count":6,"href":"https:\/\/www.krupps.com\/es\/wp-json\/wp\/v2\/pages\/16060\/revisions"}],"predecessor-version":[{"id":26778,"href":"https:\/\/www.krupps.com\/es\/wp-json\/wp\/v2\/pages\/16060\/revisions\/26778"}],"wp:attachment":[{"href":"https:\/\/www.krupps.com\/es\/wp-json\/wp\/v2\/media?parent=16060"}],"curies":[{"name":"wp","href":"https:\/\/api.w.org\/{rel}","templated":true}]}}