	{"id":16050,"date":"2017-09-13T09:26:04","date_gmt":"2017-09-13T07:26:04","guid":{"rendered":"http:\/\/demowp001.stamyna.com\/?page_id=16050\/"},"modified":"2018-09-10T10:54:58","modified_gmt":"2018-09-10T08:54:58","slug":"documentacion","status":"publish","type":"page","link":"https:\/\/www.krupps.com\/es\/documentacion\/","title":{"rendered":"Documentaci\u00f3n"},"content":{"rendered":"<h3>En esta secci\u00f3n puede encontrar toda la informaci\u00f3n que necesita sobre los productos KRUPPS.<\/h3>\n<h4>Explore el men\u00fa a la izquierda y seleccione la categor\u00eda que le interesa.<\/h4>\n","protected":false},"excerpt":{"rendered":"<p>En esta secci\u00f3n puede encontrar toda la informaci\u00f3n que necesita sobre los productos KRUPPS. Explore el men\u00fa a la izquierda y seleccione la categor\u00eda que le interesa.<\/p>\n","protected":false},"author":1,"featured_media":0,"parent":0,"menu_order":0,"comment_status":"closed","ping_status":"closed","template":"page-documentazione.php","meta":{"_acf_changed":false,"footnotes":""},"class_list":["post-16050","page","type-page","status-publish","hentry","description-off"],"acf":[],"_links":{"self":[{"href":"https:\/\/www.krupps.com\/es\/wp-json\/wp\/v2\/pages\/16050","targetHints":{"allow":["GET"]}}],"collection":[{"href":"https:\/\/www.krupps.com\/es\/wp-json\/wp\/v2\/pages"}],"about":[{"href":"https:\/\/www.krupps.com\/es\/wp-json\/wp\/v2\/types\/page"}],"author":[{"embeddable":true,"href":"https:\/\/www.krupps.com\/es\/wp-json\/wp\/v2\/users\/1"}],"replies":[{"embeddable":true,"href":"https:\/\/www.krupps.com\/es\/wp-json\/wp\/v2\/comments?post=16050"}],"version-history":[{"count":4,"href":"https:\/\/www.krupps.com\/es\/wp-json\/wp\/v2\/pages\/16050\/revisions"}],"predecessor-version":[{"id":20754,"href":"https:\/\/www.krupps.com\/es\/wp-json\/wp\/v2\/pages\/16050\/revisions\/20754"}],"wp:attachment":[{"href":"https:\/\/www.krupps.com\/es\/wp-json\/wp\/v2\/media?parent=16050"}],"curies":[{"name":"wp","href":"https:\/\/api.w.org\/{rel}","templated":true}]}}