	{"id":15880,"date":"2017-09-07T11:15:52","date_gmt":"2017-09-07T09:15:52","guid":{"rendered":"http:\/\/demowp001.stamyna.com\/?page_id=15880\/"},"modified":"2025-10-27T11:33:24","modified_gmt":"2025-10-27T10:33:24","slug":"privacy-policies","status":"publish","type":"page","link":"https:\/\/www.krupps.com\/es\/privacy-policies\/","title":{"rendered":"Privacy policies"},"content":{"rendered":"<div class=\"wpb-content-wrapper\"><p>[vc_row][vc_column]<div class=\"ult-spacer spacer-69ee87e5b4498\" data-id=\"69ee87e5b4498\" data-height=\"40\" data-height-mobile=\"20\" data-height-tab=\"40\" data-height-tab-portrait=\"40\" data-height-mobile-landscape=\"20\" style=\"clear:both;display:block;\"><\/div><div class=\"dt-fancy-separator title-left h1-size style-disabled\" style=\"width: 100%;\"><div class=\"dt-fancy-title\" style=\"color: #1dc5f3;\"><span class=\"separator-holder separator-left\"><\/span>Privacy policies<span class=\"separator-holder separator-right\"><\/span><\/div><\/div>[vc_empty_space height=\u00bb44px\u00bb][vc_column_text css=\u00bb\u00bb]<strong>La protecci\u00f3n de los datos personales de nuestros usuarios es importante para nosotros. Queremos garantizarte transparencia y seguridad en la gesti\u00f3n de la informaci\u00f3n que compartes. En esta secci\u00f3n, encontrar\u00e1s toda la informaci\u00f3n sobre c\u00f3mo recopilamos, utilizamos y protegemos tus datos.<\/strong>[\/vc_column_text][\/vc_column][\/vc_row][vc_row][vc_column]<span id=\"creative-link-wrap-7951\" class=\"ult_main_cl ult-adjust-bottom-margin  \" >\n\t \t\t\t<span class=\"ult_cl_link_1  ult_crlink\" >\n\t\t\t\t\t<a  data-ultimate-target='#creative-link-wrap-7951 .ult_colorlink'  data-responsive-json-new='{\"font-size\":\"desktop:18px;\",\"line-height\":\"\"}'  href=\"https:\/\/www.krupps.com\/es\/privacy-policies\/informativa-al-trattamento-dei-dati-personali-dellutente\/\" title=\"Information on the Processing of Personal Data of the User\" target=\"_blank\" rel=\"noopener\"  class=\"ult_colorlink ult-responsive \" style=\"float:left;font-weight:normal;color:#333333; \"  data-textcolor=\"#333333\" data-texthover=\"#333333\"data-style=\"Style_1\">\n\t\t\t\t\t\t\n\t\t\t\t\t\t<span data-hover=\"Informaci\u00f3n sobre el tratamiento de los datos personales del usuario\" style=\"color:#333333;;;\" class=\"ult_btn10_span   \">Informaci\u00f3n sobre el tratamiento de los datos personales del usuario<\/span>\n\t\t\t\t\t\t\n\t\t\t\t\t<\/a>\n\t\t\t\t<\/span>\n\t\t\t<\/span><div class=\"ult-spacer spacer-69ee87e5b453a\" data-id=\"69ee87e5b453a\" data-height=\"40\" data-height-mobile=\"20\" data-height-tab=\"40\" data-height-tab-portrait=\"40\" data-height-mobile-landscape=\"20\" style=\"clear:both;display:block;\"><\/div><span id=\"creative-link-wrap-2929\" class=\"ult_main_cl ult-adjust-bottom-margin  \" >\n\t \t\t\t<span class=\"ult_cl_link_1  ult_crlink\" >\n\t\t\t\t\t<a  data-ultimate-target='#creative-link-wrap-2929 .ult_colorlink'  data-responsive-json-new='{\"font-size\":\"desktop:18px;\",\"line-height\":\"\"}'  href=\"https:\/\/www.krupps.com\/es\/privacy-policies\/informativa-fornitori\/\" title=\"Privacy Policy for Suppliers\" target=\"_blank\" rel=\"noopener\"  class=\"ult_colorlink ult-responsive \" style=\"float:left;font-weight:normal;color:#333333; \"  data-textcolor=\"#333333\" data-texthover=\"#333333\"data-style=\"Style_1\">\n\t\t\t\t\t\t\n\t\t\t\t\t\t<span data-hover=\"Informaci\u00f3n para proveedores\" style=\"color:#333333;;;\" class=\"ult_btn10_span   \">Informaci\u00f3n para proveedores<\/span>\n\t\t\t\t\t\t\n\t\t\t\t\t<\/a>\n\t\t\t\t<\/span>\n\t\t\t<\/span><div class=\"ult-spacer spacer-69ee87e5b4571\" data-id=\"69ee87e5b4571\" data-height=\"40\" data-height-mobile=\"20\" data-height-tab=\"40\" data-height-tab-portrait=\"40\" data-height-mobile-landscape=\"20\" style=\"clear:both;display:block;\"><\/div><span id=\"creative-link-wrap-2445\" class=\"ult_main_cl ult-adjust-bottom-margin  \" >\n\t \t\t\t<span class=\"ult_cl_link_1  ult_crlink\" >\n\t\t\t\t\t<a  data-ultimate-target='#creative-link-wrap-2445 .ult_colorlink'  data-responsive-json-new='{\"font-size\":\"desktop:18px;\",\"line-height\":\"\"}'  href=\"https:\/\/www.krupps.com\/es\/privacy-policies\/privacy-policy-for-customers-and-potential-customers\/\" title=\"Privacy Policy for Customers and Potential Customers\" target=\"_blank\" rel=\"noopener\"  class=\"ult_colorlink ult-responsive \" style=\"float:left;font-weight:normal;color:#333333; \"  data-textcolor=\"#333333\" data-texthover=\"#333333\"data-style=\"Style_1\">\n\t\t\t\t\t\t\n\t\t\t\t\t\t<span data-hover=\"Informaci\u00f3n para clientes y posibles clientes\" style=\"color:#333333;;;\" class=\"ult_btn10_span   \">Informaci\u00f3n para clientes y posibles clientes<\/span>\n\t\t\t\t\t\t\n\t\t\t\t\t<\/a>\n\t\t\t\t<\/span>\n\t\t\t<\/span><div class=\"ult-spacer spacer-69ee87e5b45a4\" data-id=\"69ee87e5b45a4\" data-height=\"40\" data-height-mobile=\"20\" data-height-tab=\"40\" data-height-tab-portrait=\"40\" data-height-mobile-landscape=\"20\" style=\"clear:both;display:block;\"><\/div><span id=\"creative-link-wrap-7333\" class=\"ult_main_cl ult-adjust-bottom-margin  \" >\n\t \t\t\t<span class=\"ult_cl_link_1  ult_crlink\" >\n\t\t\t\t\t<a  data-ultimate-target='#creative-link-wrap-7333 .ult_colorlink'  data-responsive-json-new='{\"font-size\":\"desktop:18px;\",\"line-height\":\"\"}'  href=\"https:\/\/www.krupps.com\/es\/cookie-policy-2\/\" title=\"Cookie Policy and Third Party Services\" target=\"_blank\" rel=\"noopener\"  class=\"ult_colorlink ult-responsive \" style=\"float:left;font-weight:normal;color:#333333; \"  data-textcolor=\"#333333\" data-texthover=\"#333333\"data-style=\"Style_1\">\n\t\t\t\t\t\t\n\t\t\t\t\t\t<span data-hover=\"Pol\u00edtica de cookies y servicios de terceros\" style=\"color:#333333;;;\" class=\"ult_btn10_span   \">Pol\u00edtica de cookies y servicios de terceros<\/span>\n\t\t\t\t\t\t\n\t\t\t\t\t<\/a>\n\t\t\t\t<\/span>\n\t\t\t<\/span><div class=\"ult-spacer spacer-69ee87e5b45d4\" data-id=\"69ee87e5b45d4\" data-height=\"40\" data-height-mobile=\"20\" data-height-tab=\"40\" data-height-tab-portrait=\"40\" data-height-mobile-landscape=\"20\" style=\"clear:both;display:block;\"><\/div><span id=\"creative-link-wrap-6240\" class=\"ult_main_cl ult-adjust-bottom-margin  \" >\n\t \t\t\t<span class=\"ult_cl_link_1  ult_crlink\" >\n\t\t\t\t\t<a  data-ultimate-target='#creative-link-wrap-6240 .ult_colorlink'  data-responsive-json-new='{\"font-size\":\"desktop:18px;\",\"line-height\":\"\"}'  href=\"https:\/\/www.krupps.com\/en\/privacy-policies\/privacy-policy-for-applicants\/\" title=\"Privacy Policy for Applicants\" target=\"_blank\" rel=\"noopener\"  class=\"ult_colorlink ult-responsive \" style=\"float:left;font-weight:normal;color:#333333; \"  data-textcolor=\"#333333\" data-texthover=\"#333333\"data-style=\"Style_1\">\n\t\t\t\t\t\t\n\t\t\t\t\t\t<span data-hover=\"Informaci\u00f3n para candidatos\" style=\"color:#333333;;;\" class=\"ult_btn10_span   \">Informaci\u00f3n para candidatos<\/span>\n\t\t\t\t\t\t\n\t\t\t\t\t<\/a>\n\t\t\t\t<\/span>\n\t\t\t<\/span><div class=\"ult-spacer spacer-69ee87e5b4611\" data-id=\"69ee87e5b4611\" data-height=\"40\" data-height-mobile=\"20\" data-height-tab=\"40\" data-height-tab-portrait=\"40\" data-height-mobile-landscape=\"20\" style=\"clear:both;display:block;\"><\/div><span id=\"creative-link-wrap-4296\" class=\"ult_main_cl ult-adjust-bottom-margin  \" >\n\t \t\t\t<span class=\"ult_cl_link_1  ult_crlink\" >\n\t\t\t\t\t<a  data-ultimate-target='#creative-link-wrap-4296 .ult_colorlink'  data-responsive-json-new='{\"font-size\":\"desktop:18px;\",\"line-height\":\"\"}'  href=\"https:\/\/www.krupps.com\/es\/informacion-sobre-el-tratamiento-de-datos-personales\/\" title=\"Aviso de privacidad \u2013 Eventos\" target=\"_blank\" rel=\"noopener\"  class=\"ult_colorlink ult-responsive \" style=\"float:left;font-weight:normal;color:#333333; \"  data-textcolor=\"#333333\" data-texthover=\"#333333\"data-style=\"Style_1\">\n\t\t\t\t\t\t\n\t\t\t\t\t\t<span data-hover=\"Aviso de privacidad \u2013 Eventos\" style=\"color:#333333;;;\" class=\"ult_btn10_span   \">Aviso de privacidad \u2013 Eventos<\/span>\n\t\t\t\t\t\t\n\t\t\t\t\t<\/a>\n\t\t\t\t<\/span>\n\t\t\t<\/span>[vc_empty_space height=\u00bb44px\u00bb][\/vc_column][\/vc_row][vc_row][vc_column]<div class=\"ult-spacer spacer-69ee87e5b463f\" data-id=\"69ee87e5b463f\" data-height=\"50\" data-height-mobile=\"50\" data-height-tab=\"50\" data-height-tab-portrait=\"\" data-height-mobile-landscape=\"\" style=\"clear:both;display:block;\"><\/div>[\/vc_column][\/vc_row]<\/p>\n<\/div>","protected":false},"excerpt":{"rendered":"<p>[vc_row][vc_column][vc_empty_space height=\u00bb44px\u00bb][vc_column_text css=\u00bb\u00bb]La protecci\u00f3n de los datos personales de nuestros usuarios es importante para nosotros. Queremos garantizarte transparencia y seguridad en la gesti\u00f3n de la informaci\u00f3n que compartes. En esta secci\u00f3n, encontrar\u00e1s toda la informaci\u00f3n sobre c\u00f3mo recopilamos, utilizamos y protegemos tus datos.[\/vc_column_text][\/vc_column][\/vc_row][vc_row][vc_column][vc_empty_space height=\u00bb44px\u00bb][\/vc_column][\/vc_row][vc_row][vc_column][\/vc_column][\/vc_row]<\/p>\n","protected":false},"author":1,"featured_media":0,"parent":0,"menu_order":0,"comment_status":"closed","ping_status":"closed","template":"","meta":{"_acf_changed":false,"footnotes":""},"class_list":["post-15880","page","type-page","status-publish","hentry","description-off"],"acf":[],"_links":{"self":[{"href":"https:\/\/www.krupps.com\/es\/wp-json\/wp\/v2\/pages\/15880","targetHints":{"allow":["GET"]}}],"collection":[{"href":"https:\/\/www.krupps.com\/es\/wp-json\/wp\/v2\/pages"}],"about":[{"href":"https:\/\/www.krupps.com\/es\/wp-json\/wp\/v2\/types\/page"}],"author":[{"embeddable":true,"href":"https:\/\/www.krupps.com\/es\/wp-json\/wp\/v2\/users\/1"}],"replies":[{"embeddable":true,"href":"https:\/\/www.krupps.com\/es\/wp-json\/wp\/v2\/comments?post=15880"}],"version-history":[{"count":9,"href":"https:\/\/www.krupps.com\/es\/wp-json\/wp\/v2\/pages\/15880\/revisions"}],"predecessor-version":[{"id":36937,"href":"https:\/\/www.krupps.com\/es\/wp-json\/wp\/v2\/pages\/15880\/revisions\/36937"}],"wp:attachment":[{"href":"https:\/\/www.krupps.com\/es\/wp-json\/wp\/v2\/media?parent=15880"}],"curies":[{"name":"wp","href":"https:\/\/api.w.org\/{rel}","templated":true}]}}