	{"id":36922,"date":"2025-10-27T10:35:04","date_gmt":"2025-10-27T09:35:04","guid":{"rendered":"https:\/\/www.krupps.com\/?page_id=36922"},"modified":"2025-10-27T10:35:06","modified_gmt":"2025-10-27T09:35:06","slug":"informationen-zur-verarbeitung-personenbezogener-daten","status":"publish","type":"page","link":"https:\/\/www.krupps.com\/de\/informationen-zur-verarbeitung-personenbezogener-daten\/","title":{"rendered":"INFORMATIONEN ZUR VERARBEITUNG PERSONENBEZOGENER DATEN"},"content":{"rendered":"\n<p><strong>INFORMATIONEN ZUR VERARBEITUNG PERSONENBEZOGENER DATEN<br><\/strong><em>VON VERANSTALTUNGSTEILNEHMERN<\/em><\/p>\n\n\n\n<p><em>(Informationen gem\u00e4\u00df Art. 13 und Art. 14<\/em> <em>der Verordnung (EU) 679\/2016, sog. DSGVO)<\/em><\/p>\n\n\n\n<p>Nachfolgend stellen wir Ihnen einige Informationen zur Verf\u00fcgung, die Sie nicht nur zur Einhaltung gesetzlicher Verpflichtungen wissen m\u00fcssen, sondern auch, weil Transparenz und Fairness gegen\u00fcber den betroffenen Personen ein grundlegender Bestandteil unseres Gesch\u00e4fts sind.<\/p>\n\n\n\n<p>Diese Informationen richten sich an Teilnehmer an von Krupps Srl organisierten oder betreuten Veranstaltungen (z. B. Messen mit Beteiligung von Krupps, Produktpr\u00e4sentationen etc.).<\/p>\n\n\n\n<p><strong>Wer ist der Verantwortliche f\u00fcr die Datenverarbeitung?<\/strong><\/p>\n\n\n\n<p>Der Verantwortliche f\u00fcr die Verarbeitung Ihrer personenbezogenen Daten ist <strong>Krupps Srl <\/strong>(USt-IdNr. IT04251180289) mit Sitz in Via Austria 19 \u2013 35127, Padua (PD) \u2013 Italien. Er ist f\u00fcr die rechtm\u00e4\u00dfige und korrekte Verwendung Ihrer personenbezogenen Daten verantwortlich und Sie k\u00f6nnen sich f\u00fcr alle Informationen oder Anfragen unter den folgenden Adressen an Krupps wenden: 049 7625156, privacy@krupps.com, krupps@pec.it<\/p>\n\n\n\n<p><strong>Wie erreiche ich den Datenschutzbeauftragten?<\/strong><\/p>\n\n\n\n<p>Der Datenschutzbeauftragte (DSB) kann unter den folgenden Adressen kontaktiert werden: dpo@krupps.com<\/p>\n\n\n\n<p><strong>Wo werden die Daten erhoben?<\/strong><\/p>\n\n\n\n<p>Die verarbeiteten Daten werden im Rahmen der Veranstaltungsabwicklung und Teilnahmet\u00e4tigkeit direkt beim Interessenten und\/oder bei zur Weitergabe berechtigten Dritten, wie beispielsweise dem Veranstalter oder anderen Veranstaltungsteilnehmern, erhoben.<\/p>\n\n\n\n<p><strong>Welche Datenverarbeitung findet statt?<\/strong><\/p>\n\n\n\n<p>Ihre personenbezogenen Daten werden wie nachstehend beschrieben sowohl automatisiert als auch nicht automatisiert erhoben und verarbeitet.<\/p>\n\n\n\n<p><strong>Eventorganisation und -management<\/strong><\/p>\n\n\n\n<figure class=\"wp-block-table\"><table class=\"has-fixed-layout\"><tbody><tr><td>Zweck und Rechtsgrundlage<\/td><td>&#8211; Erm\u00f6glichung der Teilnahme an der Veranstaltung aufgrund der Durchf\u00fchrung eines Vertrags und\/oder vorvertraglicher Ma\u00dfnahmen (Teilnahmeanfrage) &#8211; Erbringung von veranstaltungsbegleitenden Leistungen (z.B. Catering) auf Grundlage der Erf\u00fcllung eines Vertrags und\/oder vorvertraglicher Ma\u00dfnahmen (Teilnahmeanfrage). Die Verarbeitung sensibler Daten (z.B. Ern\u00e4hrungsw\u00fcnsche) erfolgt auf Grundlage einer Einwilligung** der betroffenen Person (Art. 9 Abs. 2 lit. a DSGVO).<\/td><\/tr><tr><td>Datenkategorien<\/td><td>Personenbezogene Daten, Kontaktdaten, Adressdaten, Daten zu Identifikationsnummern, sonstige f\u00fcr die Teilnahme erforderliche Daten, darunter auch sensible Daten (z. B. Daten zu speziellen Ern\u00e4hrungsweisen)<\/td><\/tr><tr><td>Haltbarkeit*<\/td><td>Gemeinsame Daten: 10 Jahre ab dem Jahr, in dem das Ereignis stattgefunden hat Besondere Daten: 10 Jahre ab dem Jahr der Veranstaltung, sofern die Daten nicht mehr ben\u00f6tigt werden oder bis zum Widerruf der Einwilligung.<\/td><\/tr><tr><td>Empf\u00e4nger der Daten<\/td><td>Autorisierte Datenverarbeiter, die gem\u00e4\u00df Art. 29 der EU-Verordnung 2016\/679 ernannt wurden, Datenverarbeiter, die gem\u00e4\u00df Art. 28 der EU-Verordnung 2016\/679 ernannt wurden (siehe Register der Datenverarbeiter) und andere Stellen, f\u00fcr die die Offenlegung der Daten zu den vom Datenverantwortlichen angegebenen Zwecken erforderlich ist.<\/td><\/tr><\/tbody><\/table><\/figure>\n\n\n\n<p><strong>Marketing- und Kommunikationsaktivit\u00e4ten<\/strong><\/p>\n\n\n\n<figure class=\"wp-block-table\"><table class=\"has-fixed-layout\"><tbody><tr><td>Zweck und Rechtsgrundlage<\/td><td>&#8211; Erhalt von Einladungen zu Marktanalysen und -forschungen sowie Informations- und\/oder Werbemitteilungen auf Grundlage der Einwilligung des Interessenten** &#8211; Erhalten Sie personalisierte Informationen und\/oder Werbemitteilungen, basierend auf der Zustimmung der interessierten Partei**<\/td><\/tr><tr><td>Datenkategorien<\/td><td>Personenbezogene Daten, Kontaktdaten, Adressdaten, Daten im Zusammenhang mit K\u00e4ufen oder der Nutzung von Dienstleistungen, Profildaten<\/td><\/tr><tr><td>Haltbarkeit*<\/td><td>Bis zum Widerruf der Einwilligung. Anschlie\u00dfend beschr\u00e4nkt sich die Verarbeitung auf die blo\u00dfe Speicherung f\u00fcr 10 Jahre ab dem Jahr des Widerrufs.<\/td><\/tr><tr><td>Empf\u00e4nger der Daten<\/td><td>Autorisierte Datenverarbeiter, die gem\u00e4\u00df Art. 29 der EU-Verordnung 2016\/679 ernannt wurden, Datenverarbeiter, die gem\u00e4\u00df Art. 28 der EU-Verordnung 2016\/679 ernannt wurden (siehe Register der Datenverarbeiter) und andere Stellen, f\u00fcr die die Offenlegung der Daten zu den vom Datenverantwortlichen angegebenen Zwecken erforderlich ist.<\/td><\/tr><\/tbody><\/table><\/figure>\n\n\n\n<p><strong>Verkaufs- und Vorverkaufsgesch\u00e4ftst\u00e4tigkeit<\/strong><\/p>\n\n\n\n<figure class=\"wp-block-table\"><table class=\"has-fixed-layout\"><tbody><tr><td>Zweck und Rechtsgrundlage<\/td><td>&#8211; Werbema\u00dfnahmen, basierend auf der Durchf\u00fchrung eines Vertrags und\/oder vorvertraglicher Ma\u00dfnahmen, berechtigtes Interesse an der F\u00f6rderung der eigenen Aktivit\u00e4ten &#8211; Angebot von Waren und Dienstleistungen, basierend auf der Durchf\u00fchrung eines Vertrags und\/oder vorvertraglicher Ma\u00dfnahmen, berechtigtes Interesse am Angebot von Waren und Dienstleistungen<\/td><\/tr><tr><td>Datenkategorien<\/td><td>Personenbezogene Daten, Kontaktdaten, Adressdaten, Daten im Zusammenhang mit dem Kauf oder der Inanspruchnahme von Dienstleistungen<\/td><\/tr><tr><td>Haltbarkeit*<\/td><td>10 Jahre ab dem Jahr der Kompetenz<\/td><\/tr><tr><td>Empf\u00e4nger der Daten<\/td><td>Autorisierte Datenverarbeiter, die gem\u00e4\u00df Art. 29 der EU-Verordnung 2016\/679 ernannt wurden, Datenverarbeiter, die gem\u00e4\u00df Art. 28 der EU-Verordnung 2016\/679 ernannt wurden (siehe Register der Datenverarbeiter) und andere Stellen, f\u00fcr die die Offenlegung der Daten zu den vom Datenverantwortlichen angegebenen Zwecken erforderlich ist.<\/td><\/tr><\/tbody><\/table><\/figure>\n\n\n\n<p><strong>Erstellung und anschlie\u00dfende Ver\u00f6ffentlichung\/Verbreitung multimedialer Inhalte<\/strong><\/p>\n\n\n\n<figure class=\"wp-block-table\"><table class=\"has-fixed-layout\"><tbody><tr><td>Zweck und Rechtsgrundlage<\/td><td>&#8211; Kommunikation, Werbung und Dokumentation der Aktivit\u00e4ten des Datenverantwortlichen auf der Grundlage der Zustimmung der betroffenen Partei**<\/td><\/tr><tr><td>Datenkategorien<\/td><td>Personenbezogene Daten, Kontaktdaten, Multimedia-Inhalte (einschlie\u00dflich Fotos und Videos) in vollst\u00e4ndiger und\/oder teilweiser Form<\/td><\/tr><tr><td>Haltbarkeit*<\/td><td>Die Daten werden vorbehaltlich der Weitergabe bis zum Widerruf der Einwilligung oder bis zur Annahme eines ausdr\u00fccklichen L\u00f6schungsantrags gespeichert. Sobald der Zweck der Datenerhebung entf\u00e4llt, werden die Daten gel\u00f6scht.<\/td><\/tr><tr><td>Empf\u00e4nger der Daten<\/td><td>Die Daten k\u00f6nnen an gem\u00e4\u00df Art. 28 der Verordnung (EU) 2016\/679 ernannte <strong>Auftragsverarbeiter <\/strong>(siehe Register der Auftragsverarbeiter), an gem\u00e4\u00df Art. 29 derselben Verordnung <strong>zur Datenverarbeitung befugte Parteien <\/strong>sowie an andere Parteien weitergegeben werden, deren Weitergabe der Daten zu den vom Verantwortlichen angegebenen Zwecken <strong>erforderlich ist .<\/strong><\/td><\/tr><\/tbody><\/table><\/figure>\n\n\n\n<p>* Zus\u00e4tzlich zu der Zeit, die f\u00fcr die Verj\u00e4hrung gegenseitiger Rechte erforderlich ist, und der Zeit, die f\u00fcr die Aufbewahrung von Backups ben\u00f6tigt wird.<\/p>\n\n\n\n<p>**Die Erteilung der Einwilligung ist stets freiwillig und kann jederzeit widerrufen werden. Sie k\u00f6nnen den Verantwortlichen \u00fcber die oben genannten Kontaktdaten erreichen.<\/p>\n\n\n\n<p>Dar\u00fcber hinaus werden Ihre personenbezogenen Daten im Rahmen von Aktivit\u00e4ten zur ordnungsgem\u00e4\u00dfen Verwaltung der Organisation auch von ordnungsgem\u00e4\u00df befugtem internen oder externen Personal f\u00fcr folgende Zwecke verarbeitet:<\/p>\n\n\n\n<ol class=\"wp-block-list\">\n<li>Verwaltung und Wartung des Netzwerks und der IT-Systeme, wenn die Verarbeitung auch mit teilweise automatisierten Methoden erfolgt (z. B. wenn Daten durch die IT-Systeme von Krupps Srl laufen), basierend auf dem berechtigten Interesse am Schutz der Daten und den Verpflichtungen zur Informationssicherheit; die Daten werden unter Einhaltung der Sicherheitsimplementierungen und der Bestimmungen f\u00fcr die prim\u00e4re Verarbeitung, auf die oben Bezug genommen wird, gespeichert;<\/li>\n\n\n\n<li>Verwalten Sie Compliance-Aktivit\u00e4ten, einschlie\u00dflich der Verpflichtungen zum Schutz personenbezogener Daten, wie gesetzlich vorgeschrieben, gem\u00e4\u00df den f\u00fcr die betreffende prim\u00e4re Verarbeitung festgelegten Aufbewahrungsfristen.<\/li>\n\n\n\n<li>um Missbrauch zu verhindern und aufzudecken und um die Rechte und Interessen des Verantwortlichen zu verteidigen. Die Daten werden bis zum Ablauf der Verj\u00e4hrungsfristen aufbewahrt, au\u00dfer im Falle eines Rechtsstreits (in diesem Fall werden die Daten aufbewahrt, bis der Streit endg\u00fcltig beigelegt ist), basierend auf dem berechtigten Interesse des Verantwortlichen am Schutz seiner Rechte und Interessen.<\/li>\n<\/ol>\n\n\n\n<p><strong>Gibt es automatisierte Prozesse?<\/strong><\/p>\n\n\n\n<p>Die Verarbeitung basiert nicht auf einer automatisierten Entscheidungsfindung.<\/p>\n\n\n\n<p><strong>Ist die Bereitstellung der Daten verpflichtend?<\/strong><\/p>\n\n\n\n<p>Au\u00dfer f\u00fcr Zwecke, die auf einer Einwilligung beruhen, ist die Bereitstellung Ihrer Daten eine notwendige Voraussetzung: Die Nichtbereitstellung der als obligatorisch gekennzeichneten Daten kann rechtliche und vertragliche Konsequenzen haben. Daher kann die Nichtbereitstellung der Daten dazu f\u00fchren, dass das gew\u00fcnschte Ergebnis nicht oder nur teilweise erreicht wird.<\/p>\n\n\n\n<p><strong>Werden Daten au\u00dferhalb der Europ\u00e4ischen Union \u00fcbermittelt?<\/strong><\/p>\n\n\n\n<p>Die Verarbeitung personenbezogener Daten (z. B. Speicherung, Archivierung und Aufbewahrung von Daten auf unseren Servern oder in der Cloud) beschr\u00e4nkt sich auf die Gebiete der Verbreitung und Verarbeitung personenbezogener Daten in L\u00e4ndern des Europ\u00e4ischen Wirtschaftsraums. Es ist uns ausdr\u00fccklich untersagt, personenbezogene Daten in Nicht-EU-L\u00e4nder zu \u00fcbermitteln, die kein angemessenes Schutzniveau gew\u00e4hrleisten (oder nicht gew\u00e4hrleisten) oder in denen die in der EU-Verordnung 2016\/679 vorgesehenen Schutzma\u00dfnahmen fehlen (von der Europ\u00e4ischen Kommission als angemessen erachtete Drittl\u00e4nder, gruppenweite verbindliche Datenschutzvorschriften, Standardvertragsklauseln, Einwilligung der betroffenen Person usw.).<\/p>\n\n\n\n<p><strong>Welche Rechte werden anerkannt?<\/strong><\/p>\n\n\n\n<ul class=\"wp-block-list\">\n<li>Sie haben gem\u00e4\u00df Artikel 15 ff. der EU-Verordnung 2016\/679 das Recht, vom Datenverantwortlichen Zugang zu Ihren personenbezogenen Daten sowie deren Berichtigung, L\u00f6schung oder Vergessen zu verlangen;<\/li>\n\n\n\n<li>Sie haben au\u00dferdem das Recht, die Daten\u00fcbertragbarkeit oder die Einschr\u00e4nkung der Verarbeitung zu verlangen;<\/li>\n\n\n\n<li>Sie haben das Recht, aus Gr\u00fcnden, die sich aus Ihrer besonderen Situation ergeben, Widerspruch gegen die Verarbeitung Sie betreffender personenbezogener Daten einzulegen, die auf Grundlage des berechtigten Interesses erfolgt;<\/li>\n\n\n\n<li>Sie haben das Recht, den wesentlichen Inhalt aller unterzeichneten Miteigentumsvereinbarungen einzusehen;<\/li>\n\n\n\n<li>Bei einer Verarbeitung auf Grundlage einer Einwilligung haben Sie das Recht, Ihre Einwilligung jederzeit zu widerrufen, ohne dass die Rechtm\u00e4\u00dfigkeit der aufgrund der Einwilligung bis zum Widerruf erfolgten Verarbeitung ber\u00fchrt wird;<\/li>\n\n\n\n<li>Sie k\u00f6nnen auch eine Beschwerde bei der italienischen Datenschutzbeh\u00f6rde einreichen, die sich in Piazza Venezia 11, 00187 Rom, Italien befindet \u2013 protocollo@pec.gdpd.it.<\/li>\n<\/ul>\n\n\n\n<p>Um Ihre Rechte auszu\u00fcben oder zus\u00e4tzliche Informationen anzufordern, k\u00f6nnen Sie den Datenverantwortlichen unter den oben genannten Kontaktinformationen kontaktieren.<\/p>\n\n\n\n<p><strong>K\u00f6nnen sich die Informationen in dieser Richtlinie \u00e4ndern?<\/strong><\/p>\n\n\n\n<p>Wir behalten uns das Recht vor, unsere Datenschutzrichtlinie zu aktualisieren. Wir werden Sie \u00fcber alle \u00c4nderungen informieren und das Datum in dieser Datenschutzrichtlinie aktualisieren. Wir empfehlen Ihnen daher, unsere Datenschutzrichtlinie regelm\u00e4\u00dfig zu \u00fcberpr\u00fcfen und gegebenenfalls eine Kopie beim Verantwortlichen anzufordern.<\/p>\n\n\n\n<p><em>Letzte Aktualisierung: 10.10.2025<\/em><\/p>\n","protected":false},"excerpt":{"rendered":"<p>INFORMATIONEN ZUR VERARBEITUNG PERSONENBEZOGENER DATENVON VERANSTALTUNGSTEILNEHMERN (Informationen gem\u00e4\u00df Art. 13 und Art. 14 der Verordnung (EU) 679\/2016, sog. DSGVO) Nachfolgend stellen wir Ihnen einige Informationen zur Verf\u00fcgung, die Sie nicht nur zur Einhaltung gesetzlicher Verpflichtungen wissen m\u00fcssen, sondern auch, weil Transparenz und Fairness gegen\u00fcber den betroffenen Personen ein grundlegender Bestandteil unseres Gesch\u00e4fts sind. Diese Informationen&hellip;<\/p>\n","protected":false},"author":11725,"featured_media":0,"parent":0,"menu_order":0,"comment_status":"closed","ping_status":"closed","template":"","meta":{"_acf_changed":false,"footnotes":""},"class_list":["post-36922","page","type-page","status-publish","hentry","description-off"],"acf":[],"_links":{"self":[{"href":"https:\/\/www.krupps.com\/de\/wp-json\/wp\/v2\/pages\/36922","targetHints":{"allow":["GET"]}}],"collection":[{"href":"https:\/\/www.krupps.com\/de\/wp-json\/wp\/v2\/pages"}],"about":[{"href":"https:\/\/www.krupps.com\/de\/wp-json\/wp\/v2\/types\/page"}],"author":[{"embeddable":true,"href":"https:\/\/www.krupps.com\/de\/wp-json\/wp\/v2\/users\/11725"}],"replies":[{"embeddable":true,"href":"https:\/\/www.krupps.com\/de\/wp-json\/wp\/v2\/comments?post=36922"}],"version-history":[{"count":1,"href":"https:\/\/www.krupps.com\/de\/wp-json\/wp\/v2\/pages\/36922\/revisions"}],"predecessor-version":[{"id":36923,"href":"https:\/\/www.krupps.com\/de\/wp-json\/wp\/v2\/pages\/36922\/revisions\/36923"}],"wp:attachment":[{"href":"https:\/\/www.krupps.com\/de\/wp-json\/wp\/v2\/media?parent=36922"}],"curies":[{"name":"wp","href":"https:\/\/api.w.org\/{rel}","templated":true}]}}