	{"id":35148,"date":"2017-09-07T16:30:44","date_gmt":"2017-09-07T14:30:44","guid":{"rendered":"https:\/\/www.krupps.com\/?page_id=35148"},"modified":"2025-02-17T16:36:44","modified_gmt":"2025-02-17T15:36:44","slug":"en-iec-631362019","status":"publish","type":"page","link":"https:\/\/www.krupps.com\/de\/dokumentation\/en-iec-631362019\/","title":{"rendered":"Norm EN IEC 63136:2019"},"content":{"rendered":"\n<figure class=\"wp-block-image size-full\"><img loading=\"lazy\" decoding=\"async\" width=\"380\" height=\"100\" src=\"https:\/\/www.krupps.com\/wp-content\/uploads\/2025\/02\/IEC_logo.jpg\" alt=\"\" class=\"wp-image-35152\" \/><\/figure>\n\n\n\n<p>Seit dem 1. Januar 2024 verlangt die Schweiz die Angabe von Informationen zum Energieverbrauch und zur Reinigungsleistung professioneller Geschirrsp\u00fcler, die im Land verkauft und installiert werden.<br>Krupps hat sich entschieden, seine Produkte gem\u00e4\u00df der europ\u00e4ischen <strong>Norm EN IEC 63136:2019<\/strong> zu testen, um maximale Transparenz und Zuverl\u00e4ssigkeit f\u00fcr seine Kunden zu gew\u00e4hrleisten, im Einklang mit den Richtlinien des Bundesrates.<\/p>\n\n\n\n<p>Die Testergebnisse stehen auf dieser Seite zum Download bereit.<\/p>\n\n\n\n<p>Sehen Sie sich die\u00a0<strong><a href=\"https:\/\/www.krupps.com\/wp-content\/uploads\/2025\/02\/KRUPPS-EN-IEC-63136_Rev02.pdf\" target=\"_blank\" rel=\"noreferrer noopener\">Leistungstabelle<\/a><\/strong><\/p>\n\n\n\n<div style=\"height:50px\" aria-hidden=\"true\" class=\"wp-block-spacer\"><\/div>\n\n\n\n<p><\/p>\n","protected":false},"excerpt":{"rendered":"<p>Seit dem 1. Januar 2024 verlangt die Schweiz die Angabe von Informationen zum Energieverbrauch und zur Reinigungsleistung professioneller Geschirrsp\u00fcler, die im Land verkauft und installiert werden.Krupps hat sich entschieden, seine Produkte gem\u00e4\u00df der europ\u00e4ischen Norm EN IEC 63136:2019 zu testen, um maximale Transparenz und Zuverl\u00e4ssigkeit f\u00fcr seine Kunden zu gew\u00e4hrleisten, im Einklang mit den Richtlinien&hellip;<\/p>\n","protected":false},"author":11725,"featured_media":0,"parent":16048,"menu_order":6,"comment_status":"closed","ping_status":"closed","template":"page-template-documentazione.php","meta":{"_acf_changed":false,"footnotes":""},"class_list":["post-35148","page","type-page","status-publish","hentry","description-off"],"acf":[],"_links":{"self":[{"href":"https:\/\/www.krupps.com\/de\/wp-json\/wp\/v2\/pages\/35148","targetHints":{"allow":["GET"]}}],"collection":[{"href":"https:\/\/www.krupps.com\/de\/wp-json\/wp\/v2\/pages"}],"about":[{"href":"https:\/\/www.krupps.com\/de\/wp-json\/wp\/v2\/types\/page"}],"author":[{"embeddable":true,"href":"https:\/\/www.krupps.com\/de\/wp-json\/wp\/v2\/users\/11725"}],"replies":[{"embeddable":true,"href":"https:\/\/www.krupps.com\/de\/wp-json\/wp\/v2\/comments?post=35148"}],"version-history":[{"count":4,"href":"https:\/\/www.krupps.com\/de\/wp-json\/wp\/v2\/pages\/35148\/revisions"}],"predecessor-version":[{"id":35243,"href":"https:\/\/www.krupps.com\/de\/wp-json\/wp\/v2\/pages\/35148\/revisions\/35243"}],"up":[{"embeddable":true,"href":"https:\/\/www.krupps.com\/de\/wp-json\/wp\/v2\/pages\/16048"}],"wp:attachment":[{"href":"https:\/\/www.krupps.com\/de\/wp-json\/wp\/v2\/media?parent=35148"}],"curies":[{"name":"wp","href":"https:\/\/api.w.org\/{rel}","templated":true}]}}