	{"id":34643,"date":"2023-02-02T12:08:18","date_gmt":"2023-02-02T11:08:18","guid":{"rendered":"https:\/\/www.krupps.com\/privacy-policies\/informativa-fornitori\/"},"modified":"2024-12-23T12:42:55","modified_gmt":"2024-12-23T11:42:55","slug":"informativa-fornitori","status":"publish","type":"page","link":"https:\/\/www.krupps.com\/de\/privacy-policies\/informativa-fornitori\/","title":{"rendered":"INFORMATIVA SUL TRATTAMENTO DEI DATI PERSONALI"},"content":{"rendered":"\n<p><\/p>\n\n\n\n<p class=\"has-text-align-center\"><strong>PERSONENBEZOGENER DATEN VON<br><\/strong><em>LIEFERANTEN<\/em><\/p>\n\n\n\n<p class=\"has-text-align-center\"><em>(Informationen gem\u00e4\u00df Art. 13 und Art. 14<\/em> <em>der Verordnung (EU) 679\/2016, sog. DSGVO)<\/em><\/p>\n\n\n\n<p>Im Folgenden stellen wir Ihnen einige Informationen zur Verf\u00fcgung, die Sie zur Kenntnis nehmen m\u00fcssen, nicht nur zur Einhaltung gesetzlicher Verpflichtungen, sondern auch, weil Transparenz und Fairness gegen\u00fcber Interessenten ein wesentlicher Bestandteil unserer T\u00e4tigkeit sind.<\/p>\n\n\n\n<p>Diese Informationen richten sich an Mitarbeiter und Lieferanten von Krupps Srl<\/p>\n\n\n\n<p><strong>Wer ist der Datenverantwortliche?<\/strong><\/p>\n\n\n\n<p>Der Datenverantwortliche f\u00fcr Ihre personenbezogenen Daten ist <strong>Krupps Srl <\/strong>(Umsatzsteuer-Identifikationsnummer IT04251180289) mit Sitz in Via Austria 19 \u2013 35127, Padua (PD) \u2013 Italien, der Ihnen gegen\u00fcber f\u00fcr die rechtm\u00e4\u00dfige und korrekte Nutzung Ihrer personenbezogenen Daten verantwortlich ist und Ihnen gegen\u00fcber verantwortlich ist Kontaktieren Sie uns f\u00fcr weitere Informationen oder Anfragen unter den folgenden Nummern: 0497625156, privacy@krupps.com, krupps@pec.it<\/p>\n\n\n\n<p><strong>Wie kann ich den Datenschutzbeauftragten kontaktieren?<\/strong><\/p>\n\n\n\n<p>Der Datenschutzbeauftragte (DPO) kann unter folgenden Adressen kontaktiert werden: dpo@krupps.com<\/p>\n\n\n\n<p><strong>Wo werden die Daten erhoben?<\/strong><\/p>\n\n\n\n<p>Die Daten werden von Ihnen und\/oder von Dritten wie anderen Anbietern mitgeteilt und\/oder aus \u00f6ffentlich zug\u00e4nglichen Quellen erhoben.<\/p>\n\n\n\n<p><strong>Welche Datenverarbeitung findet statt?<\/strong><\/p>\n\n\n\n<p>Ihre personenbezogenen Daten werden mit automatisierten und nicht automatisierten Methoden, wie unten beschrieben, erhoben und verarbeitet.<\/p>\n\n\n\n<p class=\"has-text-align-center\"><strong>Lieferantenmanagement<\/strong><\/p>\n\n\n\n<figure class=\"wp-block-table\"><table><tbody><tr><td><strong>Zweck und Rechtsgrundlage<\/strong><\/td><td>&#8211; Begr\u00fcndung und Abwicklung des Vertragsverh\u00e4ltnisses, basierend auf der Durchf\u00fchrung eines Vertrages und\/oder vorvertraglicher Ma\u00dfnahmen, rechtlicher Verpflichtung<\/td><\/tr><tr><td><strong>Datenkategorien<\/strong><\/td><td>Pers\u00f6nliche Daten, Kontaktdaten, Adressdaten, Zahlungsdaten<\/td><\/tr><tr><td><strong>Lagerzeit*<\/strong><\/td><td>10 Jahre ab dem Jahr der Beendigung des letzten Vertrags<\/td><\/tr><tr><td><strong>Empf\u00e4nger der Daten<\/strong><\/td><td>Zur Verarbeitung befugte Personen gem\u00e4\u00df Art. 29 EU-Verordnung 2016\/679, Beh\u00f6rden und \u00f6ffentliche Verwaltungen, f\u00fcr die eine gesetzliche Verpflichtung zur Kommunikation besteht, Verantwortliche gem\u00e4\u00df Art. 28 EU-Verordnung 2016\/679 (siehe Register der Manager), andere Subjekte, f\u00fcr die die \u00dcbermittlung von Daten zur Erf\u00fcllung der erkl\u00e4rten Zwecke des Eigent\u00fcmers erforderlich ist, Banken<\/td><\/tr><\/tbody><\/table><\/figure>\n\n\n\n<p class=\"has-text-align-center\"><strong>Aktivit\u00e4tsplanung und -steuerung<\/strong><\/p>\n\n\n\n<figure class=\"wp-block-table\"><table><tbody><tr><td><strong>Zweck und Rechtsgrundlage<\/strong><\/td><td>&#8211; Planung von Aktivit\u00e4ten, basierend auf dem berechtigten Interesse des Eigent\u00fcmers an der Aus\u00fcbung der Gesch\u00e4ftst\u00e4tigkeit<\/td><\/tr><tr><td><strong>Datenkategorien<\/strong><\/td><td>Pers\u00f6nliche Daten, Kontaktdaten, Daten im Zusammenhang mit der Arbeitst\u00e4tigkeit<\/td><\/tr><tr><td><strong>Lagerzeit*<\/strong><\/td><td>10 Jahre ab dem Jahr der Datenerfassung<\/td><\/tr><tr><td><strong>Empf\u00e4nger der Daten<\/strong><\/td><td>Zur Verarbeitung befugte Personen gem\u00e4\u00df Art. 29 EU-Verordnung 2016\/679, Datenverantwortliche gem\u00e4\u00df Art. 28 EU-Verordnung 2016\/679 (siehe Verzeichnis der Manager), andere Subjekte, f\u00fcr die die \u00dcbermittlung von Daten zur Erf\u00fcllung der erkl\u00e4rten Zwecke des Eigent\u00fcmers erforderlich ist<\/td><\/tr><\/tbody><\/table><\/figure>\n\n\n\n<p class=\"has-text-align-center\"><strong>Managementkontrolle<\/strong><\/p>\n\n\n\n<figure class=\"wp-block-table\"><table><tbody><tr><td><strong>Zweck und Rechtsgrundlage<\/strong><\/td><td>&#8211; Interne Kontrolle der Unternehmensf\u00fchrung auf Grundlage des berechtigten Interesses an der Aus\u00fcbung der Gesch\u00e4ftst\u00e4tigkeit<\/td><\/tr><tr><td><strong>Datenkategorien<\/strong><\/td><td>Pers\u00f6nliche Daten, Kontaktdaten, Daten im Zusammenhang mit der Arbeitst\u00e4tigkeit<\/td><\/tr><tr><td><strong>Lagerzeit*<\/strong><\/td><td>10 Jahre ab dem Kompetenzjahr<\/td><\/tr><tr><td><strong>Empf\u00e4nger der Daten<\/strong><\/td><td>Zur Verarbeitung befugte Personen gem\u00e4\u00df Art. 29 EU-Verordnung 2016\/679, Datenverantwortliche gem\u00e4\u00df Art. 28 EU-Verordnung 2016\/679 (siehe Verzeichnis der Manager), andere Subjekte, f\u00fcr die die \u00dcbermittlung von Daten zur Erf\u00fcllung der erkl\u00e4rten Zwecke des Eigent\u00fcmers erforderlich ist<\/td><\/tr><\/tbody><\/table><\/figure>\n\n\n\n<p class=\"has-text-align-center\"><strong>Buchhaltung<\/strong><\/p>\n\n\n\n<figure class=\"wp-block-table\"><table><tbody><tr><td><strong>Zweck und Rechtsgrundlage<\/strong><\/td><td>&#8211; F\u00fchren von Buchhaltungsunterlagen aufgrund einer gesetzlichen Verpflichtung &#8211; Steuerpflichten, basierend auf einer gesetzlichen Verpflichtung<\/td><\/tr><tr><td><strong>Datenkategorien<\/strong><\/td><td>Pers\u00f6nliche Daten, Kontaktdaten, Adressdaten, Zahlungsdaten, Daten im Zusammenhang mit der Arbeitst\u00e4tigkeit, Daten im Zusammenhang mit Eink\u00e4ufen oder der Inanspruchnahme von Dienstleistungen<\/td><\/tr><tr><td><strong>Lagerzeit*<\/strong><\/td><td>10 Jahre ab dem Jahr der Beendigung des letzten Vertrags<\/td><\/tr><tr><td><strong>Empf\u00e4nger der Daten<\/strong><\/td><td>Zur Verarbeitung befugte Personen gem\u00e4\u00df Art. 29 EU-Verordnung 2016\/679, Beh\u00f6rden und \u00f6ffentliche Verwaltungen, f\u00fcr die eine gesetzliche Verpflichtung zur Kommunikation besteht, Verantwortliche gem\u00e4\u00df Art. 28 EU-Verordnung 2016\/679 (siehe Verzeichnis der Manager), andere Subjekte, f\u00fcr die die \u00dcbermittlung von Daten zur Erf\u00fcllung der erkl\u00e4rten Zwecke des Eigent\u00fcmers erforderlich ist, Banken<\/td><\/tr><\/tbody><\/table><\/figure>\n\n\n\n<p class=\"has-text-align-center\"><strong>Empfang und Annahme von Waren<\/strong><\/p>\n\n\n\n<figure class=\"wp-block-table\"><table><tbody><tr><td><strong>Zweck und Rechtsgrundlage<\/strong><\/td><td>&#8211; Annahme von Waren aufgrund der Durchf\u00fchrung eines Vertrages und\/oder vorvertraglicher Ma\u00dfnahmen<\/td><\/tr><tr><td><strong>Datenkategorien<\/strong><\/td><td>Pers\u00f6nliche Daten, Kontaktdaten, Adressdaten, Zahlungstermine<\/td><\/tr><tr><td><strong>Lagerzeit*<\/strong><\/td><td>10 Jahre ab dem Kompetenzjahr<\/td><\/tr><tr><td><strong>Empf\u00e4nger der Daten<\/strong><\/td><td>Zur Verarbeitung befugte Personen gem\u00e4\u00df Art. 29 EU-Verordnung 2016\/679, Datenverantwortliche gem\u00e4\u00df Art. 28 EU-Verordnung 2016\/679 (siehe Verzeichnis der Manager), andere Subjekte, f\u00fcr die die \u00dcbermittlung von Daten zur Erf\u00fcllung der erkl\u00e4rten Zwecke des Eigent\u00fcmers erforderlich ist<\/td><\/tr><\/tbody><\/table><\/figure>\n\n\n\n<p class=\"has-text-align-center\"><strong>Einkaufsmanagement<\/strong><\/p>\n\n\n\n<figure class=\"wp-block-table\"><table><tbody><tr><td><strong>Zweck und Rechtsgrundlage<\/strong><\/td><td>&#8211; Einkaufsaktivit\u00e4ten von Waren oder Dienstleistungen, die auf der Durchf\u00fchrung eines Vertrags und\/oder vorvertraglichen Ma\u00dfnahmen basieren<\/td><\/tr><tr><td><strong>Datenkategorien<\/strong><\/td><td>Pers\u00f6nliche Daten, Kontaktdaten, Adressdaten, Zahlungsdaten<\/td><\/tr><tr><td><strong>Lagerzeit*<\/strong><\/td><td>10 Jahre ab dem Kompetenzjahr<\/td><\/tr><tr><td><strong>Empf\u00e4nger der Daten<\/strong><\/td><td>Zur Verarbeitung befugte Personen gem\u00e4\u00df Art. 29 EU-Verordnung 2016\/679, Datenverantwortliche gem\u00e4\u00df Art. 28 EU-Verordnung 2016\/679 (siehe Verzeichnis der Manager), andere Subjekte, f\u00fcr die die \u00dcbermittlung von Daten zur Erf\u00fcllung der erkl\u00e4rten Zwecke des Eigent\u00fcmers erforderlich ist<\/td><\/tr><\/tbody><\/table><\/figure>\n\n\n\n<p class=\"has-text-align-center\"><strong>Marketing- und Kommunikationsaktivit\u00e4ten<\/strong><\/p>\n\n\n\n<figure class=\"wp-block-table\"><table><tbody><tr><td><strong>Zweck und Rechtsgrundlage<\/strong><\/td><td>&#8211; Marketing (Marktanalyse und -forschung), Zusendung von Informationen und\/oder Werbematerial, basierend auf der Einwilligung des Interessenten**<\/td><\/tr><tr><td><strong>Datenkategorien<\/strong><\/td><td>Pers\u00f6nliche Daten, Kontaktdaten, Adressdaten, Daten im Zusammenhang mit K\u00e4ufen oder der Nutzung von Dienstleistungen, Profiling-Daten<\/td><\/tr><tr><td><strong>Lagerzeit*<\/strong><\/td><td>Bis zum Widerruf der Einwilligung. Dann beschr\u00e4nkt sich die Verarbeitung auf die blo\u00dfe Speicherung f\u00fcr 10 Jahre ab dem Jahr, in dem die Einwilligung widerrufen wurde<\/td><\/tr><tr><td><strong>Empf\u00e4nger der Daten<\/strong><\/td><td>Zur Verarbeitung befugte Personen gem\u00e4\u00df Art. 29 EU-Verordnung 2016\/679, Datenverantwortliche gem\u00e4\u00df Art. 28 EU-Verordnung 2016\/679 (siehe Verzeichnis der Manager), andere Subjekte, f\u00fcr die die \u00dcbermittlung von Daten zur Erf\u00fcllung der erkl\u00e4rten Zwecke des Eigent\u00fcmers erforderlich ist<\/td><\/tr><\/tbody><\/table><\/figure>\n\n\n\n<p>**Die Erteilung der Einwilligung ist stets optional und kann jederzeit widerrufen werden. Sie k\u00f6nnen den Datenverantwortlichen \u00fcber die oben genannten Kontaktinformationen kontaktieren.<\/p>\n\n\n\n<p class=\"has-text-align-center\"><strong>Rezeption<\/strong><\/p>\n\n\n\n<figure class=\"wp-block-table\"><table><tbody><tr><td><strong>Zweck und Rechtsgrundlage<\/strong><\/td><td>&#8211; \u00dcberwachung von Personen, die dem Unternehmen beitreten, auf der Grundlage berechtigter Interessen am Schutz des Unternehmensverm\u00f6gens, der Arbeitssicherheit sowie der Organisations- und Produktionsanforderungen &#8211; Filterung von Telefonanrufen, basierend auf berechtigtem Interesse an Organisations- und Produktionsanforderungen<\/td><\/tr><tr><td><strong>Datenkategorien<\/strong><\/td><td>Pers\u00f6nliche Daten, Kontaktdaten, Adressdaten, Daten zu Ausweis-\/Anerkennungsdokumenten<\/td><\/tr><tr><td><strong>Lagerzeit*<\/strong><\/td><td>1 Jahr ab dem Jahr der Datenerfassung<\/td><\/tr><tr><td><strong>Empf\u00e4nger der Daten<\/strong><\/td><td>Zur Verarbeitung befugte Personen gem\u00e4\u00df Art. 29 EU-Verordnung 2016\/679, Datenverantwortliche gem\u00e4\u00df Art. 28 EU-Verordnung 2016\/679 (siehe Verzeichnis der Verantwortlichen), sonstige Personen, f\u00fcr die die \u00dcbermittlung der Daten zur Erf\u00fcllung der erkl\u00e4rten Zwecke des Eigent\u00fcmers erforderlich ist, Beh\u00f6rden und \u00f6ffentliche Verwaltungen, f\u00fcr die eine gesetzliche Verpflichtung besteht zu kommunizieren<\/td><\/tr><\/tbody><\/table><\/figure>\n\n\n\n<p class=\"has-text-align-center\"><strong>Unterkunftsverwaltung<\/strong><\/p>\n\n\n\n<figure class=\"wp-block-table\"><table><tbody><tr><td>Zweck und Rechtsgrundlage<\/td><td>&#8211; Organisation der Beherbergung, basierend auf der Durchf\u00fchrung eines Vertrages und\/oder vorvertraglicher Ma\u00dfnahmen<\/td><\/tr><tr><td>Datenkategorien<\/td><td>Personenbezogene Daten, Kontaktdaten, Daten zur Arbeitst\u00e4tigkeit, Daten zu Ausweis-\/Anerkennungsdokumenten<\/td><\/tr><tr><td>Lagerzeit*<\/td><td>10 Jahre ab dem Gr\u00fcndungsjahr<\/td><\/tr><tr><td>Empf\u00e4nger der Daten<\/td><td>Zur Verarbeitung befugte Personen gem\u00e4\u00df Art. 29 EU-Verordnung 2016\/679, Datenverantwortliche gem\u00e4\u00df Art. 28 EU-Verordnung 2016\/679 (siehe Verzeichnis der Verwalter), Beherbergungsbetriebe, Transferdienste, sonstige Subjekte, f\u00fcr die die \u00dcbermittlung von Daten zur Erf\u00fcllung der erkl\u00e4rten Zwecke des Eigent\u00fcmers erforderlich ist<\/td><\/tr><\/tbody><\/table><\/figure>\n\n\n\n<p>* Zus\u00e4tzlich zu der Zeit, die erforderlich ist, um die Verj\u00e4hrungsfrist f\u00fcr gegenseitige Rechte und die Aufbewahrungsdauer von Backups zu verj\u00e4hren.<\/p>\n\n\n\n<p>Dar\u00fcber hinaus werden Ihre personenbezogenen Daten im Rahmen der f\u00fcr die gute F\u00fchrung der Organisation erforderlichen T\u00e4tigkeiten auch von ordnungsgem\u00e4\u00df autorisierten internen oder externen Mitarbeitern verarbeitet, um:<\/p>\n\n\n\n<p>1) die Verwaltung und Wartung des Netzwerks und der IT-Systeme, wenn die Verarbeitung auch teilweise automatisiert erfolgt (also beispielsweise wenn die Daten durch die IT-Systeme von Krupps Srl \u00fcbertragen werden), auf der Grundlage des berechtigten Interesses an deren Schutz und f\u00fcr Verpflichtungen im Zusammenhang mit der Informationssicherheit; Die Daten werden in \u00dcbereinstimmung mit den Sicherheitsma\u00dfnahmen und den Bestimmungen f\u00fcr die oben beschriebene Hauptreferenzverarbeitung gespeichert.<\/p>\n\n\n\n<p>2) Compliance-Aktivit\u00e4ten verwalten, einschlie\u00dflich gesetzlich vorgeschriebener Verpflichtungen zum Schutz personenbezogener Daten, unter Einhaltung der f\u00fcr die Hauptverarbeitung der Referenzen vorgesehenen Aufbewahrungsfristen;<\/p>\n\n\n\n<p>3) zur Verhinderung und Aufdeckung von Missbrauch und zur Verteidigung der Rechte und Interessen des Datenverantwortlichen, wobei diese bis zum Ablauf der Verj\u00e4hrungsfrist aufbewahrt werden, es sei denn, es liegt ein Streit vor (in diesem Fall werden die Daten bis zur endg\u00fcltigen Beendigung aufbewahrt). der Streitigkeit) auf der Grundlage des berechtigten Interesses des Datenverantwortlichen an der Wahrung seiner Rechte und Interessen.<\/p>\n\n\n\n<p><strong>Gibt es automatisierte Prozesse?<\/strong><\/p>\n\n\n\n<p>Die Verarbeitung beruht nicht auf einer automatisierten Entscheidungsfindung.<\/p>\n\n\n\n<p><strong>Ist die Bereitstellung der Daten verpflichtend?<\/strong><\/p>\n\n\n\n<p>Mit Ausnahme von Zwecken, die auf einer Einwilligung beruhen, ist die Bereitstellung Ihrer Daten eine notwendige Voraussetzung: Die Nichtbereitstellung der als obligatorisch gekennzeichneten Daten k\u00f6nnte rechtliche und vertragliche Konsequenzen nach sich ziehen. Daher kann es sein, dass Sie im Falle einer Nichtbereitstellung das erwartete Ergebnis nicht oder nur teilweise erzielen.<\/p>\n\n\n\n<p><strong>Werden die Daten au\u00dferhalb der Europ\u00e4ischen Union \u00fcbermittelt?<\/strong><\/p>\n\n\n\n<p>Die Verarbeitung personenbezogener Daten (z. B. Speicherung, Archivierung und Aufbewahrung von Daten auf seinen Servern oder in der Cloud) wird auf die Bereiche der Verbreitung und Verarbeitung personenbezogener Daten der L\u00e4nder des Europ\u00e4ischen Wirtschaftsraums beschr\u00e4nkt, mit einem ausdr\u00fccklichen Verbot deren \u00dcbermittlung in Nicht-EU-L\u00e4nder, die kein angemessenes Schutzniveau gew\u00e4hrleisten (oder nicht haben), oder, in Ermangelung der in der EU-Verordnung 2016\/679 vorgesehenen Schutzinstrumente (Drittland, das von der Europ\u00e4ischen Kommission als angemessen erachtet wird), Gruppe BCR, Mustervertragsklauseln, Zustimmung der Interessenten usw.).<\/p>\n\n\n\n<p><strong>Welche Rechte werden anerkannt?<\/strong><\/p>\n\n\n\n<ul class=\"wp-block-list\">\n<li>Das Recht dazu haben Sie gem\u00e4\u00df den Bestimmungen der Artikel. 15 ff. der EU-Verordnung 2016\/679, um vom Datenverantwortlichen Zugriff auf Ihre personenbezogenen Daten sowie deren Berichtigung, L\u00f6schung oder L\u00f6schung zu verlangen;<\/li>\n\n\n\n<li>Sie haben au\u00dferdem das Recht, die Daten\u00fcbertragbarkeit oder die Einschr\u00e4nkung der Verarbeitung zu verlangen;<\/li>\n\n\n\n<li>Sie haben das Recht, aus Gr\u00fcnden, die sich aus Ihrer besonderen Situation ergeben, der Verarbeitung der Sie betreffenden personenbezogenen Daten aufgrund eines berechtigten Interesses zu widersprechen;<\/li>\n\n\n\n<li>Sie haben das Recht, den wesentlichen Inhalt etwaiger abgeschlossener Miteigentumsvertr\u00e4ge einzusehen;<\/li>\n\n\n\n<li>Bei Verarbeitungen, die auf einer Einwilligung beruhen, haben Sie das Recht, die Einwilligung jederzeit zu widerrufen, unbeschadet der Rechtm\u00e4\u00dfigkeit der Verarbeitung, die auf der vor dem Widerruf erteilten Einwilligung beruhte;<\/li>\n\n\n\n<li>Sie k\u00f6nnen auch eine Beschwerde bei der Datenschutzbeh\u00f6rde mit Sitz in Piazza Venezia 11, 00187 \u2013 Rom \u2013protocol@pec.gdpd.it einreichen.<\/li>\n<\/ul>\n\n\n\n<p>Um Ihre Rechte auszu\u00fcben oder zus\u00e4tzliche Informationen anzufordern, k\u00f6nnen Sie den Eigent\u00fcmer \u00fcber die oben genannten Kontaktinformationen kontaktieren.<\/p>\n\n\n\n<p><strong>K\u00f6nnen sich die Informationen in dieser Richtlinie \u00e4ndern?<\/strong><\/p>\n\n\n\n<p>Wir behalten uns das Recht vor, unsere Datenschutzrichtlinie zu aktualisieren. Wir werden \u00c4nderungen mitteilen, wenn wir dies f\u00fcr angemessen halten, und wir werden das Datum in dieser Datenschutzrichtlinie aktualisieren. Wir empfehlen daher, regelm\u00e4\u00dfig unsere Informationen zur Verarbeitung personenbezogener Daten einzusehen und beim Datenverantwortlichen eine Kopie anzufordern.<\/p>\n\n\n\n<p><em>Letzte Aktualisierung: 29.11.2024<\/em><\/p>\n\n\n\n<div style=\"height:100px\" aria-hidden=\"true\" class=\"wp-block-spacer\"><\/div>\n","protected":false},"excerpt":{"rendered":"<p>PERSONENBEZOGENER DATEN VONLIEFERANTEN (Informationen gem\u00e4\u00df Art. 13 und Art. 14 der Verordnung (EU) 679\/2016, sog. DSGVO) Im Folgenden stellen wir Ihnen einige Informationen zur Verf\u00fcgung, die Sie zur Kenntnis nehmen m\u00fcssen, nicht nur zur Einhaltung gesetzlicher Verpflichtungen, sondern auch, weil Transparenz und Fairness gegen\u00fcber Interessenten ein wesentlicher Bestandteil unserer T\u00e4tigkeit sind. Diese Informationen richten sich&hellip;<\/p>\n","protected":false},"author":3,"featured_media":0,"parent":15799,"menu_order":1,"comment_status":"closed","ping_status":"closed","template":"","meta":{"_acf_changed":false,"footnotes":""},"class_list":["post-34643","page","type-page","status-publish","hentry","description-off"],"acf":[],"_links":{"self":[{"href":"https:\/\/www.krupps.com\/de\/wp-json\/wp\/v2\/pages\/34643","targetHints":{"allow":["GET"]}}],"collection":[{"href":"https:\/\/www.krupps.com\/de\/wp-json\/wp\/v2\/pages"}],"about":[{"href":"https:\/\/www.krupps.com\/de\/wp-json\/wp\/v2\/types\/page"}],"author":[{"embeddable":true,"href":"https:\/\/www.krupps.com\/de\/wp-json\/wp\/v2\/users\/3"}],"replies":[{"embeddable":true,"href":"https:\/\/www.krupps.com\/de\/wp-json\/wp\/v2\/comments?post=34643"}],"version-history":[{"count":1,"href":"https:\/\/www.krupps.com\/de\/wp-json\/wp\/v2\/pages\/34643\/revisions"}],"predecessor-version":[{"id":34645,"href":"https:\/\/www.krupps.com\/de\/wp-json\/wp\/v2\/pages\/34643\/revisions\/34645"}],"up":[{"embeddable":true,"href":"https:\/\/www.krupps.com\/de\/wp-json\/wp\/v2\/pages\/15799"}],"wp:attachment":[{"href":"https:\/\/www.krupps.com\/de\/wp-json\/wp\/v2\/media?parent=34643"}],"curies":[{"name":"wp","href":"https:\/\/api.w.org\/{rel}","templated":true}]}}