	{"id":34598,"date":"2017-09-06T10:26:04","date_gmt":"2017-09-06T08:26:04","guid":{"rendered":"https:\/\/www.krupps.com\/privacy-policies\/informativa-al-trattamento-dei-dati-personali-dellutente\/"},"modified":"2025-05-05T16:08:57","modified_gmt":"2025-05-05T14:08:57","slug":"informativa-al-trattamento-dei-dati-personali-dellutente","status":"publish","type":"page","link":"https:\/\/www.krupps.com\/de\/privacy-policies\/informativa-al-trattamento-dei-dati-personali-dellutente\/","title":{"rendered":"INFORMATIONEN \u00dcBER DIE VERARBEITUNG PERSONENBEZOGENER DATEN"},"content":{"rendered":"\n<div class=\"wp-block-columns is-layout-flex wp-container-core-columns-is-layout-9d6595d7 wp-block-columns-is-layout-flex\">\n<div class=\"wp-block-column is-layout-flow wp-block-column-is-layout-flow\" style=\"flex-basis:100%\">\n<div style=\"height:57px\" aria-hidden=\"true\" class=\"wp-block-spacer\"><\/div>\n\n\n\n<p><\/p>\n\n\n\n<p class=\"has-text-align-center\"><strong>INFORMATIONEN \u00dcBER DIE VERARBEITUNG PERSONENBEZOGENER DATEN<br><\/strong><em>(Artikel 13 und 14 der EU-Verordnung 2016\/679 und Gesetzesdekret 196\/2003 und nachfolgende \u00c4nderungen )<\/em><em><\/em><\/p>\n\n\n\n<p>Lieber Nutzer,<\/p>\n\n\n\n<p>Im Folgenden stellen wir Ihnen einige Informationen zur Verf\u00fcgung, die Sie zur Kenntnis nehmen m\u00fcssen, nicht nur zur Einhaltung gesetzlicher Verpflichtungen, sondern auch, weil Transparenz und Fairness gegen\u00fcber Interessenten ein wesentlicher Bestandteil unserer T\u00e4tigkeit sind.<\/p>\n\n\n\n<p>Diese Informationen beschreiben die Methoden zur Verarbeitung der personenbezogenen Daten der Benutzer, die diese Website konsultieren, die in elektronischer Form unter <strong>https:\/\/www.krupps.com\/<\/strong>, <strong>http:\/\/www.krupps.uk.com\/<\/strong> und <strong>https:\/\/www.krupps.it\/<\/strong> verf\u00fcgbar ist.<\/p>\n\n\n\n<p>Diese Informationen betreffen nicht andere Websites, Seiten oder Online-Dienste, die \u00fcber Hypertext-Links erreicht werden k\u00f6nnen, die m\u00f6glicherweise auf der Website ver\u00f6ffentlicht werden, sondern auf Ressourcen au\u00dferhalb dieser Domain verweisen.<\/p>\n\n\n\n<div style=\"height:19px\" aria-hidden=\"true\" class=\"wp-block-spacer\"><\/div>\n\n\n\n<figure class=\"wp-block-table\"><table><tbody><tr><td class=\"has-text-align-center\" data-align=\"center\"><strong>D<strong>atenverantwortlicher<\/strong><\/strong><br><br><img decoding=\"async\" style=\"width: 100px;\" src=\"https:\/\/www.krupps.com\/wp-content\/uploads\/sites\/1\/2024\/12\/titolare-del-trattamento.png\" alt=\"\"><br><\/td><td>Der Datenverantwortliche (die Person, die \u00fcber die Zwecke und Methoden der Verarbeitung Ihrer personenbezogenen Daten entscheidet) ist <strong>Krupps Srl<\/strong><br><strong>Umsatzsteuer-Identifikationsnummer <\/strong>: 04251180289<br><strong>Website <\/strong>:\u00dcber \u00d6sterreich 19 \u2013 35127, Padua (PD) \u2013 Italien<br><strong>Telefon <\/strong>: 049 7625156<br><strong>E-Mail <\/strong>: <a href=\"mailto:privacy@krupps.com\">privatsph\u00e4re@krupps.com <\/a>, krupps@pec.it<br>&nbsp;<br>F\u00fcr die Verarbeitung, die die Ver\u00f6ffentlichung von Inhalten in sozialen Netzwerken umfasst, hat der <strong>Datenverantwortliche <\/strong>mit den Eigent\u00fcmern der sozialen Plattformen Standard-Miteigentumsvertr\u00e4ge abgeschlossen<\/td><\/tr><tr><td class=\"has-text-align-center\" data-align=\"center\"><strong>DPO<\/strong><br><br><img decoding=\"async\" src=\"https:\/\/www.krupps.com\/wp-content\/uploads\/sites\/1\/2024\/12\/DPO.png\" alt=\"\" style=\"width: 100px;\"><\/td><td>Der Datenschutzbeauftragte (DPO) kann unter den folgenden Adressen kontaktiert werden:<br><strong>E-Mail : <\/strong>dpo@krupps.com&nbsp;&nbsp;&nbsp;&nbsp;&nbsp;&nbsp;&nbsp;<br><strong>PEC: <\/strong>dataprotectionofficer@pec.it&nbsp;&nbsp;&nbsp;&nbsp;&nbsp;&nbsp;&nbsp;&nbsp;&nbsp;&nbsp;&nbsp;&nbsp;&nbsp;<\/td><\/tr><tr><td class=\"has-text-align-center\" data-align=\"center\"><strong><strong>Datenkategorien<\/strong><\/strong><br><br><img loading=\"lazy\" decoding=\"async\" width=\"100\" height=\"100\" class=\"wp-image-34520\" style=\"width: 100px;\" src=\"https:\/\/www.krupps.com\/wp-content\/uploads\/sites\/1\/2024\/12\/cATEGORIE-DI-DATI.png\" alt=\"\"><\/td><td>&#8211; Daten im Zusammenhang mit der Bereitstellung eines elektronischen Kommunikationsdienstes: Verkehrsdaten, Daten im Zusammenhang mit dem Surfen im Internet, IP-Adressen oder Dom\u00e4nennamen der Computer, die von Benutzern verwendet werden, die eine Verbindung zur Website herstellen; Zeitpunkt der Anfrage; Methode zur \u00dcbermittlung der Anfrage an den Server; numerischer Code, der den Status der vom Server gegebenen Antwort angibt (erfolgreich, Fehler usw.); weitere Parameter bez\u00fcglich des vom Nutzer verwendeten Betriebssystems und Browsers<br>&#8211; Personen-, Kontakt- und Adressdaten;<br>&#8211; Zugangs- und Authentifizierungsdaten;<br>&#8211; Multimediainhalte;<br>&#8211; Alle anderen Daten, die der Benutzer dem Datenverantwortlichen freiwillig zur Verf\u00fcgung stellen kann<\/td><\/tr><tr><td class=\"has-text-align-center\" data-align=\"center\"><strong>D<strong>atenquelle<\/strong><\/strong><br><br><img loading=\"lazy\" decoding=\"async\" width=\"100\" height=\"100\" class=\"wp-image-34527\" style=\"width: 100px;\" src=\"https:\/\/www.krupps.com\/wp-content\/uploads\/sites\/1\/2024\/12\/FONTE-DI-DATI.png\" alt=\"\"><\/td><td>Personenbezogene Daten werden vom Interessenten w\u00e4hrend der Navigation (siehe auch Cookie-Tabelle) oder durch vom Interessenten gesendete Mitteilungen und\/oder aus \u00f6ffentlich zug\u00e4nglichen Quellen, z.B. soziale Netzwerke.<\/td><\/tr><tr><td class=\"has-text-align-center\" data-align=\"center\"><strong><strong>Beitrag<\/strong><\/strong><br><br><img loading=\"lazy\" decoding=\"async\" width=\"100\" height=\"100\" class=\"wp-image-34534\" style=\"width: 100px;\" src=\"https:\/\/www.krupps.com\/wp-content\/uploads\/sites\/1\/2024\/12\/Conferimento.png\" alt=\"\"><br><\/td><td>Laddove segnalato, il conferimento dei suoi dati \u00e8 requisito necessario per perseguire le finalit\u00e0 di seguito indicate. Pertanto, in caso di mancato conferimento, non potremo eseguire il trattamento collegato.<\/td><\/tr><\/tbody><\/table><\/figure>\n\n\n\n<div style=\"height:29px\" aria-hidden=\"true\" class=\"wp-block-spacer\"><\/div>\n\n\n\n<p><strong><strong>Behandlungen<\/strong><\/strong><\/p>\n\n\n\n<p>Ihre personenbezogenen Daten werden mit automatisierten, halbautomatischen und nichtautomatisierten Methoden erhoben und verarbeitet , wie unten beschrieben:<\/p>\n\n\n\n<div class=\"wp-block-group\"><div class=\"wp-block-group__inner-container is-layout-constrained wp-block-group-is-layout-constrained\">\n<figure class=\"wp-block-table is-style-regular\"><table><tbody><tr><td class=\"has-text-align-center\" data-align=\"center\"><strong><strong>Zweck<\/strong><\/strong><br><img loading=\"lazy\" decoding=\"async\" width=\"100\" height=\"85\" class=\"wp-image-34541\" style=\"width: 100px;\" src=\"https:\/\/www.krupps.com\/wp-content\/uploads\/sites\/1\/2024\/12\/finalita.png\" alt=\"\"><\/td><td class=\"has-text-align-center\" data-align=\"center\"><strong><strong>Rechtsgrundlage<\/strong><\/strong><br><img loading=\"lazy\" decoding=\"async\" width=\"100\" height=\"100\" class=\"wp-image-34534\" style=\"width: 100px;\" src=\"https:\/\/www.krupps.com\/wp-content\/uploads\/sites\/1\/2024\/12\/Conferimento.png\" alt=\"\"><\/td><td class=\"has-text-align-center\" data-align=\"center\"><strong>Erhaltung*<\/strong><br><img loading=\"lazy\" decoding=\"async\" width=\"100\" height=\"92\" class=\"wp-image-34548\" style=\"width: 100px;\" src=\"https:\/\/www.krupps.com\/wp-content\/uploads\/sites\/1\/2024\/12\/conservazione.png\" alt=\"\"><\/td><\/tr><tr><td class=\"has-text-align-center\" data-align=\"center\">Erm\u00f6glichen Sie die vollst\u00e4ndige Nutzung der<br> Funktionalit\u00e4t der Website<\/td><td class=\"has-text-align-center\" data-align=\"center\">Vorvertragliche oder vertragliche Ma\u00dfnahmen <br>(Erbringung der gew\u00fcnschten Leistung oder Bereitstellung)<\/td><td class=\"has-text-align-center\" data-align=\"center\">Die Dauer h\u00e4ngt vom jeweiligen <br>Cookie ab und kann den entsprechenden <br>Informationen entnommen werden<\/td><\/tr><tr><td class=\"has-text-align-center\" data-align=\"center\">Erm\u00f6glicht auch die Analyse der Website <br>und ihres Datenverkehrs Optimierung zur <br>Sicherstellung der Benutzerfreundlichkeit<\/td><td class=\"has-text-align-center\" data-align=\"center\">Einwilligung** \u00fcber Cookie-Banner<\/td><td class=\"has-text-align-center\" data-align=\"center\">Die Dauer h\u00e4ngt vom jeweiligen <br>Cookie ab und kann den entsprechenden <br>Informationen entnommen werden<\/td><\/tr><tr><td class=\"has-text-align-center\" data-align=\"center\">Inhalte Dritter im Zusammenhang mit <br>sozialen Medien anzeigen <br>(z. B. YouTube und Facebook )<\/td><td class=\"has-text-align-center\" data-align=\"center\">Einwilligung** \u00fcber Cookie-Banner<\/td><td class=\"has-text-align-center\" data-align=\"center\">Die Dauer h\u00e4ngt vom jeweiligen <br>Cookie ab und kann den entsprechenden <br>Informationen entnommen werden<\/td><\/tr><tr><td class=\"has-text-align-center\" data-align=\"center\">Zeigen Sie Werbung Dritter <br>basierend auf Ihren Interessen an<\/td><td class=\"has-text-align-center\" data-align=\"center\">Einwilligung** \u00fcber Cookie-Banner<\/td><td class=\"has-text-align-center\" data-align=\"center\">Die Dauer h\u00e4ngt vom jeweiligen Cookie ab <br>und kann den entsprechenden <br>Informationen entnommen werden<\/td><\/tr><tr><td class=\"has-text-align-center\" data-align=\"center\">Verfolgen Sie die Anfragen des Interessenten <br>und verwalten Sie vorvertragliche<br> oder vertragliche Verpflichtungen<\/td><td class=\"has-text-align-center\" data-align=\"center\">Vorvertragliche oder vertragliche Ma\u00dfnahmen <br>(Erbringung der gew\u00fcnschten Leistung oder Bereitstellung)<\/td><td class=\"has-text-align-center\" data-align=\"center\">10 Jahre ab dem Jahr der Anfrage<\/td><\/tr><tr><td class=\"has-text-align-center\" data-align=\"center\">Zusendung von Informations- und\/oder Werbematerial <br>(z.B. Newsletter)<\/td><td class=\"has-text-align-center\" data-align=\"center\">Einwilligung des Interessenten**<\/td><td class=\"has-text-align-center\" data-align=\"center\">Bis zum Widerruf der Einwilligung. <br>Dann beschr\u00e4nkt sich die Verarbeitung auf die blo\u00dfe <br>Speicherung f\u00fcr 10 Jahre ab dem Jahr, in dem die <br>Einwilligung widerrufen wurde<\/td><\/tr><tr><td class=\"has-text-align-center\" data-align=\"center\">Verwalten Sie die Verpflichtungen <br>zum Schutz personenbezogener Daten<\/td><td class=\"has-text-align-center\" data-align=\"center\">Einhaltung einer gesetzlichen Verpflichtung<\/td><td class=\"has-text-align-center\" data-align=\"center\">Unter Einhaltung der f\u00fcr die Hauptreferenzbehandlung <br>vorgesehenen Lagerzeiten; <br>10 Jahre ab dem Jahr der Bearbeitung eines<br> Antrags auf Aus\u00fcbung von Rechten.<\/td><\/tr><tr><td class=\"has-text-align-center\" data-align=\"center\">Verhindern und\/oder erkennen Sie Missbrauch und <br>verteidigen Sie die Rechte und Interessen des Eigent\u00fcmers<\/td><td class=\"has-text-align-center\" data-align=\"center\">Berechtigtes Interesse an der Wahrung der eigenen Rechte <br>und Interessen vor Gericht oder in der <br>Vorbereitungsphase f\u00fcr eine m\u00f6gliche Geltendmachung<\/td><td class=\"has-text-align-center\" data-align=\"center\">Bis zum Ablauf der Verj\u00e4hrungsfrist, sofern kein Streit vorliegt. <br>In diesem Fall werden die Daten bis zur <br>endg\u00fcltigen Beendigung des Streitfalls gespeichert<\/td><\/tr><tr><td class=\"has-text-align-center\" data-align=\"center\">Verwaltung und Wartung des Netzwerks und der IT-Systeme<\/td><td class=\"has-text-align-center\" data-align=\"center\">Verfolgung des berechtigten Interesses des Datenverantwortlichen<\/td><td class=\"has-text-align-center\" data-align=\"center\">In \u00dcbereinstimmung mit den Sicherheitsimplementierungen <br>und den Bestimmungen f\u00fcr die Hauptreferenzverarbeitung; <br>18 Monate hinsichtlich der <br>Pflichten gegen\u00fcber Systemadministratoren<\/td><\/tr><\/tbody><\/table><\/figure>\n<\/div><\/div>\n\n\n\n<p>* Zus\u00e4tzlich zu der Zeit, die erforderlich ist, um die Verj\u00e4hrungsfrist f\u00fcr gegenseitige Rechte und die Aufbewahrungsdauer von Backups zu verj\u00e4hren<\/p>\n\n\n\n<p>** Wenn Sie keine Einwilligung erteilen, werden die personenbezogenen Daten nicht f\u00fcr die spezifischen Zwecke verarbeitet. Die Einwilligung kann jederzeit durch Kontaktaufnahme mit dem Inhaber unter den oben angegebenen Kontaktdaten oder \u00fcber den Cookie-Banner widerrufen werden.<\/p>\n\n\n\n<div style=\"height:27px\" aria-hidden=\"true\" class=\"wp-block-spacer\"><\/div>\n\n\n\n<figure class=\"wp-block-table\"><table><tbody><tr><td class=\"has-text-align-center\" data-align=\"center\"><strong><strong><strong>Automatisierte Prozesse und Profiling<\/strong><\/strong><\/strong><\/td><td>Wir informieren Sie dar\u00fcber, dass wir zur Verfolgung einiger der oben genannten Zwecke automatisierte Prozesse (Entscheidungsprozesse, die unter Einsatz technischer Hilfsmittel ohne menschliches Eingreifen durchgef\u00fchrt werden) einsetzen. Hierzu geh\u00f6rt auch die Profilerstellung, also die Erhebung von Informationen \u00fcber Sie Der Zweck besteht darin, seine Eigenschaften zu analysieren und sie in Kategorien oder Gruppen einzuordnen oder Auswertungen vornehmen zu k\u00f6nnen, wie z. B. die Zusendung personalisierter Werbematerialien auf der Grundlage fr\u00fcherer Konsumentscheidungen oder Prognosen.<\/td><\/tr><tr><td class=\"has-text-align-center\" data-align=\"center\"><strong><strong><strong>Datenkommunikatio<\/strong><\/strong><\/strong><br><br><img loading=\"lazy\" decoding=\"async\" width=\"100\" height=\"100\" class=\"wp-image-34555\" style=\"width: 100px;\" src=\"https:\/\/www.krupps.com\/wp-content\/uploads\/sites\/1\/2024\/12\/comunicazione-dei-dati.png\" alt=\"\"><\/td><td>Ihre Daten d\u00fcrfen ausschlie\u00dflich f\u00fcr technische und betriebliche Zwecke, die eng mit den oben genannten Zwecken verbunden sind, an Personen weitergegeben werden, die die Daten unter der Aufsicht des Eigent\u00fcmers verarbeiten, der gem\u00e4\u00df Art. 29 EU-Verordnung 2016\/679, an Subjekte, die die Daten im Auftrag des Eigent\u00fcmers verarbeiten, der gem\u00e4\u00df Art. 28 der EU-Verordnung 2016\/679 sowie an \u00f6ffentliche Stellen, gegen\u00fcber denen eine gesetzliche Verpflichtung zur Kommunikation besteht.<\/td><\/tr><tr><td class=\"has-text-align-center\" data-align=\"center\"><strong><strong><strong>Daten\u00fcbermittlung au\u00dferhalb der EU<\/strong><\/strong><\/strong><br><br><img loading=\"lazy\" decoding=\"async\" width=\"100\" height=\"79\" class=\"wp-image-34562\" style=\"width: 100px;\" src=\"https:\/\/www.krupps.com\/wp-content\/uploads\/sites\/1\/2024\/12\/trasferimento-dati-extra-ue.png\" alt=\"\"><\/td><td>Obwohl wir uns daf\u00fcr einsetzen, Dienste zu w\u00e4hlen, die die Verarbeitung personenbezogener Daten unserer Nutzer auf ein Minimum beschr\u00e4nken, kann die Verarbeitung personenbezogener Daten f\u00fcr die oben genannten Zwecke, die den Einsatz von Cookies und anderen Tracking-Tools beinhaltet, die \u00dcbertragung einiger nur indirekt identifizierbarer Daten beinhalten L\u00e4nder, die au\u00dferhalb des Gebiets der EU oder des Europ\u00e4ischen Wirtschaftsraums (EWR) liegen, insbesondere in Richtung der Vereinigten Staaten.<br>F\u00fcr die gerade beschriebenen Zwecke sowie die anderen oben genannten Zwecke d\u00fcrfen personenbezogene Daten nur dann \u00fcbermittelt werden, wenn einer der in den Artikeln genannten F\u00e4lle vorliegt. 44 ff. der EU-Verordnung 2016\/679.<\/td><\/tr><tr><td class=\"has-text-align-center\" data-align=\"center\"><strong><strong><strong>Rechte des Interessenten<\/strong><\/strong><\/strong><br><br><img loading=\"lazy\" decoding=\"async\" width=\"100\" height=\"100\" class=\"wp-image-34569\" style=\"width: 100px;\" src=\"https:\/\/www.krupps.com\/wp-content\/uploads\/sites\/1\/2024\/12\/diritti.png\" alt=\"\"><br><\/td><td>Der Interessent hat das Recht gem\u00e4\u00df den Bestimmungen der Satzung. Gem\u00e4\u00df Art. 15 ff. der EU-Verordnung 2016\/679 k\u00f6nnen Sie vom Datenverantwortlichen den Zugriff auf Ihre personenbezogenen Daten sowie deren Berichtigung, L\u00f6schung oder L\u00f6schung verlangen. Der Interessent hat au\u00dferdem das Recht, die Daten\u00fcbertragbarkeit und die Einschr\u00e4nkung der Verarbeitung zu verlangen oder sich dagegen zu wehren. Dar\u00fcber hinaus hat der Interessent das Recht, den wesentlichen Inhalt der Miteigentumsvertr\u00e4ge einzusehen.<br>Bei einer Verarbeitung aufgrund einer Einwilligung hat der Interessent das Recht, die Einwilligung jederzeit zu widerrufen, unbeschadet der Rechtm\u00e4\u00dfigkeit der Verarbeitung aufgrund der vor dem Widerruf erteilten Einwilligung. Um seine Rechte auszu\u00fcben oder zus\u00e4tzliche Informationen anzufordern, kann sich der Interessent \u00fcber die oben genannten Kontaktinformationen an den Eigent\u00fcmer wenden.<\/td><\/tr><tr><td class=\"has-text-align-center\" data-align=\"center\"><strong><strong>Beschwerde des<\/strong><\/strong><br><br><img loading=\"lazy\" decoding=\"async\" width=\"100\" height=\"100\" class=\"wp-image-34576\" style=\"width: 100px;\" src=\"https:\/\/www.krupps.com\/wp-content\/uploads\/sites\/1\/2024\/12\/reclamo.png\" alt=\"\"><\/td><td>Der Interessent kann auch eine Beschwerde bei der Datenschutzbeh\u00f6rde mit Sitz in Piazza Venezia 11, 00187 \u2013 Rom \u2013 ufficio@pec.gdpd.it einreichen<\/td><\/tr><tr><td class=\"has-text-align-center\" data-align=\"center\"><strong><strong>Nutzung der Website durch Minderj\u00e4hrige<\/strong><\/strong><\/td><td>Die Website und die damit verbundenen Dienste richten sich nicht an Minderj\u00e4hrige. Daher werden von ihnen keine personenbezogenen Daten erhoben. Wenn wir Kenntnis davon erlangen, dass unabsichtlich Informationen von oder \u00fcber Minderj\u00e4hrige gesammelt werden, wird der Website-Eigent\u00fcmer angemessene Schritte unternehmen, um diese so schnell wie m\u00f6glich zu l\u00f6schen, es sei denn, es besteht eine gesetzliche Verpflichtung zur Aufbewahrung. Die Website wird jeden Bericht \u00fcber die unwissentliche Sammlung von Informationen von oder \u00fcber Minderj\u00e4hrige untersuchen; Der Nutzer verpflichtet sich, keine Daten von Minderj\u00e4hrigen einzugeben und jede versehentliche Erhebung, die sich aus der Nutzung unserer Dienste ergibt, zu melden .dall\u2019utilizzo dei nostri servizi.<\/td><\/tr><tr><td class=\"has-text-align-center\" data-align=\"center\"><strong><strong>Informationsaktualisierung<\/strong><\/strong><\/td><td>Der Eigent\u00fcmer beh\u00e4lt sich das Recht vor, jederzeit \u00c4nderungen an dieser Datenschutzrichtlinie vorzunehmen und die Benutzer auf dieser Seite dar\u00fcber zu informieren. Besucher werden daher gebeten, diese Seite regelm\u00e4\u00dfig zu konsultieren und dabei das unten angegebene Datum der letzten \u00c4nderung als Referenz zu verwenden.<\/td><\/tr><\/tbody><\/table><\/figure>\n\n\n\n<div style=\"height:18px\" aria-hidden=\"true\" class=\"wp-block-spacer\"><\/div>\n\n\n\n<p>Zuletzt aktualisiert am 12.11.2024<\/p>\n<\/div>\n<\/div>\n\n\n\n<div style=\"height:58px\" aria-hidden=\"true\" class=\"wp-block-spacer\"><\/div>\n","protected":false},"excerpt":{"rendered":"<p>INFORMATIONEN \u00dcBER DIE VERARBEITUNG PERSONENBEZOGENER DATEN(Artikel 13 und 14 der EU-Verordnung 2016\/679 und Gesetzesdekret 196\/2003 und nachfolgende \u00c4nderungen ) Lieber Nutzer, Im Folgenden stellen wir Ihnen einige Informationen zur Verf\u00fcgung, die Sie zur Kenntnis nehmen m\u00fcssen, nicht nur zur Einhaltung gesetzlicher Verpflichtungen, sondern auch, weil Transparenz und Fairness gegen\u00fcber Interessenten ein wesentlicher Bestandteil unserer T\u00e4tigkeit&hellip;<\/p>\n","protected":false},"author":3,"featured_media":0,"parent":15799,"menu_order":1,"comment_status":"closed","ping_status":"closed","template":"","meta":{"_acf_changed":false,"footnotes":""},"class_list":["post-34598","page","type-page","status-publish","hentry","description-off"],"acf":[],"_links":{"self":[{"href":"https:\/\/www.krupps.com\/de\/wp-json\/wp\/v2\/pages\/34598","targetHints":{"allow":["GET"]}}],"collection":[{"href":"https:\/\/www.krupps.com\/de\/wp-json\/wp\/v2\/pages"}],"about":[{"href":"https:\/\/www.krupps.com\/de\/wp-json\/wp\/v2\/types\/page"}],"author":[{"embeddable":true,"href":"https:\/\/www.krupps.com\/de\/wp-json\/wp\/v2\/users\/3"}],"replies":[{"embeddable":true,"href":"https:\/\/www.krupps.com\/de\/wp-json\/wp\/v2\/comments?post=34598"}],"version-history":[{"count":3,"href":"https:\/\/www.krupps.com\/de\/wp-json\/wp\/v2\/pages\/34598\/revisions"}],"predecessor-version":[{"id":35577,"href":"https:\/\/www.krupps.com\/de\/wp-json\/wp\/v2\/pages\/34598\/revisions\/35577"}],"up":[{"embeddable":true,"href":"https:\/\/www.krupps.com\/de\/wp-json\/wp\/v2\/pages\/15799"}],"wp:attachment":[{"href":"https:\/\/www.krupps.com\/de\/wp-json\/wp\/v2\/media?parent=34598"}],"curies":[{"name":"wp","href":"https:\/\/api.w.org\/{rel}","templated":true}]}}