	{"id":32176,"date":"2017-09-20T11:11:12","date_gmt":"2017-09-20T09:11:12","guid":{"rendered":"https:\/\/www.krupps.com\/?page_id=32176"},"modified":"2024-02-21T12:15:49","modified_gmt":"2024-02-21T11:15:49","slug":"kera-range","status":"publish","type":"page","link":"https:\/\/www.krupps.com\/de\/katalog\/kera-range\/","title":{"rendered":"KERA range"},"content":{"rendered":"<div class=\"wpb-content-wrapper\"><p>[vc_row][vc_column]<div class=\"ult-spacer spacer-69e23c0482c8e\" data-id=\"69e23c0482c8e\" data-height=\"40\" data-height-mobile=\"40\" data-height-tab=\"40\" data-height-tab-portrait=\"40\" data-height-mobile-landscape=\"40\" style=\"clear:both;display:block;\"><\/div><div class=\"dt-fancy-separator title-left h1-size style-disabled\" style=\"width: 100%;\"><div class=\"dt-fancy-title\" style=\"color: #000000;\"><span class=\"separator-holder separator-left\"><\/span>KERA range<span class=\"separator-holder separator-right\"><\/span><\/div><\/div><div class=\"ult-spacer spacer-69e23c0482ce4\" data-id=\"69e23c0482ce4\" data-height=\"10\" data-height-mobile=\"10\" data-height-tab=\"10\" data-height-tab-portrait=\"10\" data-height-mobile-landscape=\"10\" style=\"clear:both;display:block;\"><\/div><div class=\"dt-fancy-separator title-left h4-size style-disabled\" style=\"width: 100%;\"><div class=\"dt-fancy-title\" style=\"color: #000000;\"><span class=\"separator-holder separator-left\"><\/span>Ein neues Wascherlebnis<span class=\"separator-holder separator-right\"><\/span><\/div><\/div><div class=\"ult-spacer spacer-69e23c0482d23\" data-id=\"69e23c0482d23\" data-height=\"40\" data-height-mobile=\"40\" data-height-tab=\"40\" data-height-tab-portrait=\"40\" data-height-mobile-landscape=\"40\" style=\"clear:both;display:block;\"><\/div>[vc_row_inner][vc_column_inner][vc_column_text]Innovativ, modern, elegant: <strong>Kera<\/strong> ist die Serie, die <strong>Technologie<\/strong>, <strong>Design<\/strong> und <strong>exzellente Leistung<\/strong> mit einem starken Fokus auf Nachhaltigkeit verbindet.<\/p>\n<p>Die <strong>minimalistischen Linien<\/strong> und die Farbgebung &#8218;<strong>Intense Black<\/strong>&#8218; schaffen eine Serie, die Modernit\u00e4t und Stil verk\u00f6rpert.<br \/>\nDas <strong>5&#8243;<\/strong>vertikale Touchscreen-Panel macht jeden Schritt, von der Programmauswahl bis zur Parameterverwaltung, intuitiv, f\u00fcr <strong>ein noch nie dagewesenes Wascherlebnis<\/strong>.<\/p>\n<p>Die <strong>Kera<\/strong> bietet eine gro\u00dfe Auswahl an Waschzyklen, die die Baureihe sehr anpassungsf\u00e4hig und individuell gestaltbar machen, um jedem Bedarf gerecht zu werden.<br \/>\nDie Baureihe ist vollst\u00e4ndig <strong>voll optional<\/strong> und mit den neuesten Technologien wie <strong>Doppelw\u00e4nden<\/strong>, <strong>SOFT Start,<\/strong> <strong>SOFT Door<\/strong>, <strong>Acquatech System<\/strong> und dem <strong>Level Control System (LCS)<\/strong> ausgestattet. Dank der integrierten <strong>Bluetooth- und Wi-Fi-Verbindung<\/strong> kann jedes Modell \u00fcber die <strong>Krupps Remote Control<\/strong> App und die digitale Plattform <strong>Ikloud<\/strong> vollst\u00e4ndig ferngesteuert werden.<\/p>\n<p>Die <strong>Kera<\/strong>-Reihe wurde entwickelt, um Ihnen das Nonplusultra an \u00f6kologischer Nachhaltigkeit zu bieten. Sie bietet eine hervorragende Leistung mit einer <strong>Einsparung von \u00fcber 30 % des t\u00e4glichen Energieverbrauchs<\/strong>.[\/vc_column_text][\/vc_column_inner][\/vc_row_inner]<div class=\"ult-spacer spacer-69e23c0482d37\" data-id=\"69e23c0482d37\" data-height=\"40\" data-height-mobile=\"40\" data-height-tab=\"40\" data-height-tab-portrait=\"40\" data-height-mobile-landscape=\"40\" style=\"clear:both;display:block;\"><\/div>[\/vc_column][\/vc_row]<\/p>\n<\/div>","protected":false},"excerpt":{"rendered":"<p>[vc_row][vc_column][vc_row_inner][vc_column_inner][vc_column_text]Innovativ, modern, elegant: Kera ist die Serie, die Technologie, Design und exzellente Leistung mit einem starken Fokus auf Nachhaltigkeit verbindet. Die minimalistischen Linien und die Farbgebung &#8218;Intense Black&#8218; schaffen eine Serie, die Modernit\u00e4t und Stil verk\u00f6rpert. Das 5&#8243;vertikale Touchscreen-Panel macht jeden Schritt, von der Programmauswahl bis zur Parameterverwaltung, intuitiv, f\u00fcr ein noch nie dagewesenes Wascherlebnis.&hellip;<\/p>\n","protected":false},"author":11725,"featured_media":0,"parent":16876,"menu_order":0,"comment_status":"closed","ping_status":"closed","template":"tax-linea.php","meta":{"_acf_changed":false,"footnotes":""},"class_list":["post-32176","page","type-page","status-publish","hentry","description-off"],"acf":[],"_links":{"self":[{"href":"https:\/\/www.krupps.com\/de\/wp-json\/wp\/v2\/pages\/32176","targetHints":{"allow":["GET"]}}],"collection":[{"href":"https:\/\/www.krupps.com\/de\/wp-json\/wp\/v2\/pages"}],"about":[{"href":"https:\/\/www.krupps.com\/de\/wp-json\/wp\/v2\/types\/page"}],"author":[{"embeddable":true,"href":"https:\/\/www.krupps.com\/de\/wp-json\/wp\/v2\/users\/11725"}],"replies":[{"embeddable":true,"href":"https:\/\/www.krupps.com\/de\/wp-json\/wp\/v2\/comments?post=32176"}],"version-history":[{"count":6,"href":"https:\/\/www.krupps.com\/de\/wp-json\/wp\/v2\/pages\/32176\/revisions"}],"predecessor-version":[{"id":32303,"href":"https:\/\/www.krupps.com\/de\/wp-json\/wp\/v2\/pages\/32176\/revisions\/32303"}],"up":[{"embeddable":true,"href":"https:\/\/www.krupps.com\/de\/wp-json\/wp\/v2\/pages\/16876"}],"wp:attachment":[{"href":"https:\/\/www.krupps.com\/de\/wp-json\/wp\/v2\/media?parent=32176"}],"curies":[{"name":"wp","href":"https:\/\/api.w.org\/{rel}","templated":true}]}}