	{"id":23469,"date":"2020-04-09T11:14:07","date_gmt":"2020-04-09T09:14:07","guid":{"rendered":"https:\/\/www.krupps.com\/klean-lab\/"},"modified":"2025-05-07T10:06:57","modified_gmt":"2025-05-07T08:06:57","slug":"klean-lab","status":"publish","type":"page","link":"https:\/\/www.krupps.com\/de\/klean-lab\/","title":{"rendered":"KLEAN LAB"},"content":{"rendered":"<div class=\"wpb-content-wrapper\"><p>[vc_row][vc_column]<div class=\"ult-spacer spacer-69ea121152744\" data-id=\"69ea121152744\" data-height=\"65\" data-height-mobile=\"15\" data-height-tab=\"65\" data-height-tab-portrait=\"50\" data-height-mobile-landscape=\"15\" style=\"clear:both;display:block;\"><\/div>[\/vc_column][\/vc_row][vc_row][vc_column][vc_column_text]<\/p>\n<h1 style=\"text-align: left;\"><span style=\"color: #009390;\">KLEAN LAB<\/span> ist das grundlegende Werkzeug f\u00fcr die Hygiene von Krankenh\u00e4usern, medizinischen und veterin\u00e4rmedizinischen Labors, Pflegeheimen und Lebensmittellabors<\/h1>\n<p>&nbsp;<\/p>\n<p>Hygiene ist ein heikles Thema bei bestimmten Aktivit\u00e4ten wie Behandlungsr\u00e4ume, in denen die Angeh\u00f6rigen der Gesundheitsberufe die Schuhe als Transportmittel zwischen einer Umgebung und einer anderen verwenden.<\/p>\n<p>Jeden Tag legen das medizinische Fachpersonal, \u00c4rzte, Mitarbeiter der Lebensmittelabteilung von Superm\u00e4rkten und Analysemitarbeiter Tausende von Schritten zwischen einem Labor und einem anderen zur\u00fcck; ihre T\u00e4tigkeiten sind sehr wichtig und es ist wichtig sicherzustellen, dass sie mit maximaler Sicherheit ausgef\u00fchrt werden, um zu vermeiden, dass sich Schmutz und Bakterien zwischen verschiedenen Umgebungen bewegen.<\/p>\n<p class=\"_04xlpA direction-ltr align-justify para-style-body\" style=\"text-align: left;\"><span style=\"color: #009390;\">KLEAN LAB\u00a0<\/span>garantiert das <strong>Sp\u00fclen und Desinfizieren von Berufsschuhen<\/strong> und tr\u00e4gt zur Desinfektion der Clogs bei, die von dem <strong>medizinischen Personal<\/strong> und den <strong>Angeh\u00f6rigen der Gesundheitsberufe<\/strong>, <strong>Labortechnikern<\/strong> und <strong>Mitarbeitern der Lebensmittelkette<\/strong>, einschlie\u00dflich <strong>B\u00e4ckereien<\/strong>, den <strong>gro\u00dfen Einzelhandelsunternehmen<\/strong>, <strong>Metzgereien<\/strong> und <strong>Konditoreien<\/strong> benutzt werden.<\/p>\n<h3>Desinfektion und Einfachheit: zwei Schl\u00fcsselw\u00f6rter<\/h3>\n<p style=\"text-align: left;\"><span style=\"color: #009390;\"><span style=\"color: #000000;\">Die Verwendung von<\/span> KLEAN LAB<\/span><\/p>\n<p>ist \u00e4u\u00dferst einfach. Der Bediener positioniert den Clog im Korb, w\u00e4hlt das Sp\u00fclprogramm-Symbol auf dem Touch-Display aus und klickt auf Start, um den Sp\u00fclzyklus zu starten. Die Sp\u00fclung besteht aus verschiedenen Stufen, einschlie\u00dflich <strong>Vorw\u00e4sche<\/strong>, <strong>Nachsp\u00fclen<\/strong> <strong>bei hohen Temperaturen<\/strong> und <strong>vollst\u00e4ndiger Entleerung<\/strong> des Waschtanks. Dieses strukturierte Verfahren verwendet die Kombination von Temperatur, spezifischen Reinigungsmitteln mit Desinfektionswirkung und einer bestimmten Sp\u00fclzeit, wesentliche Elemente, um sicherzustellen, dass die Schuhe, die t\u00e4glich von allen Bedienern verwendet werden, perfekt sauber und desinfiziert sind, was zur Gew\u00e4hrleistung einer <strong>immer noch ges\u00fcnder Arbeitsumgebung<\/strong> beitr\u00e4gt.<\/p>\n<p>Dieses Modell ist mit einem speziellen Korb ausgestattet, der ausschlie\u00dflich zum Sp\u00fclen aller Arten von Schuhen mit gr\u00f6\u00dfter Sorgfalt in allen Teilen entwickelt wurde. Zusammen mit der Wirkung vom Sp\u00fclmittel und\u00a0<span class=\"JsGRdQ\"><strong>KLEAN ADD EXTRA<\/strong><\/span>, dem <strong>schnell wirkenden Desinfektionss\u00e4ure<\/strong>, wird jeder Schuh perfekt gereinigt und desinfiziert.[\/vc_column_text]<div class=\"ult-spacer spacer-69ea12115276d\" data-id=\"69ea12115276d\" data-height=\"40\" data-height-mobile=\"20\" data-height-tab=\"40\" data-height-tab-portrait=\"40\" data-height-mobile-landscape=\"20\" style=\"clear:both;display:block;\"><\/div>[\/vc_column][\/vc_row][vc_row][vc_column width=&#8220;2\/5&#8243;]<div class=\"ult-spacer spacer-69ea1211527b0\" data-id=\"69ea1211527b0\" data-height=\"90\" data-height-mobile=\"2\" data-height-tab=\"90\" data-height-tab-portrait=\"90\" data-height-mobile-landscape=\"2\" style=\"clear:both;display:block;\"><\/div>[vc_single_image image=&#8220;23471&#8243; img_size=&#8220;large&#8220; alignment=&#8220;center&#8220;][\/vc_column][vc_column width=&#8220;3\/5&#8243;]<div id=\"ult-carousel-79042188669ea1211528ce\" class=\"ult-carousel-wrapper   ult_horizontal\" data-gutter=\"15\" data-rtl=\"false\" ><div class=\"ult-carousel-57795158169ea1211527f2 \" >[vc_single_image image=&#8220;23376&#8243; img_size=&#8220;large&#8220; alignment=&#8220;center&#8220;][vc_single_image image=&#8220;23395&#8243; img_size=&#8220;large&#8220; alignment=&#8220;center&#8220;][vc_single_image image=&#8220;23375&#8243; img_size=&#8220;large&#8220; alignment=&#8220;center&#8220;][vc_single_image image=&#8220;23383&#8243; img_size=&#8220;large&#8220; alignment=&#8220;center&#8220;][vc_single_image image=&#8220;23362&#8243; img_size=&#8220;large&#8220; alignment=&#8220;center&#8220;][vc_single_image image=&#8220;23379&#8243; img_size=&#8220;large&#8220; alignment=&#8220;center&#8220;]<\/div><\/div>\t\t\t<script type=\"text\/javascript\">\n\t\t\t\tjQuery(document).ready(function ($) {\n\t\t\t\t\tif( typeof jQuery('.ult-carousel-57795158169ea1211527f2').slick == \"function\"){\n\t\t\t\t\t\t$('.ult-carousel-57795158169ea1211527f2').slick({dots: true,autoplay: true,autoplaySpeed: \"2000\",speed: \"300\",infinite: true,arrows: true,nextArrow: '<button type=\"button\" role=\"button\" aria-label=\"Next\" style=\"color:#333333; font-size:20px;\" class=\"slick-next default\"><i class=\"ultsl-arrow-right4\"><\/i><\/button>',prevArrow: '<button type=\"button\" role=\"button\" aria-label=\"Previous\" style=\"color:#333333; font-size:20px;\" class=\"slick-prev default\"><i class=\"ultsl-arrow-left4\"><\/i><\/button>',slidesToScroll:1,slidesToShow:1,swipe: true,draggable: true,touchMove: true,pauseOnHover: true,pauseOnFocus: false,responsive: [\n\t\t\t\t\t\t\t{\n\t\t\t\t\t\t\t  breakpoint: 1026,\n\t\t\t\t\t\t\t  settings: {\n\t\t\t\t\t\t\t\tslidesToShow: 1,\n\t\t\t\t\t\t\t\tslidesToScroll: 1,  \n\t\t\t\t\t\t\t  }\n\t\t\t\t\t\t\t},\n\t\t\t\t\t\t\t{\n\t\t\t\t\t\t\t  breakpoint: 1025,\n\t\t\t\t\t\t\t  settings: {\n\t\t\t\t\t\t\t\tslidesToShow: 1,\n\t\t\t\t\t\t\t\tslidesToScroll: 1\n\t\t\t\t\t\t\t  }\n\t\t\t\t\t\t\t},\n\t\t\t\t\t\t\t{\n\t\t\t\t\t\t\t  breakpoint: 760,\n\t\t\t\t\t\t\t  settings: {\n\t\t\t\t\t\t\t\tslidesToShow: 1,\n\t\t\t\t\t\t\t\tslidesToScroll: 1\n\t\t\t\t\t\t\t  }\n\t\t\t\t\t\t\t}\n\t\t\t\t\t\t],pauseOnDotsHover: true,customPaging: function(slider, i) {\n                   return '<i type=\"button\" style= \"color:#333333;\" class=\"ultsl-record\" data-role=\"none\"><\/i>';\n                },});\n\t\t\t\t\t}\n\t\t\t\t});\n\t\t\t<\/script>\n\t\t\t[\/vc_column][\/vc_row][vc_row][vc_column]<div class=\"ult-spacer spacer-69ea121152919\" data-id=\"69ea121152919\" data-height=\"40\" data-height-mobile=\"10\" data-height-tab=\"40\" data-height-tab-portrait=\"40\" data-height-mobile-landscape=\"10\" style=\"clear:both;display:block;\"><\/div>[vc_column_text css=&#8220;&#8220;]<\/p>\n<h3>Sicherheit ist wichtig, wenn es um Reinigung und Hygiene geht.<\/h3>\n<p>Jede Umgebung muss in der Lage sein, hohe Sicherheitsstandards zu erf\u00fcllen, um effizient und in Ruhe arbeiten zu k\u00f6nnen.<\/p>\n<p>Das fortschrittliche <strong>Selbstdiagnosesystem<\/strong> sorgt immer f\u00fcr eine optimale Leistung und garantiert dank seiner einfachen Meldungen und Vorschl\u00e4ge, die direkt auf dem Display angezeigt werden, eine h\u00f6here Sicherheit des Personals. Dies bietet eine hervorragende Unterst\u00fctzung in Echtzeit.[\/vc_column_text]<div class=\"ult-spacer spacer-69ea12115292f\" data-id=\"69ea12115292f\" data-height=\"40\" data-height-mobile=\"10\" data-height-tab=\"40\" data-height-tab-portrait=\"40\" data-height-mobile-landscape=\"10\" style=\"clear:both;display:block;\"><\/div>[\/vc_column][\/vc_row][vc_row][vc_column][vc_btn title=&#8220;ERHALTEN SIE MEHR INFORMATIONEN&#8220; style=&#8220;custom&#8220; custom_background=&#8220;#009390&#8243; custom_text=&#8220;#ffffff&#8220; size=&#8220;lg&#8220; align=&#8220;center&#8220; link=&#8220;url:https%3A%2F%2Fwww.krupps.com%2Fcontatti%2F||target:%20_blank|&#8220;]<div class=\"ult-spacer spacer-69ea121152941\" data-id=\"69ea121152941\" data-height=\"40\" data-height-mobile=\"10\" data-height-tab=\"40\" data-height-tab-portrait=\"40\" data-height-mobile-landscape=\"10\" style=\"clear:both;display:block;\"><\/div>[\/vc_column][\/vc_row]<\/p>\n<\/div>","protected":false},"excerpt":{"rendered":"<p>[vc_row][vc_column][\/vc_column][\/vc_row][vc_row][vc_column][vc_column_text] KLEAN LAB ist das grundlegende Werkzeug f\u00fcr die Hygiene von Krankenh\u00e4usern, medizinischen und veterin\u00e4rmedizinischen Labors, Pflegeheimen und Lebensmittellabors &nbsp; Hygiene ist ein heikles Thema bei bestimmten Aktivit\u00e4ten wie Behandlungsr\u00e4ume, in denen die Angeh\u00f6rigen der Gesundheitsberufe die Schuhe als Transportmittel zwischen einer Umgebung und einer anderen verwenden. Jeden Tag legen das medizinische Fachpersonal, \u00c4rzte, Mitarbeiter&hellip;<\/p>\n","protected":false},"author":3,"featured_media":0,"parent":0,"menu_order":1,"comment_status":"closed","ping_status":"closed","template":"","meta":{"_acf_changed":false,"footnotes":""},"class_list":["post-23469","page","type-page","status-publish","hentry","description-off"],"acf":[],"_links":{"self":[{"href":"https:\/\/www.krupps.com\/de\/wp-json\/wp\/v2\/pages\/23469","targetHints":{"allow":["GET"]}}],"collection":[{"href":"https:\/\/www.krupps.com\/de\/wp-json\/wp\/v2\/pages"}],"about":[{"href":"https:\/\/www.krupps.com\/de\/wp-json\/wp\/v2\/types\/page"}],"author":[{"embeddable":true,"href":"https:\/\/www.krupps.com\/de\/wp-json\/wp\/v2\/users\/3"}],"replies":[{"embeddable":true,"href":"https:\/\/www.krupps.com\/de\/wp-json\/wp\/v2\/comments?post=23469"}],"version-history":[{"count":6,"href":"https:\/\/www.krupps.com\/de\/wp-json\/wp\/v2\/pages\/23469\/revisions"}],"predecessor-version":[{"id":35644,"href":"https:\/\/www.krupps.com\/de\/wp-json\/wp\/v2\/pages\/23469\/revisions\/35644"}],"wp:attachment":[{"href":"https:\/\/www.krupps.com\/de\/wp-json\/wp\/v2\/media?parent=23469"}],"curies":[{"name":"wp","href":"https:\/\/api.w.org\/{rel}","templated":true}]}}