	{"id":23171,"date":"2017-09-20T11:11:12","date_gmt":"2017-09-20T09:11:12","guid":{"rendered":"https:\/\/www.krupps.com\/?page_id=23171"},"modified":"2020-04-13T16:21:23","modified_gmt":"2020-04-13T14:21:23","slug":"elitech-north-america","status":"publish","type":"page","link":"https:\/\/www.krupps.com\/de\/katalog\/elitech-north-america\/","title":{"rendered":"ELITECH line"},"content":{"rendered":"<div class=\"wpb-content-wrapper\"><p>[vc_row][vc_column]<div class=\"ult-spacer spacer-69e23c593c348\" data-id=\"69e23c593c348\" data-height=\"40\" data-height-mobile=\"40\" data-height-tab=\"40\" data-height-tab-portrait=\"40\" data-height-mobile-landscape=\"40\" style=\"clear:both;display:block;\"><\/div><div class=\"dt-fancy-separator title-left h1-size style-disabled\" style=\"width: 100%;\"><div class=\"dt-fancy-title\" style=\"color: #2b81c5;\"><span class=\"separator-holder separator-left\"><\/span>Elitech line<span class=\"separator-holder separator-right\"><\/span><\/div><\/div><div class=\"ult-spacer spacer-69e23c593c396\" data-id=\"69e23c593c396\" data-height=\"40\" data-height-mobile=\"40\" data-height-tab=\"40\" data-height-tab-portrait=\"40\" data-height-mobile-landscape=\"40\" style=\"clear:both;display:block;\"><\/div>[vc_row_inner][vc_column_inner][vc_column_text]Die Geschirrsp\u00fcler der Serie <strong>ELITECH<\/strong> gew\u00e4hrleisten dank dem serienm\u00e4\u00dfig eingebauten <em><strong>Acquatech System\u00a0 ein H\u00f6chstma\u00df an Leistung<\/strong><\/em>. <strong>Mithilfe eines atmosph\u00e4rischen Boilers und einer Sp\u00fclpumpe sorgt das System f\u00fcr<\/strong> immer gleichm\u00e4\u00dfige Temperaturen und Druck, bei einem optimalen Wasserverbrauch. Elitech bietet einen <strong>desinfizierenden Klarsp\u00fclgang<\/strong>, so dass es die perfekte L\u00f6sung f\u00fcr Kantinen, Seniorenheime, Konditoreien, B\u00e4ckereien und Schlachtereien ist, wo die Einhaltung der Hygienevorschriften (HACCP-Konzept) grundlegend ist. F\u00fcr alle, die perfekte Gl\u00e4ser w\u00fcnschen, besteht die M\u00f6glichkeit, ein <strong>System mit Umkehrosmose<\/strong> anzuschlie\u00dfen. Es reinigt das Wasser und reduziert den Verbrauch an Reinigungsmittel und Klarsp\u00fclmittel, mit ausgezeichneten Ergebnissen und perfekten Gl\u00e4sern, die nicht mehr per Hand abgetrocknet werden m\u00fcssen.<br \/>\nDas innovative <strong>Display UNIKO<\/strong>, ausgelegt als <strong>Touchscreen<\/strong> aus vorgespanntem Glas, sorgt f\u00fcr eine einfache, intuitive Bedienung, von der Wahl des am besten geeigneten Sp\u00fclganges bis hin zur Steuerung des Sp\u00fclfortschritts, wobei au\u00dferdem die M\u00f6glichkeit besteht, den Betrieb des Geschirrsp\u00fclers st\u00e4ndig zu \u00fcberwachen. Dank seiner gro\u00dfen Vielfalt an Sp\u00fclg\u00e4ngen kann der Geschirrsp\u00fcler personalisiert und Ihren Bed\u00fcrfnissen angepasst werden. Durch die st\u00e4ndige Selbstdiagnose k\u00f6nnen Stillstandszeiten auf das Mindeste beschr\u00e4nkt werden, da der Techniker \u00fcber das <strong>Wi-Fi Kontrollsystem IKLOUD<\/strong> zeitnah von etwaigen Anomalien informiert wird. Mit diesem System kann er die Parameter des Geschirrsp\u00fclers per Fernsteuerung \u00e4ndern und die Situation in Echtzeit l\u00f6sen.[\/vc_column_text][\/vc_column_inner][\/vc_row_inner]<div class=\"ult-spacer spacer-69e23c593c3ab\" data-id=\"69e23c593c3ab\" data-height=\"40\" data-height-mobile=\"40\" data-height-tab=\"40\" data-height-tab-portrait=\"40\" data-height-mobile-landscape=\"40\" style=\"clear:both;display:block;\"><\/div>[\/vc_column][\/vc_row]<\/p>\n<\/div>","protected":false},"excerpt":{"rendered":"<p>[vc_row][vc_column][vc_row_inner][vc_column_inner][vc_column_text]Die Geschirrsp\u00fcler der Serie ELITECH gew\u00e4hrleisten dank dem serienm\u00e4\u00dfig eingebauten Acquatech System\u00a0 ein H\u00f6chstma\u00df an Leistung. Mithilfe eines atmosph\u00e4rischen Boilers und einer Sp\u00fclpumpe sorgt das System f\u00fcr immer gleichm\u00e4\u00dfige Temperaturen und Druck, bei einem optimalen Wasserverbrauch. Elitech bietet einen desinfizierenden Klarsp\u00fclgang, so dass es die perfekte L\u00f6sung f\u00fcr Kantinen, Seniorenheime, Konditoreien, B\u00e4ckereien und Schlachtereien ist,&hellip;<\/p>\n","protected":false},"author":1,"featured_media":0,"parent":16876,"menu_order":0,"comment_status":"closed","ping_status":"closed","template":"tax-linea.php","meta":{"_acf_changed":false,"footnotes":""},"class_list":["post-23171","page","type-page","status-publish","hentry","description-off"],"acf":[],"_links":{"self":[{"href":"https:\/\/www.krupps.com\/de\/wp-json\/wp\/v2\/pages\/23171","targetHints":{"allow":["GET"]}}],"collection":[{"href":"https:\/\/www.krupps.com\/de\/wp-json\/wp\/v2\/pages"}],"about":[{"href":"https:\/\/www.krupps.com\/de\/wp-json\/wp\/v2\/types\/page"}],"author":[{"embeddable":true,"href":"https:\/\/www.krupps.com\/de\/wp-json\/wp\/v2\/users\/1"}],"replies":[{"embeddable":true,"href":"https:\/\/www.krupps.com\/de\/wp-json\/wp\/v2\/comments?post=23171"}],"version-history":[{"count":1,"href":"https:\/\/www.krupps.com\/de\/wp-json\/wp\/v2\/pages\/23171\/revisions"}],"predecessor-version":[{"id":23191,"href":"https:\/\/www.krupps.com\/de\/wp-json\/wp\/v2\/pages\/23171\/revisions\/23191"}],"up":[{"embeddable":true,"href":"https:\/\/www.krupps.com\/de\/wp-json\/wp\/v2\/pages\/16876"}],"wp:attachment":[{"href":"https:\/\/www.krupps.com\/de\/wp-json\/wp\/v2\/media?parent=23171"}],"curies":[{"name":"wp","href":"https:\/\/api.w.org\/{rel}","templated":true}]}}