	{"id":20714,"date":"2017-09-28T15:10:33","date_gmt":"2017-09-28T13:10:33","guid":{"rendered":"https:\/\/www.krupps.com\/?page_id=20714"},"modified":"2020-09-17T14:27:51","modified_gmt":"2020-09-17T12:27:51","slug":"sicherheitsdatenblatt-waschmittel","status":"publish","type":"page","link":"https:\/\/www.krupps.com\/de\/dokumentation\/sicherheitsdatenblatt-waschmittel\/","title":{"rendered":"Sicherheitsdatenblatt f\u00fcr Waschmittel"},"content":{"rendered":"Du musst angemeldet sein, um diesen Inhalt sehen zu k\u00f6nnen.","protected":false},"excerpt":{"rendered":"Du musst angemeldet sein, um diesen Inhalt sehen zu k\u00f6nnen.","protected":false},"author":3,"featured_media":0,"parent":16048,"menu_order":17,"comment_status":"closed","ping_status":"closed","template":"page-template-documentazione.php","meta":{"_acf_changed":false,"footnotes":""},"class_list":["post-20714","page","type-page","status-publish","hentry","description-off"],"acf":[],"_links":{"self":[{"href":"https:\/\/www.krupps.com\/de\/wp-json\/wp\/v2\/pages\/20714","targetHints":{"allow":["GET"]}}],"collection":[{"href":"https:\/\/www.krupps.com\/de\/wp-json\/wp\/v2\/pages"}],"about":[{"href":"https:\/\/www.krupps.com\/de\/wp-json\/wp\/v2\/types\/page"}],"author":[{"embeddable":true,"href":"https:\/\/www.krupps.com\/de\/wp-json\/wp\/v2\/users\/3"}],"replies":[{"embeddable":true,"href":"https:\/\/www.krupps.com\/de\/wp-json\/wp\/v2\/comments?post=20714"}],"version-history":[{"count":4,"href":"https:\/\/www.krupps.com\/de\/wp-json\/wp\/v2\/pages\/20714\/revisions"}],"predecessor-version":[{"id":24302,"href":"https:\/\/www.krupps.com\/de\/wp-json\/wp\/v2\/pages\/20714\/revisions\/24302"}],"up":[{"embeddable":true,"href":"https:\/\/www.krupps.com\/de\/wp-json\/wp\/v2\/pages\/16048"}],"wp:attachment":[{"href":"https:\/\/www.krupps.com\/de\/wp-json\/wp\/v2\/media?parent=20714"}],"curies":[{"name":"wp","href":"https:\/\/api.w.org\/{rel}","templated":true}]}}