	{"id":18040,"date":"2017-09-20T11:11:12","date_gmt":"2017-09-20T09:11:12","guid":{"rendered":"http:\/\/krupps.com\/?page_id=18040"},"modified":"2023-01-25T11:22:31","modified_gmt":"2023-01-25T10:22:31","slug":"advance-range","status":"publish","type":"page","link":"https:\/\/www.krupps.com\/de\/katalog\/advance-range\/","title":{"rendered":"ADVANCE range"},"content":{"rendered":"<div class=\"wpb-content-wrapper\"><p>[vc_row][vc_column]<div class=\"ult-spacer spacer-69e2261f58ac9\" data-id=\"69e2261f58ac9\" data-height=\"40\" data-height-mobile=\"40\" data-height-tab=\"40\" data-height-tab-portrait=\"40\" data-height-mobile-landscape=\"40\" style=\"clear:both;display:block;\"><\/div><div class=\"dt-fancy-separator title-left h1-size style-disabled\" style=\"width: 100%;\"><div class=\"dt-fancy-title\" style=\"color: #0c3674;\"><span class=\"separator-holder separator-left\"><\/span>Advance range<span class=\"separator-holder separator-right\"><\/span><\/div><\/div><div class=\"ult-spacer spacer-69e2261f58b17\" data-id=\"69e2261f58b17\" data-height=\"40\" data-height-mobile=\"40\" data-height-tab=\"40\" data-height-tab-portrait=\"40\" data-height-mobile-landscape=\"40\" style=\"clear:both;display:block;\"><\/div>[vc_row_inner][vc_column_inner][vc_column_text]<\/p>\n<div class=\"tlid-input input\">\n<div class=\"source-wrap\">\n<div class=\"input-full-height-wrapper tlid-input-full-height-wrapper\">\n<div class=\"source-input\">\n<div class=\"source-footer-wrap source-or-target-footer\">\n<div class=\"character-count tlid-character-count\">\n<div class=\"cc-ctr normal\">Zuverl\u00e4ssigkeit und Benutzerfreundlichkeit: Dies sind die Schl\u00fcsselw\u00f6rter der\u00a0<strong>ADVANCE<\/strong>-Linie. Das Bedienfeld ist dank seiner\u00a0<strong>4 Waschprogramme<\/strong> und eines automatischen Ablaufzyklus (mit installierter Ablaufpumpe) eine echte Bereicherung f\u00fcr die Linie. Auf dem Bedienfeld k\u00f6nnen auf einfache Weise die Temperatur des Tanks und des Boilers, die Meldungen des <strong>Selbstdiagnosesystems<\/strong>\u00a0und den Hinweis auf die programmierte Wartung benutzefreundlich angezeigt werden. Die\u00a0<strong>intelligente Starttaste<\/strong>\u00a0zeigt durch ihren Farbwechsel immer mit gro\u00dfer Einfachheit den Zustand des Geschirrsp\u00fclers. Die einfache und \u00e4u\u00dferst effiziente elektronische Netzplatine bietet die M\u00f6glichkeit, die Sp\u00fcl- und Entleerungszeiten, die Sp\u00fcl- und Nachsp\u00fcltemperaturen und die entsprechenden Thermostops einzustellen und zu steuern, die f\u00fcr ein hervorragendes Sp\u00fclergebnis unerl\u00e4sslich sind.<\/div>\n<\/div>\n<\/div>\n<\/div>\n<\/div>\n<\/div>\n<\/div>\n<p>[\/vc_column_text][\/vc_column_inner][\/vc_row_inner]<div class=\"ult-spacer spacer-69e2261f58b2b\" data-id=\"69e2261f58b2b\" data-height=\"40\" data-height-mobile=\"40\" data-height-tab=\"40\" data-height-tab-portrait=\"40\" data-height-mobile-landscape=\"40\" style=\"clear:both;display:block;\"><\/div>[\/vc_column][\/vc_row]<\/p>\n<\/div>","protected":false},"excerpt":{"rendered":"<p>[vc_row][vc_column][vc_row_inner][vc_column_inner][vc_column_text] Zuverl\u00e4ssigkeit und Benutzerfreundlichkeit: Dies sind die Schl\u00fcsselw\u00f6rter der\u00a0ADVANCE-Linie. Das Bedienfeld ist dank seiner\u00a04 Waschprogramme und eines automatischen Ablaufzyklus (mit installierter Ablaufpumpe) eine echte Bereicherung f\u00fcr die Linie. Auf dem Bedienfeld k\u00f6nnen auf einfache Weise die Temperatur des Tanks und des Boilers, die Meldungen des Selbstdiagnosesystems\u00a0und den Hinweis auf die programmierte Wartung benutzefreundlich angezeigt werden.&hellip;<\/p>\n","protected":false},"author":1,"featured_media":0,"parent":16876,"menu_order":0,"comment_status":"closed","ping_status":"closed","template":"tax-linea.php","meta":{"_acf_changed":false,"footnotes":""},"class_list":["post-18040","page","type-page","status-publish","hentry","description-off"],"acf":[],"_links":{"self":[{"href":"https:\/\/www.krupps.com\/de\/wp-json\/wp\/v2\/pages\/18040","targetHints":{"allow":["GET"]}}],"collection":[{"href":"https:\/\/www.krupps.com\/de\/wp-json\/wp\/v2\/pages"}],"about":[{"href":"https:\/\/www.krupps.com\/de\/wp-json\/wp\/v2\/types\/page"}],"author":[{"embeddable":true,"href":"https:\/\/www.krupps.com\/de\/wp-json\/wp\/v2\/users\/1"}],"replies":[{"embeddable":true,"href":"https:\/\/www.krupps.com\/de\/wp-json\/wp\/v2\/comments?post=18040"}],"version-history":[{"count":5,"href":"https:\/\/www.krupps.com\/de\/wp-json\/wp\/v2\/pages\/18040\/revisions"}],"predecessor-version":[{"id":29836,"href":"https:\/\/www.krupps.com\/de\/wp-json\/wp\/v2\/pages\/18040\/revisions\/29836"}],"up":[{"embeddable":true,"href":"https:\/\/www.krupps.com\/de\/wp-json\/wp\/v2\/pages\/16876"}],"wp:attachment":[{"href":"https:\/\/www.krupps.com\/de\/wp-json\/wp\/v2\/media?parent=18040"}],"curies":[{"name":"wp","href":"https:\/\/api.w.org\/{rel}","templated":true}]}}