	{"id":17802,"date":"2017-11-29T14:33:04","date_gmt":"2017-11-29T13:33:04","guid":{"rendered":"http:\/\/krupps.com\/media\/"},"modified":"2017-11-29T15:19:33","modified_gmt":"2017-11-29T14:19:33","slug":"media","status":"publish","type":"page","link":"https:\/\/www.krupps.com\/de\/media\/","title":{"rendered":"Media"},"content":{"rendered":"<div class=\"wpb-content-wrapper\"><p>[vc_row][vc_column]<style type=\"text\/css\" data-type=\"the7_shortcodes-inline-css\">.blog-shortcode.blog-list-shortcode-id-2366d2dbd63d2a2d4917e43dadbd6e72.centered-layout-list article {\n  padding: 0px 0px 70px 0px;\n}\n.blog-shortcode.blog-list-shortcode-id-2366d2dbd63d2a2d4917e43dadbd6e72.dividers-on.centered-layout-list article {\n  padding-top: 0px;\n  margin-top: 60px;\n}\n.blog-shortcode.blog-list-shortcode-id-2366d2dbd63d2a2d4917e43dadbd6e72.dividers-on.centered-layout-list article:first-of-type {\n  margin-top: 0;\n  padding-top: 0px;\n}\n.blog-shortcode.blog-list-shortcode-id-2366d2dbd63d2a2d4917e43dadbd6e72.centered-layout-list .post-entry-title-content {\n  width: 60%;\n}\n.blog-shortcode.blog-list-shortcode-id-2366d2dbd63d2a2d4917e43dadbd6e72.centered-layout-list .post-entry-content {\n  width: 60%;\n}\n.blog-shortcode.blog-list-shortcode-id-2366d2dbd63d2a2d4917e43dadbd6e72.centered-layout-list.dividers-on .post-entry-content:after {\n  width: calc(60% - 0px - 0px);\n}\n.blog-shortcode.blog-list-shortcode-id-2366d2dbd63d2a2d4917e43dadbd6e72 .paginator {\n  margin-top: 30px;\n}\n.blog-shortcode.blog-list-shortcode-id-2366d2dbd63d2a2d4917e43dadbd6e72 .filter-bg-decoration .filter-categories a.act {\n  color: #fff;\n}\n.blog-shortcode.blog-list-shortcode-id-2366d2dbd63d2a2d4917e43dadbd6e72:not(.mode-masonry) article {\n  margin-top: 60px;\n}\n.blog-shortcode.blog-list-shortcode-id-2366d2dbd63d2a2d4917e43dadbd6e72:not(.mode-masonry) article:first-of-type,\n.blog-shortcode.blog-list-shortcode-id-2366d2dbd63d2a2d4917e43dadbd6e72:not(.mode-masonry) article.visible.first:not(.product) {\n  margin-top: 0;\n}\n.blog-shortcode.blog-list-shortcode-id-2366d2dbd63d2a2d4917e43dadbd6e72.dividers-on:not(.mode-masonry) article {\n  margin-top: 0;\n  padding-top: 60px;\n}\n.blog-shortcode.blog-list-shortcode-id-2366d2dbd63d2a2d4917e43dadbd6e72.dividers-on:not(.mode-masonry) article:first-of-type,\n.blog-shortcode.blog-list-shortcode-id-2366d2dbd63d2a2d4917e43dadbd6e72.dividers-on:not(.mode-masonry) article.visible.first:not(.product) {\n  margin-top: 0;\n  padding-top: 0;\n}\n.blog-shortcode.blog-list-shortcode-id-2366d2dbd63d2a2d4917e43dadbd6e72 .post-thumbnail-wrap {\n  padding: 0px 0px 30px 0px;\n}\n.blog-shortcode.blog-list-shortcode-id-2366d2dbd63d2a2d4917e43dadbd6e72.enable-bg-rollover .post-thumbnail-rollover:after {\n  background: -webkit-linear-gradient();\n  background: linear-gradient();\n}\n.blog-shortcode.blog-list-shortcode-id-2366d2dbd63d2a2d4917e43dadbd6e72 .gallery-zoom-ico {\n  width: 44px;\n  height: 44px;\n  line-height: 44px;\n  border-radius: 100px;\n  margin: -22px 0 0 -22px;\n  border-width: 0px;\n  color: #ffffff;\n}\n.bottom-overlap-layout-list.blog-shortcode.blog-list-shortcode-id-2366d2dbd63d2a2d4917e43dadbd6e72 .gallery-zoom-ico {\n  margin-top: -22px;\n}\n.gradient-overlay-layout-list.blog-shortcode.blog-list-shortcode-id-2366d2dbd63d2a2d4917e43dadbd6e72 .gallery-zoom-ico,\n.content-rollover-layout-list.blog-shortcode.blog-list-shortcode-id-2366d2dbd63d2a2d4917e43dadbd6e72 .gallery-zoom-ico {\n  margin: 0 0 10px;\n}\n.content-align-center.gradient-overlay-layout-list.blog-shortcode.blog-list-shortcode-id-2366d2dbd63d2a2d4917e43dadbd6e72 .gallery-zoom-ico,\n.content-align-center.content-rollover-layout-list.blog-shortcode.blog-list-shortcode-id-2366d2dbd63d2a2d4917e43dadbd6e72 .gallery-zoom-ico {\n  margin: 0 auto 10px;\n}\n.dt-icon-bg-on.blog-shortcode.blog-list-shortcode-id-2366d2dbd63d2a2d4917e43dadbd6e72 .gallery-zoom-ico {\n  background: rgba(255,255,255,0.3);\n  box-shadow: none;\n}\n.blog-shortcode.blog-list-shortcode-id-2366d2dbd63d2a2d4917e43dadbd6e72 .gallery-zoom-ico > span,\n.blog-shortcode.blog-list-shortcode-id-2366d2dbd63d2a2d4917e43dadbd6e72 .gallery-zoom-ico:before {\n  font-size: 32px;\n  line-height: 44px;\n}\n.blog-shortcode.blog-list-shortcode-id-2366d2dbd63d2a2d4917e43dadbd6e72 .gallery-zoom-ico > span,\n.blog-shortcode.blog-list-shortcode-id-2366d2dbd63d2a2d4917e43dadbd6e72 .gallery-zoom-ico:before {\n  color: #ffffff;\n}\n.blog-shortcode.blog-list-shortcode-id-2366d2dbd63d2a2d4917e43dadbd6e72 .fancy-date a {\n  background: #1dc5f3;\n  box-shadow: none;\n}\n.blog-shortcode.blog-list-shortcode-id-2366d2dbd63d2a2d4917e43dadbd6e72 .fancy-date a * {\n  color: #2d2d2d;\n}\n.blog-shortcode.blog-list-shortcode-id-2366d2dbd63d2a2d4917e43dadbd6e72 .entry-title,\n.blog-shortcode.blog-list-shortcode-id-2366d2dbd63d2a2d4917e43dadbd6e72.owl-carousel .entry-title {\n  margin-bottom: 5px;\n  font-size: 34px;\n  line-height: 44px;\n  font-weight: bold;\n}\n.blog-shortcode.blog-list-shortcode-id-2366d2dbd63d2a2d4917e43dadbd6e72 .entry-meta {\n  margin-bottom: 30px;\n}\n.blog-shortcode.blog-list-shortcode-id-2366d2dbd63d2a2d4917e43dadbd6e72 .entry-meta * {\n  font-size: 13px;\n  line-height: 25px;\n}\n.blog-shortcode.blog-list-shortcode-id-2366d2dbd63d2a2d4917e43dadbd6e72 .portfolio-categories {\n  margin-bottom: 30px;\n}\n.blog-shortcode.blog-list-shortcode-id-2366d2dbd63d2a2d4917e43dadbd6e72 .entry-excerpt {\n  margin-bottom: 15px;\n  font-size: 14px;\n  line-height: 26px;\n}\n.blog-shortcode.blog-list-shortcode-id-2366d2dbd63d2a2d4917e43dadbd6e72:not(.centered-layout-list) .post-entry-content {\n  padding: 0px 0px 70px 0px;\n}\n.blog-shortcode.blog-list-shortcode-id-2366d2dbd63d2a2d4917e43dadbd6e72:not(.centered-layout-list):not(.content-bg-on):not(.mode-list) .no-img .post-entry-content {\n  padding: 0;\n}\n@media screen and (max-width: 768px) {\n  .blog-shortcode.blog-list-shortcode-id-2366d2dbd63d2a2d4917e43dadbd6e72 article {\n    -ms-flex-flow: column nowrap;\n    flex-flow: column nowrap;\n    margin-top: 20px;\n  }\n  .blog-shortcode.blog-list-shortcode-id-2366d2dbd63d2a2d4917e43dadbd6e72.dividers-on article {\n    border: none;\n  }\n  .blog-shortcode.blog-list-shortcode-id-2366d2dbd63d2a2d4917e43dadbd6e72.content-bg-on.centered-layout-list article {\n    padding: 0;\n  }\n  .blog-shortcode.blog-list-shortcode-id-2366d2dbd63d2a2d4917e43dadbd6e72.blog-shortcode.dividers-on article,\n  .blog-shortcode.blog-list-shortcode-id-2366d2dbd63d2a2d4917e43dadbd6e72.dividers-on.classic-layout-list article {\n    margin-top: 20px;\n    padding: 0;\n  }\n  .blog-shortcode.blog-list-shortcode-id-2366d2dbd63d2a2d4917e43dadbd6e72.blog-shortcode.dividers-on article:first-of-type,\n  .blog-shortcode.blog-list-shortcode-id-2366d2dbd63d2a2d4917e43dadbd6e72.dividers-on.classic-layout-list article:first-of-type {\n    padding: 0;\n  }\n  #page .blog-shortcode.blog-list-shortcode-id-2366d2dbd63d2a2d4917e43dadbd6e72 .post-thumbnail-wrap,\n  #page .blog-shortcode.blog-list-shortcode-id-2366d2dbd63d2a2d4917e43dadbd6e72 .post-entry-content {\n    width: 100%;\n    margin: 0;\n    top: 0;\n  }\n  #page .blog-shortcode.blog-list-shortcode-id-2366d2dbd63d2a2d4917e43dadbd6e72 .post-thumbnail-wrap {\n    padding: 0;\n  }\n  #page .blog-shortcode.blog-list-shortcode-id-2366d2dbd63d2a2d4917e43dadbd6e72 .post-entry-content:after {\n    display: none;\n  }\n  #page .blog-shortcode.blog-list-shortcode-id-2366d2dbd63d2a2d4917e43dadbd6e72 .project-even .post-thumbnail-wrap,\n  #page .blog-shortcode.blog-list-shortcode-id-2366d2dbd63d2a2d4917e43dadbd6e72.centered-layout-list .post-thumbnail-wrap {\n    -ms-flex-order: 0;\n    order: 0;\n  }\n  #page .blog-shortcode.blog-list-shortcode-id-2366d2dbd63d2a2d4917e43dadbd6e72.centered-layout-list .post-entry-title-content {\n    -ms-flex-order: 1;\n    order: 1;\n    width: 100%;\n    padding: 20px 20px 0;\n  }\n  #page .blog-shortcode.blog-list-shortcode-id-2366d2dbd63d2a2d4917e43dadbd6e72.centered-layout-list .post-entry-content {\n    -ms-flex-order: 2;\n    order: 2;\n    padding-top: 0;\n  }\n  #page .blog-shortcode.blog-list-shortcode-id-2366d2dbd63d2a2d4917e43dadbd6e72 .fancy-categories {\n    top: 10px;\n    left: 10px;\n    bottom: auto;\n    right: auto;\n  }\n  #page .blog-shortcode.blog-list-shortcode-id-2366d2dbd63d2a2d4917e43dadbd6e72 .fancy-date a {\n    top: 10px;\n    right: 10px;\n    left: auto;\n    bottom: auto;\n  }\n  #page .blog-shortcode.blog-list-shortcode-id-2366d2dbd63d2a2d4917e43dadbd6e72 .post-entry-content {\n    padding: 20px;\n  }\n  #page .blog-shortcode.blog-list-shortcode-id-2366d2dbd63d2a2d4917e43dadbd6e72 .entry-title {\n    margin: 3px 0 5px;\n    font-size: 20px;\n    line-height: 26px;\n  }\n  #page .blog-shortcode.blog-list-shortcode-id-2366d2dbd63d2a2d4917e43dadbd6e72 .entry-meta {\n    margin: 5px 0 5px;\n  }\n  #page .blog-shortcode.blog-list-shortcode-id-2366d2dbd63d2a2d4917e43dadbd6e72 .entry-excerpt {\n    margin: 15px 0 0;\n  }\n  #page .blog-shortcode.blog-list-shortcode-id-2366d2dbd63d2a2d4917e43dadbd6e72 .post-details {\n    margin: 5px 0 10px;\n  }\n  #page .blog-shortcode.blog-list-shortcode-id-2366d2dbd63d2a2d4917e43dadbd6e72 .post-details.details-type-link {\n    margin-bottom: 2px;\n  }\n}\n<\/style><div class=\"articles-list blog-shortcode mode-list blog-list-shortcode-id-2366d2dbd63d2a2d4917e43dadbd6e72 centered-layout-list dividers-on jquery-filter scale-img dt-icon-bg-off circle-fancy-style loading-effect-fade-in\" data-cur-page=\"1\" data-post-limit=\"5\" data-pagination-mode=\"load-more\"><article class=\"post project-odd visible post-17893 type-post status-publish format-standard has-post-thumbnail hentry category-media-de category-news-de category-unkategorisiert category-118 category-91 category-87 description-off\" data-name=\"Wie benutzt man das neue UNIKO-MID Display?\" data-date=\"2017-12-06T15:21:32+01:00\">\n<div class=\"post-entry-title-content\">\n\t<h3 class=\"entry-title\">\n\t\t<a href=\"https:\/\/www.krupps.com\/de\/blog\/how-to-use-the-new-uniko-mid-display-2\/\" title=\"Wie benutzt man das neue UNIKO-MID Display?\" rel=\"bookmark\">Wie benutzt man das neue UNIKO-MID Display?<\/a>\n\t<\/h3>\n\n\t<\/div>\n\n\n<div class=\"post-thumbnail-wrap\">\n\t<div class=\"post-thumbnail\">\n\n\t\t\n\t\t\n\t\t<a href=\"https:\/\/www.krupps.com\/de\/blog\/how-to-use-the-new-uniko-mid-display-2\/\" class=\"post-thumbnail-rollover layzr-bg layzr-bg\" ><img loading=\"lazy\" decoding=\"async\" class=\"blog-thumb-lazy-load preload-me lazy-load\" src=\"data:image\/svg+xml,%3Csvg%20xmlns%3D&#39;http%3A%2F%2Fwww.w3.org%2F2000%2Fsvg&#39;%20viewBox%3D&#39;0%200%20848%20282&#39;%2F%3E\" data-src=\"https:\/\/www.krupps.com\/wp-content\/uploads\/2017\/11\/K540E_Web_UnikoMid_sito-sez.-news-848x282.jpg\" data-srcset=\"https:\/\/www.krupps.com\/wp-content\/uploads\/2017\/11\/K540E_Web_UnikoMid_sito-sez.-news-848x282.jpg 848w, https:\/\/www.krupps.com\/wp-content\/uploads\/2017\/11\/K540E_Web_UnikoMid_sito-sez.-news-1180x391.jpg 1180w\" alt=\"\" title=\"K540E_Web_UnikoMid_sito sez. news\" width=\"848\" height=\"282\"  \/><\/a>\n\t<\/div>\n<\/div>\n\n\n<div class=\"post-entry-content\">\n\n\t<div class=\"entry-excerpt\"><p>[vc_row][vc_column][\/vc_column][\/vc_row][vc_row][vc_column][vc_column_text]Einfachheit steht an erster Stelle, Leistung ebenso. UNIKO-MID h\u00e4lt diese beiden Werte in einem sehr einfach zu bedienenden Panel mit einer gro\u00dfen Zuverl\u00e4ssigkeit durch das geh\u00e4rtete Glas. Dieses neue Display enth\u00e4lt 4 verschiedene Waschg\u00e4nge, die mit den Auf- und Ab-Pfeilen einfach umgeschaltet werden k\u00f6nnen, um Ihnen den besten Waschgang des zu waschenden Bestecks zu bieten.&hellip;<\/p>\n<\/div>\n\t\n<a href=\"https:\/\/www.krupps.com\/de\/blog\/how-to-use-the-new-uniko-mid-display-2\/\" class=\"post-details details-type-link\" aria-label=\"Read more about Wie benutzt man das neue UNIKO-MID Display?\" rel=\"nofollow\">Read Article<i class=\"dt-icon-the7-arrow-03\" aria-hidden=\"true\"><\/i><\/a>\n\n<\/div><\/article><article class=\"post project-odd visible post-17693 type-post status-publish format-standard has-post-thumbnail hentry category-media-de category-news-de category-unkategorisiert category-118 category-91 category-87 description-off\" data-name=\"Wie benutzt man das neue UNIKO Touchscreen-Display?\" data-date=\"2017-11-29T15:21:32+01:00\">\n<div class=\"post-entry-title-content\">\n\t<h3 class=\"entry-title\">\n\t\t<a href=\"https:\/\/www.krupps.com\/de\/blog\/how-to-use-the-new-uniko-touch-screen-display\/\" title=\"Wie benutzt man das neue UNIKO Touchscreen-Display?\" rel=\"bookmark\">Wie benutzt man das neue UNIKO Touchscreen-Display?<\/a>\n\t<\/h3>\n\n\t<\/div>\n\n\n<div class=\"post-thumbnail-wrap\">\n\t<div class=\"post-thumbnail\">\n\n\t\t\n\t\t\n\t\t<a href=\"https:\/\/www.krupps.com\/de\/blog\/how-to-use-the-new-uniko-touch-screen-display\/\" class=\"post-thumbnail-rollover layzr-bg layzr-bg\" ><img loading=\"lazy\" decoding=\"async\" class=\"blog-thumb-lazy-load preload-me lazy-load\" src=\"data:image\/svg+xml,%3Csvg%20xmlns%3D&#39;http%3A%2F%2Fwww.w3.org%2F2000%2Fsvg&#39;%20viewBox%3D&#39;0%200%20848%20282&#39;%2F%3E\" data-src=\"https:\/\/www.krupps.com\/wp-content\/uploads\/2017\/11\/EL50_12_09_17-nuova-maniglia_sito-sez.-news-848x282.png\" data-srcset=\"https:\/\/www.krupps.com\/wp-content\/uploads\/2017\/11\/EL50_12_09_17-nuova-maniglia_sito-sez.-news-848x282.png 848w, https:\/\/www.krupps.com\/wp-content\/uploads\/2017\/11\/EL50_12_09_17-nuova-maniglia_sito-sez.-news-1442x479.png 1442w\" alt=\"\" title=\"EL50_12_09_17 nuova maniglia_sito sez. news\" width=\"848\" height=\"282\"  \/><\/a>\n\t<\/div>\n<\/div>\n\n\n<div class=\"post-entry-content\">\n\n\t<div class=\"entry-excerpt\"><p>[vc_row][vc_column][\/vc_column][\/vc_row][vc_row][vc_column][vc_column_text]Nur zwei Klicks des besten Waschgangs zu ausw\u00e4hlen, nur wenige Klicks zur Perfektion. Es hei\u00dft UNIKO und ist das erste Touchscreen-Display aus geh\u00e4rtetem Glas, das darauf ausgelegt ist, auf einfache Weise hohe Leistungen zu erbringen. W\u00e4hlen Sie das Symbol f\u00fcr das zu waschende Besteck, tippen Sie auf Start und&#8230; vergessen Sie Ihre Sp\u00fclmaschine. W\u00e4hrend des&hellip;<\/p>\n<\/div>\n\t\n<a href=\"https:\/\/www.krupps.com\/de\/blog\/how-to-use-the-new-uniko-touch-screen-display\/\" class=\"post-details details-type-link\" aria-label=\"Read more about Wie benutzt man das neue UNIKO Touchscreen-Display?\" rel=\"nofollow\">Read Article<i class=\"dt-icon-the7-arrow-03\" aria-hidden=\"true\"><\/i><\/a>\n\n<\/div><\/article><article class=\"post project-odd visible no-img post-21603 type-post status-publish format-standard hentry category-media-de category-news-de category-unkategorisiert category-118 category-91 category-87 description-off\" data-name=\"Host 2015: dopo 50 anni di successi ancora tanta innovazione\" data-date=\"2015-11-06T14:40:48+01:00\">\n<div class=\"post-entry-title-content\">\n\t<h3 class=\"entry-title\">\n\t\t<a href=\"https:\/\/www.krupps.com\/de\/blog\/video-host-2015\/\" title=\"Host 2015: dopo 50 anni di successi ancora tanta innovazione\" rel=\"bookmark\">Host 2015: dopo 50 anni di successi ancora tanta innovazione<\/a>\n\t<\/h3>\n\n\t<\/div>\n\n\n<div class=\"post-entry-content\">\n\n\t<div class=\"entry-excerpt\"><p>[vc_row][vc_column][vc_column_text]In questo video abbiamo riassunto l&#8217;esperienza all&#8217;interno del nostro stand a Host 2015, un evento di grande importanza che ha rappresentato non solo la celebrazione del nostro 50esimo anniversario ma anche la presentazione al mondo HoReCa di un nuovo impulso tecnologico ed innovativo.[\/vc_column_text][vc_video link=&#8220;https:\/\/youtu.be\/WZnX_FyQS-M&#8220;][\/vc_column][\/vc_row]<\/p>\n<\/div>\n\t\n<a href=\"https:\/\/www.krupps.com\/de\/blog\/video-host-2015\/\" class=\"post-details details-type-link\" aria-label=\"Read more about Host 2015: dopo 50 anni di successi ancora tanta innovazione\" rel=\"nofollow\">Read Article<i class=\"dt-icon-the7-arrow-03\" aria-hidden=\"true\"><\/i><\/a>\n\n<\/div><\/article><article class=\"post project-odd visible no-img post-20471 type-post status-publish format-standard hentry category-media-de category-news-de category-unkategorisiert category-118 category-91 category-87 description-off\" data-name=\"Let\u2019s celebrate our first 50 years with a new corporate video\" data-date=\"2015-09-06T14:40:48+02:00\">\n<div class=\"post-entry-title-content\">\n\t<h3 class=\"entry-title\">\n\t\t<a href=\"https:\/\/www.krupps.com\/de\/blog\/video-50-years\/\" title=\"Let\u2019s celebrate our first 50 years with a new corporate video\" rel=\"bookmark\">Let\u2019s celebrate our first 50 years with a new corporate video<\/a>\n\t<\/h3>\n\n\t<\/div>\n\n\n<div class=\"post-entry-content\">\n\n\t<div class=\"entry-excerpt\"><p>[vc_row][vc_column][vc_column_text] 1965 &#8211; 2015 The very first 50 years of activity are a really important step, representing our history and strenght of a company that has been able to renew itself over the years. In this new corporate video we wanted to open the doors of our headquarters in Padua, showing you\u00a0 values and people&hellip;<\/p>\n<\/div>\n\t\n<a href=\"https:\/\/www.krupps.com\/de\/blog\/video-50-years\/\" class=\"post-details details-type-link\" aria-label=\"Read more about Let\u2019s celebrate our first 50 years with a new corporate video\" rel=\"nofollow\">Read Article<i class=\"dt-icon-the7-arrow-03\" aria-hidden=\"true\"><\/i><\/a>\n\n<\/div><\/article><div class=\"paginator paginator-more-button\">\n\t\t\t\t<a class=\"button-load-more \" href=\"javascript:void(0);\" data-dt-page=\"1\" ><span class=\"stick\"><\/span><span class=\"stick\"><\/span><span class=\"stick\"><\/span><span class=\"button-caption\">Mehr laden<\/span><\/a>\n\t\t\t<\/div><\/div>[\/vc_column][\/vc_row]<\/p>\n<\/div>","protected":false},"excerpt":{"rendered":"<p>[vc_row][vc_column][\/vc_column][\/vc_row]<\/p>\n","protected":false},"author":1,"featured_media":0,"parent":0,"menu_order":0,"comment_status":"closed","ping_status":"closed","template":"","meta":{"_acf_changed":false,"footnotes":""},"class_list":["post-17802","page","type-page","status-publish","hentry","description-off"],"acf":[],"_links":{"self":[{"href":"https:\/\/www.krupps.com\/de\/wp-json\/wp\/v2\/pages\/17802","targetHints":{"allow":["GET"]}}],"collection":[{"href":"https:\/\/www.krupps.com\/de\/wp-json\/wp\/v2\/pages"}],"about":[{"href":"https:\/\/www.krupps.com\/de\/wp-json\/wp\/v2\/types\/page"}],"author":[{"embeddable":true,"href":"https:\/\/www.krupps.com\/de\/wp-json\/wp\/v2\/users\/1"}],"replies":[{"embeddable":true,"href":"https:\/\/www.krupps.com\/de\/wp-json\/wp\/v2\/comments?post=17802"}],"version-history":[{"count":1,"href":"https:\/\/www.krupps.com\/de\/wp-json\/wp\/v2\/pages\/17802\/revisions"}],"predecessor-version":[{"id":17803,"href":"https:\/\/www.krupps.com\/de\/wp-json\/wp\/v2\/pages\/17802\/revisions\/17803"}],"wp:attachment":[{"href":"https:\/\/www.krupps.com\/de\/wp-json\/wp\/v2\/media?parent=17802"}],"curies":[{"name":"wp","href":"https:\/\/api.w.org\/{rel}","templated":true}]}}