	{"id":17017,"date":"2017-09-20T11:11:12","date_gmt":"2017-09-20T09:11:12","guid":{"rendered":"http:\/\/demowp001.stamyna.com\/katalog\/soft-line\/"},"modified":"2023-01-25T11:01:47","modified_gmt":"2023-01-25T10:01:47","slug":"soft-range","status":"publish","type":"page","link":"https:\/\/www.krupps.com\/de\/katalog\/soft-range\/","title":{"rendered":"SOFT range"},"content":{"rendered":"<div class=\"wpb-content-wrapper\"><p>[vc_row][vc_column]<div class=\"ult-spacer spacer-69e24b1c2a697\" data-id=\"69e24b1c2a697\" data-height=\"40\" data-height-mobile=\"40\" data-height-tab=\"40\" data-height-tab-portrait=\"40\" data-height-mobile-landscape=\"40\" style=\"clear:both;display:block;\"><\/div><div class=\"dt-fancy-separator title-left h1-size style-disabled\" style=\"width: 100%;\"><div class=\"dt-fancy-title\" style=\"color: #d97025;\"><span class=\"separator-holder separator-left\"><\/span>Soft range<span class=\"separator-holder separator-right\"><\/span><\/div><\/div><div class=\"ult-spacer spacer-69e24b1c2a71c\" data-id=\"69e24b1c2a71c\" data-height=\"40\" data-height-mobile=\"40\" data-height-tab=\"40\" data-height-tab-portrait=\"40\" data-height-mobile-landscape=\"40\" style=\"clear:both;display:block;\"><\/div>[vc_row_inner][vc_column_inner][vc_column_text]Die Modelle der Linie <strong>SOFT<\/strong> sind mit einem <strong>automatischen Enth\u00e4rte<\/strong>r ausgestattet, wodurch Kalkablagerungen wirksam vorgebeugt wird. Der Enth\u00e4rter arbeitet vollkommen <strong>unabh\u00e4ngig<\/strong> und regelt seine Regenerierungsintervalle automatisch entsprechend der H\u00e4rte des einlaufenden Wassers; Ihre Aufgabe besteht nur darin, jedes Mal dann Salz im Beh\u00e4lter nachzuf\u00fcllen, wenn die Meldung \u201eSalzmangel\u201c auf dem Display erscheint. Die Regenerierung der Harze erfolgt w\u00e4hrend der Sp\u00fclzyklen, daher ist kein Stillstand der Maschine erforderlich.<br \/>\nDas <strong>Display UNIKO-MID LCD-Touch<\/strong> aus vorgespanntem Glas ist \u00e4u\u00dferst zuverl\u00e4ssig und leistungsstark. Die Wahl von einem der 4 verf\u00fcgbaren Sp\u00fclg\u00e4nge ist wirklich einfach, wobei die praktischen Meldungen auf dem Display Ihnen dabei helfen, die Lebensdauer des Geschirrsp\u00fclers zu verl\u00e4ngern.[\/vc_column_text][\/vc_column_inner][\/vc_row_inner]<div class=\"ult-spacer spacer-69e24b1c2a73c\" data-id=\"69e24b1c2a73c\" data-height=\"40\" data-height-mobile=\"40\" data-height-tab=\"40\" data-height-tab-portrait=\"40\" data-height-mobile-landscape=\"40\" style=\"clear:both;display:block;\"><\/div>[\/vc_column][\/vc_row]<\/p>\n<\/div>","protected":false},"excerpt":{"rendered":"<p>[vc_row][vc_column][vc_row_inner][vc_column_inner][vc_column_text]Die Modelle der Linie SOFT sind mit einem automatischen Enth\u00e4rter ausgestattet, wodurch Kalkablagerungen wirksam vorgebeugt wird. Der Enth\u00e4rter arbeitet vollkommen unabh\u00e4ngig und regelt seine Regenerierungsintervalle automatisch entsprechend der H\u00e4rte des einlaufenden Wassers; Ihre Aufgabe besteht nur darin, jedes Mal dann Salz im Beh\u00e4lter nachzuf\u00fcllen, wenn die Meldung \u201eSalzmangel\u201c auf dem Display erscheint. Die Regenerierung der&hellip;<\/p>\n","protected":false},"author":1,"featured_media":0,"parent":16876,"menu_order":0,"comment_status":"closed","ping_status":"closed","template":"tax-linea.php","meta":{"_acf_changed":false,"footnotes":""},"class_list":["post-17017","page","type-page","status-publish","hentry","description-off"],"acf":[],"_links":{"self":[{"href":"https:\/\/www.krupps.com\/de\/wp-json\/wp\/v2\/pages\/17017","targetHints":{"allow":["GET"]}}],"collection":[{"href":"https:\/\/www.krupps.com\/de\/wp-json\/wp\/v2\/pages"}],"about":[{"href":"https:\/\/www.krupps.com\/de\/wp-json\/wp\/v2\/types\/page"}],"author":[{"embeddable":true,"href":"https:\/\/www.krupps.com\/de\/wp-json\/wp\/v2\/users\/1"}],"replies":[{"embeddable":true,"href":"https:\/\/www.krupps.com\/de\/wp-json\/wp\/v2\/comments?post=17017"}],"version-history":[{"count":2,"href":"https:\/\/www.krupps.com\/de\/wp-json\/wp\/v2\/pages\/17017\/revisions"}],"predecessor-version":[{"id":29819,"href":"https:\/\/www.krupps.com\/de\/wp-json\/wp\/v2\/pages\/17017\/revisions\/29819"}],"up":[{"embeddable":true,"href":"https:\/\/www.krupps.com\/de\/wp-json\/wp\/v2\/pages\/16876"}],"wp:attachment":[{"href":"https:\/\/www.krupps.com\/de\/wp-json\/wp\/v2\/media?parent=17017"}],"curies":[{"name":"wp","href":"https:\/\/api.w.org\/{rel}","templated":true}]}}