	{"id":16998,"date":"2017-09-20T11:11:12","date_gmt":"2017-09-20T09:11:12","guid":{"rendered":"http:\/\/demowp001.stamyna.com\/katalog\/koral-line\/"},"modified":"2024-02-06T15:14:29","modified_gmt":"2024-02-06T14:14:29","slug":"koral-range","status":"publish","type":"page","link":"https:\/\/www.krupps.com\/de\/katalog\/koral-range\/","title":{"rendered":"KORAL range"},"content":{"rendered":"<div class=\"wpb-content-wrapper\"><p>[vc_row][vc_column]<div class=\"ult-spacer spacer-69e23c4d711d0\" data-id=\"69e23c4d711d0\" data-height=\"40\" data-height-mobile=\"40\" data-height-tab=\"40\" data-height-tab-portrait=\"40\" data-height-mobile-landscape=\"40\" style=\"clear:both;display:block;\"><\/div><div class=\"dt-fancy-separator title-left h1-size style-disabled\" style=\"width: 100%;\"><div class=\"dt-fancy-title\" style=\"color: #c1c31f;\"><span class=\"separator-holder separator-left\"><\/span>Koral range<span class=\"separator-holder separator-right\"><\/span><\/div><\/div><div class=\"ult-spacer spacer-69e23c4d71226\" data-id=\"69e23c4d71226\" data-height=\"40\" data-height-mobile=\"40\" data-height-tab=\"40\" data-height-tab-portrait=\"40\" data-height-mobile-landscape=\"40\" style=\"clear:both;display:block;\"><\/div>[vc_row_inner][vc_column_inner][vc_column_text]Die Linie <strong>KORAL<\/strong> zeichnet sich durch ihre breite Auswahl an Modellen aus, die f\u00fcr alle Situationen geeignet sind. Das mit einer Platine ausger\u00fcstete Steuersystem<br \/>\nbietet entsprechend Ihren Bed\u00fcrfnissen zahlreiche M\u00f6glichkeiten einer Individualisierung, da jeder Einstellwert genau geregelt werden kann und immer optimale Sp\u00fclergebnisse gew\u00e4hrleistet sind.<br \/>\nDas <strong>Display UNIKO <\/strong>Touch aus vorgespanntem Glas ist \u00e4u\u00dferst zuverl\u00e4ssig und leistungsstark. Die Wahl von einem der 4 verf\u00fcgbaren Sp\u00fclg\u00e4nge ist wirklich einfach, wobei die praktischen Meldungen auf dem Display Ihnen dabei helfen, die Lebensdauer des Geschirrsp\u00fclers zu verl\u00e4ngern.[\/vc_column_text][\/vc_column_inner][\/vc_row_inner]<div class=\"ult-spacer spacer-69e23c4d7123b\" data-id=\"69e23c4d7123b\" data-height=\"40\" data-height-mobile=\"40\" data-height-tab=\"40\" data-height-tab-portrait=\"40\" data-height-mobile-landscape=\"40\" style=\"clear:both;display:block;\"><\/div>[\/vc_column][\/vc_row]<\/p>\n<\/div>","protected":false},"excerpt":{"rendered":"<p>[vc_row][vc_column][vc_row_inner][vc_column_inner][vc_column_text]Die Linie KORAL zeichnet sich durch ihre breite Auswahl an Modellen aus, die f\u00fcr alle Situationen geeignet sind. Das mit einer Platine ausger\u00fcstete Steuersystem bietet entsprechend Ihren Bed\u00fcrfnissen zahlreiche M\u00f6glichkeiten einer Individualisierung, da jeder Einstellwert genau geregelt werden kann und immer optimale Sp\u00fclergebnisse gew\u00e4hrleistet sind. Das Display UNIKO Touch aus vorgespanntem Glas ist \u00e4u\u00dferst zuverl\u00e4ssig&hellip;<\/p>\n","protected":false},"author":1,"featured_media":0,"parent":16876,"menu_order":0,"comment_status":"closed","ping_status":"closed","template":"tax-linea.php","meta":{"_acf_changed":false,"footnotes":""},"class_list":["post-16998","page","type-page","status-publish","hentry","description-off"],"acf":[],"_links":{"self":[{"href":"https:\/\/www.krupps.com\/de\/wp-json\/wp\/v2\/pages\/16998","targetHints":{"allow":["GET"]}}],"collection":[{"href":"https:\/\/www.krupps.com\/de\/wp-json\/wp\/v2\/pages"}],"about":[{"href":"https:\/\/www.krupps.com\/de\/wp-json\/wp\/v2\/types\/page"}],"author":[{"embeddable":true,"href":"https:\/\/www.krupps.com\/de\/wp-json\/wp\/v2\/users\/1"}],"replies":[{"embeddable":true,"href":"https:\/\/www.krupps.com\/de\/wp-json\/wp\/v2\/comments?post=16998"}],"version-history":[{"count":4,"href":"https:\/\/www.krupps.com\/de\/wp-json\/wp\/v2\/pages\/16998\/revisions"}],"predecessor-version":[{"id":32199,"href":"https:\/\/www.krupps.com\/de\/wp-json\/wp\/v2\/pages\/16998\/revisions\/32199"}],"up":[{"embeddable":true,"href":"https:\/\/www.krupps.com\/de\/wp-json\/wp\/v2\/pages\/16876"}],"wp:attachment":[{"href":"https:\/\/www.krupps.com\/de\/wp-json\/wp\/v2\/media?parent=16998"}],"curies":[{"name":"wp","href":"https:\/\/api.w.org\/{rel}","templated":true}]}}