	{"id":16954,"date":"2017-09-20T11:11:12","date_gmt":"2017-09-20T09:11:12","guid":{"rendered":"http:\/\/demowp001.stamyna.com\/katalog\/evolution-line\/"},"modified":"2023-01-25T11:30:30","modified_gmt":"2023-01-25T10:30:30","slug":"evolution-range","status":"publish","type":"page","link":"https:\/\/www.krupps.com\/de\/katalog\/evolution-range\/","title":{"rendered":"EVOLUTION range"},"content":{"rendered":"<div class=\"wpb-content-wrapper\"><p>[vc_row][vc_column]<div class=\"ult-spacer spacer-69e2262546cef\" data-id=\"69e2262546cef\" data-height=\"40\" data-height-mobile=\"40\" data-height-tab=\"40\" data-height-tab-portrait=\"40\" data-height-mobile-landscape=\"40\" style=\"clear:both;display:block;\"><\/div><div class=\"dt-fancy-separator title-left h1-size style-disabled\" style=\"width: 100%;\"><div class=\"dt-fancy-title\" style=\"color: #7d417f;\"><span class=\"separator-holder separator-left\"><\/span>Evolution range<span class=\"separator-holder separator-right\"><\/span><\/div><\/div><div class=\"ult-spacer spacer-69e2262546d54\" data-id=\"69e2262546d54\" data-height=\"40\" data-height-mobile=\"40\" data-height-tab=\"40\" data-height-tab-portrait=\"40\" data-height-mobile-landscape=\"40\" style=\"clear:both;display:block;\"><\/div>[vc_row_inner][vc_column_inner][vc_column_text]Die Linie <strong>EVOLUTION<\/strong> ist entwickelt worden, um mit ihrem einbaubaren Zubeh\u00f6r wirklich allen Bed\u00fcrfnissen gen\u00fcgen zu k\u00f6nnen: Sie vereint <strong>gro\u00dfe Arbeitsmengen und Optimierung des verf\u00fcgbaren Platzes<\/strong>, vereinfacht die Arbeit des Bedieners und reduziert den Verbrauch. Die Modelle dieser Linie sind mit einem <strong>doppelten Filtersystem<\/strong> ausger\u00fcstet, das alle R\u00fcckst\u00e4nde herausfiltert, w\u00e4hrend die vertikalen Sp\u00fclpumpen und die Sp\u00fclarme aus Edelstahl f\u00fcr <strong>hohe Leistungen<\/strong> sorgen. Die Modelle Evolution sind au\u00dferdem mit <strong>gewichtsausgeglichenen, doppelwandigen T\u00fcren,<\/strong> einem Fallschutzsystem und <strong>formgepressten, abgerundeten Tanks<\/strong> ausger\u00fcstet.[\/vc_column_text][\/vc_column_inner][\/vc_row_inner]<div class=\"ult-spacer spacer-69e2262546d6c\" data-id=\"69e2262546d6c\" data-height=\"40\" data-height-mobile=\"40\" data-height-tab=\"40\" data-height-tab-portrait=\"40\" data-height-mobile-landscape=\"40\" style=\"clear:both;display:block;\"><\/div>[\/vc_column][\/vc_row]<\/p>\n<\/div>","protected":false},"excerpt":{"rendered":"<p>[vc_row][vc_column][vc_row_inner][vc_column_inner][vc_column_text]Die Linie EVOLUTION ist entwickelt worden, um mit ihrem einbaubaren Zubeh\u00f6r wirklich allen Bed\u00fcrfnissen gen\u00fcgen zu k\u00f6nnen: Sie vereint gro\u00dfe Arbeitsmengen und Optimierung des verf\u00fcgbaren Platzes, vereinfacht die Arbeit des Bedieners und reduziert den Verbrauch. Die Modelle dieser Linie sind mit einem doppelten Filtersystem ausger\u00fcstet, das alle R\u00fcckst\u00e4nde herausfiltert, w\u00e4hrend die vertikalen Sp\u00fclpumpen und die&hellip;<\/p>\n","protected":false},"author":1,"featured_media":0,"parent":16876,"menu_order":0,"comment_status":"closed","ping_status":"closed","template":"tax-linea.php","meta":{"_acf_changed":false,"footnotes":""},"class_list":["post-16954","page","type-page","status-publish","hentry","description-off"],"acf":[],"_links":{"self":[{"href":"https:\/\/www.krupps.com\/de\/wp-json\/wp\/v2\/pages\/16954","targetHints":{"allow":["GET"]}}],"collection":[{"href":"https:\/\/www.krupps.com\/de\/wp-json\/wp\/v2\/pages"}],"about":[{"href":"https:\/\/www.krupps.com\/de\/wp-json\/wp\/v2\/types\/page"}],"author":[{"embeddable":true,"href":"https:\/\/www.krupps.com\/de\/wp-json\/wp\/v2\/users\/1"}],"replies":[{"embeddable":true,"href":"https:\/\/www.krupps.com\/de\/wp-json\/wp\/v2\/comments?post=16954"}],"version-history":[{"count":3,"href":"https:\/\/www.krupps.com\/de\/wp-json\/wp\/v2\/pages\/16954\/revisions"}],"predecessor-version":[{"id":29843,"href":"https:\/\/www.krupps.com\/de\/wp-json\/wp\/v2\/pages\/16954\/revisions\/29843"}],"up":[{"embeddable":true,"href":"https:\/\/www.krupps.com\/de\/wp-json\/wp\/v2\/pages\/16876"}],"wp:attachment":[{"href":"https:\/\/www.krupps.com\/de\/wp-json\/wp\/v2\/media?parent=16954"}],"curies":[{"name":"wp","href":"https:\/\/api.w.org\/{rel}","templated":true}]}}