	{"id":16058,"date":"2017-09-05T17:32:21","date_gmt":"2017-09-05T15:32:21","guid":{"rendered":"http:\/\/demowp001.stamyna.com\/?page_id=16058\/"},"modified":"2022-01-04T14:26:34","modified_gmt":"2022-01-04T13:26:34","slug":"uniko-ikloud","status":"publish","type":"page","link":"https:\/\/www.krupps.com\/de\/uniko-ikloud\/","title":{"rendered":"UNIKO &amp; IKLOUD"},"content":{"rendered":"<div class=\"wpb-content-wrapper\"><p>[vc_row][vc_column 0=&#8220;&#8220;]<div class=\"ult-spacer spacer-69e22624b6977\" data-id=\"69e22624b6977\" data-height=\"40\" data-height-mobile=\"20\" data-height-tab=\"40\" data-height-tab-portrait=\"40\" data-height-mobile-landscape=\"20\" style=\"clear:both;display:block;\"><\/div><div class=\"dt-fancy-separator title-left h1-size style-disabled\" style=\"width: 100%;\"><div class=\"dt-fancy-title\" style=\"color: #ffbf00;\"><span class=\"separator-holder separator-left\"><\/span>UNIKO &amp; IKLOUD<span class=\"separator-holder separator-right\"><\/span><\/div><\/div><div class=\"ult-spacer spacer-69e22624b69ec\" data-id=\"69e22624b69ec\" data-height=\"40\" data-height-mobile=\"20\" data-height-tab=\"40\" data-height-tab-portrait=\"40\" data-height-mobile-landscape=\"20\" style=\"clear:both;display:block;\"><\/div>[\/vc_column][\/vc_row][vc_row][vc_column width=&#8220;2\/3&#8243;][vc_column_text]<strong>UNIKO &amp; IKLOUD<\/strong> sind die beiden Technologien, die die Welt des professionellen Geschirrsp\u00fclens ver\u00e4ndern und professionelle Geschirrsp\u00fclsysteme in einer sich st\u00e4ndig weiterentwickelnden Welt neu definieren. Die Kombination der beiden Ger\u00e4te f\u00fchrt zu einem neuen Konzept in der K\u00fcche, bei dem der Geschirrsp\u00fcler zum unbestrittenen Protagonisten wird, der in der Lage ist, die von der Brigade zubereiteten Speisen zu veredeln, aber auch mit dem technischen Kundendienst zu kommunizieren, um ein einwandfreies Sp\u00fclergebnis zu gew\u00e4hrleisten.<\/p>\n<p>&nbsp;<\/p>\n<h3>Entdecken Sie <strong>UNIKO<\/strong>, das Touchscreen-Schalttafel der neuesten Generation<\/h3>\n<p>Das neue UNIKO-Touchscreen-Display aus geh\u00e4rtetem Glas der neuesten Generation wurde mit einer auf den Gastronomen ausgerichteten Optik entwickelt. Elegant und raffiniert sticht seine sehr klare und gut sichtbare benutzerfreundliche Oberfl\u00e4che sofort ins Auge. Die praktische Starttaste variiert in Synergie mit dem Status des Geschirrsp\u00fclers, w\u00e4hrend eine Uhr den Fortschritt des Sp\u00fclgangs anzeigt. Um den Bed\u00fcrfnissen jedes Kunden gerecht zu werden, ist UNIKO mit verschiedenen Waschzyklen ausgestattet, die durch praktische Symbole dargestellt werden, die den Zyklus anhand des zu waschenden Geschirrs identifizieren, wodurch ein Gro\u00dfteil der Schulung des Personals entf\u00e4llt und immer ein einwandfreies Waschen durch einfaches Ausw\u00e4hlen eines Symbols garantiert wird. Die st\u00e4ndige Selbstdiagnosefunktion erm\u00f6glicht es UNIKO, die Maschinenstillstandszeiten auf ein Minimum zu reduzieren, bereits einige einfache Ma\u00dfnahmen vorzuschlagen und eine Benachrichtigung direkt an den Techniker zu senden (f\u00fcr die Echtzeit-Technikerbenachrichtigungsfunktion muss das Ger\u00e4t mit IKLOUD verbunden sein). Unser Ziel ist es, stets hervorragende Ergebnisse zu garantieren. Deshalb warnt Sie der Geschirrsp\u00fcler, wenn die planm\u00e4\u00dfige Wartung erforderlich ist.[\/vc_column_text]<div class=\"ult-spacer spacer-69e22624b6a04\" data-id=\"69e22624b6a04\" data-height=\"40\" data-height-mobile=\"20\" data-height-tab=\"40\" data-height-tab-portrait=\"40\" data-height-mobile-landscape=\"20\" style=\"clear:both;display:block;\"><\/div>[vc_single_image image=&#8220;17588&#8243; img_size=&#8220;large&#8220;][\/vc_column][vc_column width=&#8220;1\/3&#8243;]<div class=\"ult-spacer spacer-69e22624b6a17\" data-id=\"69e22624b6a17\" data-height=\"40\" data-height-mobile=\"20\" data-height-tab=\"40\" data-height-tab-portrait=\"40\" data-height-mobile-landscape=\"20\" style=\"clear:both;display:block;\"><\/div><div class=\"dt-fancy-separator title-color accent-border-color\" style=\"width: 100%;\"><div class=\"dt-fancy-title\"><span class=\"separator-holder separator-left\"><\/span>Entdecken Sie die 20 w\u00e4hlbaren Zyklen:<span class=\"separator-holder separator-right\"><\/span><\/div><\/div><div class=\"ult-spacer spacer-69e22624b6a42\" data-id=\"69e22624b6a42\" data-height=\"100\" data-height-mobile=\"50\" data-height-tab=\"100\" data-height-tab-portrait=\"50\" data-height-mobile-landscape=\"50\" style=\"clear:both;display:block;\"><\/div><div id=\"ult-carousel-282663730169e22624b6b05\" class=\"ult-carousel-wrapper   ult_horizontal\" data-gutter=\"15\" data-rtl=\"false\" ><div class=\"ult-carousel-142798983069e22624b6a82 \" >[vc_single_image image=&#8220;16822&#8243; img_size=&#8220;&#8220; alignment=&#8220;center&#8220; image_hovers=&#8220;false&#8220;][vc_single_image image=&#8220;16823&#8243; img_size=&#8220;&#8220; alignment=&#8220;center&#8220;][vc_single_image image=&#8220;16827&#8243; img_size=&#8220;&#8220; alignment=&#8220;center&#8220;][vc_single_image image=&#8220;16828&#8243; img_size=&#8220;&#8220; alignment=&#8220;center&#8220;][vc_single_image image=&#8220;16829&#8243; img_size=&#8220;&#8220; alignment=&#8220;center&#8220;][vc_single_image image=&#8220;16830&#8243; img_size=&#8220;&#8220; alignment=&#8220;center&#8220;][vc_single_image image=&#8220;16831&#8243; img_size=&#8220;&#8220; alignment=&#8220;center&#8220;][vc_single_image image=&#8220;16833&#8243; img_size=&#8220;&#8220; alignment=&#8220;center&#8220;][vc_single_image image=&#8220;16834&#8243; img_size=&#8220;&#8220; alignment=&#8220;center&#8220;][vc_single_image image=&#8220;16835&#8243; img_size=&#8220;&#8220; alignment=&#8220;center&#8220;][vc_single_image image=&#8220;16837&#8243; img_size=&#8220;&#8220; alignment=&#8220;center&#8220;][vc_single_image image=&#8220;16839&#8243; img_size=&#8220;&#8220; alignment=&#8220;center&#8220;][vc_single_image image=&#8220;16840&#8243; img_size=&#8220;&#8220; alignment=&#8220;center&#8220;][vc_single_image image=&#8220;16841&#8243; img_size=&#8220;&#8220; alignment=&#8220;center&#8220;][vc_single_image image=&#8220;16842&#8243; img_size=&#8220;&#8220; alignment=&#8220;center&#8220;][vc_single_image image=&#8220;16843&#8243; img_size=&#8220;&#8220; alignment=&#8220;center&#8220;][vc_single_image image=&#8220;16844&#8243; img_size=&#8220;&#8220; alignment=&#8220;center&#8220;][vc_single_image image=&#8220;16845&#8243; img_size=&#8220;&#8220; alignment=&#8220;center&#8220;]<\/div><\/div>\t\t\t<script type=\"text\/javascript\">\n\t\t\t\tjQuery(document).ready(function ($) {\n\t\t\t\t\tif( typeof jQuery('.ult-carousel-142798983069e22624b6a82').slick == \"function\"){\n\t\t\t\t\t\t$('.ult-carousel-142798983069e22624b6a82').slick({dots: false,autoplay: true,autoplaySpeed: \"2000\",speed: \"300\",infinite: true,arrows: true,nextArrow: '<button type=\"button\" role=\"button\" aria-label=\"Next\" style=\"color:#333333; font-size:20px;\" class=\"slick-next default\"><i class=\"ultsl-arrow-right4\"><\/i><\/button>',prevArrow: '<button type=\"button\" role=\"button\" aria-label=\"Previous\" style=\"color:#333333; font-size:20px;\" class=\"slick-prev default\"><i class=\"ultsl-arrow-left4\"><\/i><\/button>',slidesToScroll:1,slidesToShow:1,swipe: true,draggable: true,touchMove: true,pauseOnHover: true,pauseOnFocus: false,responsive: [\n\t\t\t\t\t\t\t{\n\t\t\t\t\t\t\t  breakpoint: 1026,\n\t\t\t\t\t\t\t  settings: {\n\t\t\t\t\t\t\t\tslidesToShow: 1,\n\t\t\t\t\t\t\t\tslidesToScroll: 1,  \n\t\t\t\t\t\t\t  }\n\t\t\t\t\t\t\t},\n\t\t\t\t\t\t\t{\n\t\t\t\t\t\t\t  breakpoint: 1025,\n\t\t\t\t\t\t\t  settings: {\n\t\t\t\t\t\t\t\tslidesToShow: 1,\n\t\t\t\t\t\t\t\tslidesToScroll: 1\n\t\t\t\t\t\t\t  }\n\t\t\t\t\t\t\t},\n\t\t\t\t\t\t\t{\n\t\t\t\t\t\t\t  breakpoint: 760,\n\t\t\t\t\t\t\t  settings: {\n\t\t\t\t\t\t\t\tslidesToShow: 1,\n\t\t\t\t\t\t\t\tslidesToScroll: 1\n\t\t\t\t\t\t\t  }\n\t\t\t\t\t\t\t}\n\t\t\t\t\t\t],pauseOnDotsHover: true,customPaging: function(slider, i) {\n                   return '<i type=\"button\" style= \"color:#333333;\" class=\"ultsl-record\" data-role=\"none\"><\/i>';\n                },});\n\t\t\t\t\t}\n\t\t\t\t});\n\t\t\t<\/script>\n\t\t\t[\/vc_column][\/vc_row][vc_row][vc_column width=&#8220;2\/3&#8243;][vc_column_text]<\/p>\n<h3>Es hei\u00dft Zukunft, es steht geschrieben <strong>IKLOUD<\/strong><\/h3>\n<p>Warum sollte ein Gastronom f\u00fcr IKLOUD w\u00e4hlen? Um die Effizienz Ihrer R\u00e4umlichkeiten zu verbessern und die Kundenzufriedenheit zu steigern. Um die Effizienz Ihrer Bar zu verbessern und die Kundenzufriedenheit zu erh\u00f6hen. Dank IKLOUD sind Sie immer mit Ihrem Geschirrsp\u00fcler verbunden, um den Verbrauch zu optimieren, insbesondere wenn er zwischen den einzelnen Diensten unn\u00f6tigerweise vergessen wird, und den Status zu \u00fcberpr\u00fcfen.<\/p>\n<p>Gleichzeitig ist sogar der <strong>Techniker immer in Echtzeit verbunden<\/strong> und hat so die M\u00f6glichkeit, die Parameter des Geschirrsp\u00fclers sofort nach Ihren Bed\u00fcrfnissen zu \u00e4ndern und Ihnen einen unvergleichlichen Service zu bieten. Tats\u00e4chlich kann der Techniker \u00fcber IKLOUD <strong>aus der Ferne auf die Maschine zugreifen und alle Modifikationen durchf\u00fchren<\/strong>, die er am Display vornehmen w\u00fcrde.<\/p>\n<p>&nbsp;<\/p>\n<p>Sehen Sie sich das Pr\u00e4sentationsvideo an und konsultieren Sie unsere Brosch\u00fcre, indem Sie hier klicken! <a href=\"https:\/\/www.krupps.com\/wp-content\/uploads\/2022\/01\/2021-09-08-KRUPPS-IKLOUD_DE_web.pdf\" target=\"_blank\" rel=\"noopener noreferrer\">hier klicken<\/a>![\/vc_column_text][\/vc_column][vc_column width=&#8220;1\/3&#8243;][vc_single_image image=&#8220;16066&#8243; img_size=&#8220;200&#215;144&#8243; alignment=&#8220;center&#8220; css=&#8220;.vc_custom_1508073141771{margin-top: 0px !important;margin-right: 0px !important;margin-bottom: 0px !important;margin-left: 0px !important;padding-top: 0px !important;padding-right: 0px !important;padding-bottom: 0px !important;padding-left: 0px !important;}&#8220;][\/vc_column][\/vc_row][vc_row][vc_column]<div class=\"ult-spacer spacer-69e22624b6b59\" data-id=\"69e22624b6b59\" data-height=\"30\" data-height-mobile=\"20\" data-height-tab=\"30\" data-height-tab-portrait=\"30\" data-height-mobile-landscape=\"20\" style=\"clear:both;display:block;\"><\/div>[vc_row_inner][vc_column_inner][vc_column_text]<\/p>\n<h4>Es ist Zeit f\u00fcr Innovation, es ist Zeit f\u00fcr IKLOUD<\/h4>\n<p>[\/vc_column_text][\/vc_column_inner][\/vc_row_inner][vc_video link=&#8220;https:\/\/www.youtube.com\/watch?v=TUJbFTuwdjs&#8220;]<div class=\"ult-spacer spacer-69e22624b6b70\" data-id=\"69e22624b6b70\" data-height=\"30\" data-height-mobile=\"20\" data-height-tab=\"30\" data-height-tab-portrait=\"30\" data-height-mobile-landscape=\"20\" style=\"clear:both;display:block;\"><\/div>[vc_column_text]<strong>IKLOUD: der beste Service f\u00fcr Ihren professionellen Geschirrsp\u00fcler<\/strong>[\/vc_column_text][vc_video link=&#8220;https:\/\/www.youtube.com\/watch?v=-d27MBtWgOg&#8220;][\/vc_column][\/vc_row]<\/p>\n<\/div>","protected":false},"excerpt":{"rendered":"<p>[vc_row][vc_column 0=&#8220;&#8220;][\/vc_column][\/vc_row][vc_row][vc_column width=&#8220;2\/3&#8243;][vc_column_text]UNIKO &amp; IKLOUD sind die beiden Technologien, die die Welt des professionellen Geschirrsp\u00fclens ver\u00e4ndern und professionelle Geschirrsp\u00fclsysteme in einer sich st\u00e4ndig weiterentwickelnden Welt neu definieren. Die Kombination der beiden Ger\u00e4te f\u00fchrt zu einem neuen Konzept in der K\u00fcche, bei dem der Geschirrsp\u00fcler zum unbestrittenen Protagonisten wird, der in der Lage ist, die von&hellip;<\/p>\n","protected":false},"author":3,"featured_media":0,"parent":0,"menu_order":3,"comment_status":"closed","ping_status":"closed","template":"","meta":{"_acf_changed":false,"footnotes":""},"class_list":["post-16058","page","type-page","status-publish","hentry","description-off"],"acf":[],"_links":{"self":[{"href":"https:\/\/www.krupps.com\/de\/wp-json\/wp\/v2\/pages\/16058","targetHints":{"allow":["GET"]}}],"collection":[{"href":"https:\/\/www.krupps.com\/de\/wp-json\/wp\/v2\/pages"}],"about":[{"href":"https:\/\/www.krupps.com\/de\/wp-json\/wp\/v2\/types\/page"}],"author":[{"embeddable":true,"href":"https:\/\/www.krupps.com\/de\/wp-json\/wp\/v2\/users\/3"}],"replies":[{"embeddable":true,"href":"https:\/\/www.krupps.com\/de\/wp-json\/wp\/v2\/comments?post=16058"}],"version-history":[{"count":6,"href":"https:\/\/www.krupps.com\/de\/wp-json\/wp\/v2\/pages\/16058\/revisions"}],"predecessor-version":[{"id":26777,"href":"https:\/\/www.krupps.com\/de\/wp-json\/wp\/v2\/pages\/16058\/revisions\/26777"}],"wp:attachment":[{"href":"https:\/\/www.krupps.com\/de\/wp-json\/wp\/v2\/media?parent=16058"}],"curies":[{"name":"wp","href":"https:\/\/api.w.org\/{rel}","templated":true}]}}